{"id":12801,"date":"2025-02-12T15:15:06","date_gmt":"2025-02-12T15:15:06","guid":{"rendered":"https:\/\/freeshopswiss.alesca.org\/?post_type=product&#038;p=12801"},"modified":"2025-04-09T14:21:59","modified_gmt":"2025-04-09T14:21:59","slug":"burberry-hero-eau-de-parfum-100ml","status":"publish","type":"product","link":"https:\/\/www.freeshopfrontiera.ch\/fr\/shop\/burberry-hero-eau-de-parfum-100ml\/","title":{"rendered":"BURBERRY Hero Eau de Parfum 100ml"},"content":{"rendered":"<p data-start=\"2856\" data-end=\"3844\">L<strong>\u2019Eau de Parfum Burberry Hero<\/strong> explore un nouveau c\u00f4t\u00e9 s\u00e9duisant de l\u2019h\u00e9ro\u00efsme : le courage d\u2019accepter qui l\u2019on est r\u00e9ellement.<\/p>\n<p data-start=\"2856\" data-end=\"3844\">Ce parfum incarne un homme en qu\u00eate de lui-m\u00eame, une mentalit\u00e9 curieuse avec une sensibilit\u00e9 centr\u00e9e. Son \u00e9nergie d\u00e9gage une douce tranquillit\u00e9 d\u2019esprit, symbolis\u00e9e par la pr\u00e9sence du cheval, une cr\u00e9ature puissante qui incarne la force de notre h\u00e9ros. La base reconnaissable de cette fragrance masculine repose sur un trio d\u2019huiles chaudes de bois de c\u00e8dre, qui culmine en une explosion fra\u00eeche et lumineuse.<\/p>\n<p data-start=\"2856\" data-end=\"3844\">Le parfum s&rsquo;ouvre sur des notes vibrantes d\u2019aiguilles de pin, qui se m\u00ealent au benjoin et \u00e0 l\u2019encens, cr\u00e9ant une fusion intense profond\u00e9ment sensuelle. Burberry Hero est parfait pour l\u2019homme qui recherche une fragrance sophistiqu\u00e9e mais audacieuse, le choix id\u00e9al pour chaque occasion, laissant une tra\u00een\u00e9e ind\u00e9l\u00e9bile d\u2019\u00e9l\u00e9gance et de courage.<\/p>\n<p>Suivez toutes nos actualit\u00e9s ! <a href=\"https:\/\/www.instagram.com\/freeshopswiss\/\" target=\"_blank\" rel=\"noopener\">@freeshopswiss<\/a><\/p>\n","protected":false},"excerpt":{"rendered":"<p><em><strong>Eau de Parfum<\/strong><\/em><\/p>\n","protected":false},"featured_media":12804,"comment_status":"open","ping_status":"closed","template":"","meta":[],"pwb-brand":[261],"product_brand":[],"product_cat":[87,89],"product_tag":[252,1629,278,97],"class_list":{"0":"post-12801","1":"product","2":"type-product","3":"status-publish","4":"has-post-thumbnail","6":"pwb-brand-burberry","7":"product_cat-parfums","8":"product_cat-pour-lui","9":"product_tag-eau-de-parfum-fr","10":"product_tag-mens-fragrances-fr","11":"product_tag-offre","12":"product_tag-parfums","14":"first","15":"instock","16":"sale","17":"taxable","18":"shipping-taxable","19":"purchasable","20":"product-type-simple"},"brands":[{"id":261,"name":"Burberry","slug":"burberry"}],"_links":{"self":[{"href":"https:\/\/www.freeshopfrontiera.ch\/fr\/wp-json\/wp\/v2\/product\/12801","targetHints":{"allow":["GET"]}}],"collection":[{"href":"https:\/\/www.freeshopfrontiera.ch\/fr\/wp-json\/wp\/v2\/product"}],"about":[{"href":"https:\/\/www.freeshopfrontiera.ch\/fr\/wp-json\/wp\/v2\/types\/product"}],"replies":[{"embeddable":true,"href":"https:\/\/www.freeshopfrontiera.ch\/fr\/wp-json\/wp\/v2\/comments?post=12801"}],"version-history":[{"count":5,"href":"https:\/\/www.freeshopfrontiera.ch\/fr\/wp-json\/wp\/v2\/product\/12801\/revisions"}],"predecessor-version":[{"id":24429,"href":"https:\/\/www.freeshopfrontiera.ch\/fr\/wp-json\/wp\/v2\/product\/12801\/revisions\/24429"}],"wp:featuredmedia":[{"embeddable":true,"href":"https:\/\/www.freeshopfrontiera.ch\/fr\/wp-json\/wp\/v2\/media\/12804"}],"wp:attachment":[{"href":"https:\/\/www.freeshopfrontiera.ch\/fr\/wp-json\/wp\/v2\/media?parent=12801"}],"wp:term":[{"taxonomy":"pwb-brand","embeddable":true,"href":"https:\/\/www.freeshopfrontiera.ch\/fr\/wp-json\/wp\/v2\/pwb-brand?post=12801"},{"taxonomy":"product_brand","embeddable":true,"href":"https:\/\/www.freeshopfrontiera.ch\/fr\/wp-json\/wp\/v2\/product_brand?post=12801"},{"taxonomy":"product_cat","embeddable":true,"href":"https:\/\/www.freeshopfrontiera.ch\/fr\/wp-json\/wp\/v2\/product_cat?post=12801"},{"taxonomy":"product_tag","embeddable":true,"href":"https:\/\/www.freeshopfrontiera.ch\/fr\/wp-json\/wp\/v2\/product_tag?post=12801"}],"curies":[{"name":"wp","href":"https:\/\/api.w.org\/{rel}","templated":true}]}}