{"id":12843,"date":"2025-02-12T16:23:35","date_gmt":"2025-02-12T16:23:35","guid":{"rendered":"https:\/\/freeshopswiss.alesca.org\/?post_type=product&#038;p=12843"},"modified":"2025-03-12T11:13:21","modified_gmt":"2025-03-12T11:13:21","slug":"tom-ford-noir-extreme-eau-de-parfum-50ml","status":"publish","type":"product","link":"https:\/\/www.freeshopfrontiera.ch\/fr\/shop\/tom-ford-noir-extreme-eau-de-parfum-50ml\/","title":{"rendered":"TOM FORD Noir Extreme 50ml"},"content":{"rendered":"<p data-start=\"74\" data-end=\"233\"><strong>Tom Ford Noir Extreme Eau de Parfum<\/strong> est une fragrance riche et s\u00e9duisante qui exprime l&rsquo;intensit\u00e9 et le charme d&rsquo;un homme s\u00fbr de lui, sophistiqu\u00e9 et audacieux.<\/p>\n<p data-start=\"235\" data-end=\"716\">La fragrance est bois\u00e9e-ambr\u00e9e, avec des notes de c\u0153ur ambr\u00e9es et une intense charge de s\u00e9duction. Noir Extreme pousse \u00e0 l&rsquo;extr\u00eame le raffinement, cr\u00e9ant un contraste magn\u00e9tique qui s\u00e9duit et fascine \u00e0 chaque nuance. Elle s&rsquo;ouvre sur une harmonie de notes \u00e9pic\u00e9es et d&rsquo;agrumes, dont le mandarine et le n\u00e9roli du Nord de l&rsquo;Afrique, qui contrastent avec l&rsquo;intensit\u00e9 d&rsquo;un m\u00e9lange de safran, cardamome et muscade. Cela cr\u00e9e une aura charismatique d&rsquo;un homme qui ne cesse de surprendre.<\/p>\n<p data-start=\"718\" data-end=\"1214\">Le c\u0153ur de la fragrance est caract\u00e9ris\u00e9 par le kulfi indien, une d\u00e9licatesse royale de la dynastie Moghol, faite de lait, de pistache et de neige himalayenne. Cet accord surprenant envahit le c\u0153ur de la composition, cr\u00e9ant une sensation de douceur chaude qui se fond parfaitement avec la r\u00e9sine de lentisque. Tom Ford Noir Extreme est une fragrance qui exprime l&rsquo;aspect impeccable ext\u00e9rieur d&rsquo;un homme, associ\u00e9 \u00e0 sa nature la plus fascinante et intime, pour une exp\u00e9rience olfactive incomparable.<\/p>\n<p data-start=\"1216\" data-end=\"1371\">Tom Ford Noir Extreme est parfait pour l&rsquo;homme qui souhaite laisser une empreinte ind\u00e9l\u00e9bile o\u00f9 qu&rsquo;il aille, id\u00e9al pour le soir et les occasions sp\u00e9ciales.<\/p>\n<p>Suivez toutes nos actualit\u00e9s ! <a href=\"https:\/\/www.instagram.com\/freeshopswiss\/\" target=\"_blank\" rel=\"noopener\">@freeshopswiss<\/a><\/p>\n","protected":false},"excerpt":{"rendered":"<p><em><strong>Eau de Parfum<\/strong><\/em><\/p>\n","protected":false},"featured_media":12847,"comment_status":"open","ping_status":"closed","template":"","meta":[],"pwb-brand":[396],"product_brand":[],"product_cat":[87,89],"product_tag":[252,1629,278,97],"class_list":{"0":"post-12843","1":"product","2":"type-product","3":"status-publish","4":"has-post-thumbnail","6":"pwb-brand-tom-ford","7":"product_cat-parfums","8":"product_cat-pour-lui","9":"product_tag-eau-de-parfum-fr","10":"product_tag-mens-fragrances-fr","11":"product_tag-offre","12":"product_tag-parfums","14":"first","15":"instock","16":"sale","17":"taxable","18":"shipping-taxable","19":"purchasable","20":"product-type-simple"},"brands":[{"id":396,"name":"Tom Ford","slug":"tom-ford"}],"_links":{"self":[{"href":"https:\/\/www.freeshopfrontiera.ch\/fr\/wp-json\/wp\/v2\/product\/12843","targetHints":{"allow":["GET"]}}],"collection":[{"href":"https:\/\/www.freeshopfrontiera.ch\/fr\/wp-json\/wp\/v2\/product"}],"about":[{"href":"https:\/\/www.freeshopfrontiera.ch\/fr\/wp-json\/wp\/v2\/types\/product"}],"replies":[{"embeddable":true,"href":"https:\/\/www.freeshopfrontiera.ch\/fr\/wp-json\/wp\/v2\/comments?post=12843"}],"version-history":[{"count":4,"href":"https:\/\/www.freeshopfrontiera.ch\/fr\/wp-json\/wp\/v2\/product\/12843\/revisions"}],"predecessor-version":[{"id":18340,"href":"https:\/\/www.freeshopfrontiera.ch\/fr\/wp-json\/wp\/v2\/product\/12843\/revisions\/18340"}],"wp:featuredmedia":[{"embeddable":true,"href":"https:\/\/www.freeshopfrontiera.ch\/fr\/wp-json\/wp\/v2\/media\/12847"}],"wp:attachment":[{"href":"https:\/\/www.freeshopfrontiera.ch\/fr\/wp-json\/wp\/v2\/media?parent=12843"}],"wp:term":[{"taxonomy":"pwb-brand","embeddable":true,"href":"https:\/\/www.freeshopfrontiera.ch\/fr\/wp-json\/wp\/v2\/pwb-brand?post=12843"},{"taxonomy":"product_brand","embeddable":true,"href":"https:\/\/www.freeshopfrontiera.ch\/fr\/wp-json\/wp\/v2\/product_brand?post=12843"},{"taxonomy":"product_cat","embeddable":true,"href":"https:\/\/www.freeshopfrontiera.ch\/fr\/wp-json\/wp\/v2\/product_cat?post=12843"},{"taxonomy":"product_tag","embeddable":true,"href":"https:\/\/www.freeshopfrontiera.ch\/fr\/wp-json\/wp\/v2\/product_tag?post=12843"}],"curies":[{"name":"wp","href":"https:\/\/api.w.org\/{rel}","templated":true}]}}