{"id":12978,"date":"2025-02-13T09:28:31","date_gmt":"2025-02-13T09:28:31","guid":{"rendered":"https:\/\/freeshopswiss.alesca.org\/?post_type=product&#038;p=12978"},"modified":"2025-12-15T09:08:26","modified_gmt":"2025-12-15T09:08:26","slug":"narciso-rodriguez-for-him-vetiver-musc-eau-de-toilette-50ml","status":"publish","type":"product","link":"https:\/\/www.freeshopfrontiera.ch\/fr\/shop\/narciso-rodriguez-for-him-vetiver-musc-eau-de-toilette-50ml\/","title":{"rendered":"NARCISO RODRIGUEZ For Him Vetiver Musc 50ml EdT"},"content":{"rendered":"<p data-start=\"2802\" data-end=\"3148\"><strong data-start=\"2802\" data-end=\"2865\">NARCISO RODRIGUEZ For Him Vetiver Musc Eau de Toilette 50ml<\/strong> est une fragrance \u00e9l\u00e9gante et sophistiqu\u00e9e, parfaite pour l&rsquo;homme moderne qui recherche un parfum intense mais \u00e9quilibr\u00e9. Cette Eau de Toilette se distingue par une harmonie unique de notes bois\u00e9es et musqu\u00e9es, cr\u00e9ant une sensation enveloppante et sensuelle, tout en \u00e9tant raffin\u00e9e.<\/p>\n<p data-start=\"3150\" data-end=\"3610\">La composition s&rsquo;ouvre sur une note captivante de v\u00e9tiver, qui apporte une fra\u00eecheur herbac\u00e9e et terreuse, \u00e9voquant des images d&rsquo;un paysage naturel et sauvage. Ces notes fra\u00eeches et bois\u00e9es se fondent d\u00e9licatement avec le c\u0153ur musqu\u00e9, un \u00e9l\u00e9ment signature de la ligne For Him, qui apporte de la profondeur et de la sensualit\u00e9 au parfum. L&rsquo;accord musqu\u00e9, doux et enveloppant, se m\u00eale \u00e0 la fra\u00eecheur du v\u00e9tiver, cr\u00e9ant une sensation d&rsquo;\u00e9l\u00e9gance naturelle.<\/p>\n<p data-start=\"3612\" data-end=\"3959\">La base de la fragrance est enrichie de notes de bois d&rsquo;ambre et de bois aromatiques, offrant une fondation chaude, intense et persistante. Ces bois pr\u00e9cieux ajoutent une touche de raffinement, faisant de cette Eau de Toilette le parfum id\u00e9al pour l&rsquo;homme qui souhaite se d\u00e9marquer avec subtilit\u00e9, laissant une tra\u00een\u00e9e \u00e9l\u00e9gante et durable.<\/p>\n<p data-start=\"3961\" data-end=\"4249\">Parfait pour les soir\u00e9es d&rsquo;automne et d&rsquo;hiver ou toute occasion n\u00e9cessitant un parfum sophistiqu\u00e9, NARCISO RODRIGUEZ For Him Vetiver Musc est un choix id\u00e9al pour ceux qui aiment les parfums bois\u00e9s et musqu\u00e9s, mais avec une d\u00e9licatesse qui le rend adapt\u00e9 \u00e0 une utilisation quotidienne.<\/p>\n<p>Suivez toutes nos actualit\u00e9s ! <a href=\"https:\/\/www.instagram.com\/freeshopswiss\/\" target=\"_blank\" rel=\"noopener\">@freeshopswiss<\/a><\/p>\n","protected":false},"excerpt":{"rendered":"<p><em><strong>Eau de Toilette<\/strong><\/em><\/p>\n","protected":false},"featured_media":12981,"comment_status":"open","ping_status":"closed","template":"","meta":[],"pwb-brand":[284],"product_brand":[],"product_cat":[87,89],"product_tag":[252,1629,278,97],"class_list":{"0":"post-12978","1":"product","2":"type-product","3":"status-publish","4":"has-post-thumbnail","6":"pwb-brand-narciso-rodriguez","7":"product_cat-parfums","8":"product_cat-pour-lui","9":"product_tag-eau-de-parfum-fr","10":"product_tag-mens-fragrances-fr","11":"product_tag-offre","12":"product_tag-parfums","14":"first","15":"instock","16":"sale","17":"taxable","18":"shipping-taxable","19":"purchasable","20":"product-type-simple"},"brands":[{"id":284,"name":"Narciso Rodriguez","slug":"narciso-rodriguez"}],"_links":{"self":[{"href":"https:\/\/www.freeshopfrontiera.ch\/fr\/wp-json\/wp\/v2\/product\/12978","targetHints":{"allow":["GET"]}}],"collection":[{"href":"https:\/\/www.freeshopfrontiera.ch\/fr\/wp-json\/wp\/v2\/product"}],"about":[{"href":"https:\/\/www.freeshopfrontiera.ch\/fr\/wp-json\/wp\/v2\/types\/product"}],"replies":[{"embeddable":true,"href":"https:\/\/www.freeshopfrontiera.ch\/fr\/wp-json\/wp\/v2\/comments?post=12978"}],"version-history":[{"count":5,"href":"https:\/\/www.freeshopfrontiera.ch\/fr\/wp-json\/wp\/v2\/product\/12978\/revisions"}],"predecessor-version":[{"id":37876,"href":"https:\/\/www.freeshopfrontiera.ch\/fr\/wp-json\/wp\/v2\/product\/12978\/revisions\/37876"}],"wp:featuredmedia":[{"embeddable":true,"href":"https:\/\/www.freeshopfrontiera.ch\/fr\/wp-json\/wp\/v2\/media\/12981"}],"wp:attachment":[{"href":"https:\/\/www.freeshopfrontiera.ch\/fr\/wp-json\/wp\/v2\/media?parent=12978"}],"wp:term":[{"taxonomy":"pwb-brand","embeddable":true,"href":"https:\/\/www.freeshopfrontiera.ch\/fr\/wp-json\/wp\/v2\/pwb-brand?post=12978"},{"taxonomy":"product_brand","embeddable":true,"href":"https:\/\/www.freeshopfrontiera.ch\/fr\/wp-json\/wp\/v2\/product_brand?post=12978"},{"taxonomy":"product_cat","embeddable":true,"href":"https:\/\/www.freeshopfrontiera.ch\/fr\/wp-json\/wp\/v2\/product_cat?post=12978"},{"taxonomy":"product_tag","embeddable":true,"href":"https:\/\/www.freeshopfrontiera.ch\/fr\/wp-json\/wp\/v2\/product_tag?post=12978"}],"curies":[{"name":"wp","href":"https:\/\/api.w.org\/{rel}","templated":true}]}}