{"id":13022,"date":"2025-02-13T10:04:29","date_gmt":"2025-02-13T10:04:29","guid":{"rendered":"https:\/\/freeshopswiss.alesca.org\/shop\/paco-rabanne-phantom-eau-de-parfum-intense\/"},"modified":"2025-03-12T11:09:26","modified_gmt":"2025-03-12T11:09:26","slug":"paco-rabanne-phantom-eau-de-parfum-intense","status":"publish","type":"product","link":"https:\/\/www.freeshopfrontiera.ch\/fr\/shop\/paco-rabanne-phantom-eau-de-parfum-intense\/","title":{"rendered":"Paco Rabanne Phantom Intense"},"content":{"rendered":"<p data-start=\"2582\" data-end=\"2891\"><strong data-start=\"2582\" data-end=\"2634\">Paco Rabanne Phantom Eau de Parfum Intense<\/strong>\u00a0est une fragrance audacieuse et futuriste, con\u00e7ue pour l&rsquo;homme qui aime se d\u00e9marquer avec une touche d&rsquo;originalit\u00e9 et d&rsquo;intensit\u00e9. Le parfum joue sur un m\u00e9lange de notes \u00e9nerg\u00e9tiques et sophistiqu\u00e9es, cr\u00e9ant une exp\u00e9rience olfactive unique et enveloppante.<\/p>\n<p data-start=\"2893\" data-end=\"3278\">L&rsquo;ouverture se distingue par une explosion fra\u00eeche et agrum\u00e9e de citron et lavande, apportant une vivacit\u00e9 p\u00e9tillante au parfum. Ces premi\u00e8res notes sont enrichies par la pr\u00e9sence de gousse de vanille, qui ajoute une douceur cr\u00e9meuse, tandis que le c\u0153ur du parfum r\u00e9v\u00e8le un m\u00e9lange \u00e9pic\u00e9 de cardamome et orange am\u00e8re, offrant une profondeur intrigante et sensuelle.<\/p>\n<p data-start=\"3280\" data-end=\"3739\">En fond, le parfum se d\u00e9veloppe sur une base chaude et enveloppante de bois de santal, patchouli et musc, cr\u00e9ant une tra\u00een\u00e9e persistante et sophistiqu\u00e9e qui laisse une impression durable. L&rsquo;alliance de la fra\u00eecheur agrum\u00e9e, des \u00e9pices aromatiques et des bois pr\u00e9cieux fait de Paco Rabanne Phantom Eau de Parfum Intense le parfum id\u00e9al pour ceux qui recherchent un parfum \u00e9nergique mais \u00e9l\u00e9gant, adapt\u00e9 aussi bien pour le jour que pour la nuit.<\/p>\n<p data-start=\"3741\" data-end=\"3918\">Id\u00e9al pour des occasions sp\u00e9ciales ou pour ceux qui souhaitent laisser une trace d&rsquo;originalit\u00e9 et de force, ce parfum est le compagnon parfait pour l&rsquo;homme moderne et audacieux.<\/p>\n<p>Suivez toutes nos actualit\u00e9s ! <a href=\"https:\/\/www.instagram.com\/freeshopswiss\/\" target=\"_blank\" rel=\"noopener\">@freeshopswiss<\/a><\/p>\n","protected":false},"excerpt":{"rendered":"<p><em><strong>Eau de Parfum<\/strong><\/em><\/p>\n","protected":false},"featured_media":13005,"comment_status":"open","ping_status":"closed","template":"","meta":[],"pwb-brand":[378],"product_brand":[],"product_cat":[87,89],"product_tag":[252,1629,143,97],"class_list":{"0":"post-13022","1":"product","2":"type-product","3":"status-publish","4":"has-post-thumbnail","6":"pwb-brand-rabanne","7":"product_cat-parfums","8":"product_cat-pour-lui","9":"product_tag-eau-de-parfum-fr","10":"product_tag-mens-fragrances-fr","11":"product_tag-homme","12":"product_tag-parfums","14":"first","15":"instock","16":"sale","17":"taxable","18":"shipping-taxable","19":"purchasable","20":"product-type-variable","21":"has-default-attributes"},"brands":[{"id":378,"name":"Rabanne","slug":"rabanne"}],"_links":{"self":[{"href":"https:\/\/www.freeshopfrontiera.ch\/fr\/wp-json\/wp\/v2\/product\/13022","targetHints":{"allow":["GET"]}}],"collection":[{"href":"https:\/\/www.freeshopfrontiera.ch\/fr\/wp-json\/wp\/v2\/product"}],"about":[{"href":"https:\/\/www.freeshopfrontiera.ch\/fr\/wp-json\/wp\/v2\/types\/product"}],"replies":[{"embeddable":true,"href":"https:\/\/www.freeshopfrontiera.ch\/fr\/wp-json\/wp\/v2\/comments?post=13022"}],"version-history":[{"count":4,"href":"https:\/\/www.freeshopfrontiera.ch\/fr\/wp-json\/wp\/v2\/product\/13022\/revisions"}],"predecessor-version":[{"id":18332,"href":"https:\/\/www.freeshopfrontiera.ch\/fr\/wp-json\/wp\/v2\/product\/13022\/revisions\/18332"}],"wp:featuredmedia":[{"embeddable":true,"href":"https:\/\/www.freeshopfrontiera.ch\/fr\/wp-json\/wp\/v2\/media\/13005"}],"wp:attachment":[{"href":"https:\/\/www.freeshopfrontiera.ch\/fr\/wp-json\/wp\/v2\/media?parent=13022"}],"wp:term":[{"taxonomy":"pwb-brand","embeddable":true,"href":"https:\/\/www.freeshopfrontiera.ch\/fr\/wp-json\/wp\/v2\/pwb-brand?post=13022"},{"taxonomy":"product_brand","embeddable":true,"href":"https:\/\/www.freeshopfrontiera.ch\/fr\/wp-json\/wp\/v2\/product_brand?post=13022"},{"taxonomy":"product_cat","embeddable":true,"href":"https:\/\/www.freeshopfrontiera.ch\/fr\/wp-json\/wp\/v2\/product_cat?post=13022"},{"taxonomy":"product_tag","embeddable":true,"href":"https:\/\/www.freeshopfrontiera.ch\/fr\/wp-json\/wp\/v2\/product_tag?post=13022"}],"curies":[{"name":"wp","href":"https:\/\/api.w.org\/{rel}","templated":true}]}}