{"id":13144,"date":"2025-02-13T12:17:49","date_gmt":"2025-02-13T12:17:49","guid":{"rendered":"https:\/\/freeshopswiss.alesca.org\/shop\/rabanne-lady-million-eau-de-parfum\/"},"modified":"2025-03-12T11:07:18","modified_gmt":"2025-03-12T11:07:18","slug":"rabanne-lady-million-eau-de-parfum","status":"publish","type":"product","link":"https:\/\/www.freeshopfrontiera.ch\/fr\/shop\/rabanne-lady-million-eau-de-parfum\/","title":{"rendered":"RABANNE Lady Million"},"content":{"rendered":"<p data-start=\"148\" data-end=\"399\"><strong data-start=\"148\" data-end=\"186\">RABANNE Lady Million Eau de Parfum<\/strong> est une fragrance douce et fruit\u00e9e-florale qui incarne l\u2019\u00e9l\u00e9gance et la puissance f\u00e9minine. Con\u00e7ue pour la femme audacieuse et sophistiqu\u00e9e, cette fragrance luxueuse est une c\u00e9l\u00e9bration de sa beaut\u00e9 irr\u00e9sistible.<\/p>\n<p data-start=\"401\" data-end=\"766\">L\u2019ouverture de Lady Million Eau de Parfum est fruit\u00e9e, fra\u00eeche et vibrante, avec un m\u00e9lange de fruits rouges et de citrus, apportant une sensation d\u2019\u00e9nergie et de vitalit\u00e9. Ces fruits d\u00e9licieux sont enrichis par la fleur d\u2019oranger, qui ajoute une note florale d\u00e9licate et persistante, cr\u00e9ant un d\u00e9but doux et fruit\u00e9 qui attire imm\u00e9diatement l\u2019attention.<\/p>\n<p data-start=\"768\" data-end=\"1053\">Au c\u0153ur de la fragrance, le jasmin se m\u00eale \u00e0 la gardenia, enrichissant la composition d\u2019un bouquet floral luxueux et l\u00e9ger, d\u00e9gageant sensualit\u00e9 et \u00e9l\u00e9gance. La gardenia, avec sa douceur, se fond avec la fra\u00eecheur verte du jasmin, cr\u00e9ant un effet floral raffin\u00e9 et enveloppant.<\/p>\n<p data-start=\"1055\" data-end=\"1385\">Le fond de Lady Million Eau de Parfum est captivant et sensuel gr\u00e2ce au miel, qui conf\u00e8re une douceur chaude et persistante. Le patchouli et le bois de c\u00e8dre ajoutent de la profondeur et de la sensualit\u00e9, cr\u00e9ant une base bois\u00e9e et riche qui prolonge la dur\u00e9e du parfum et laisse une tra\u00een\u00e9e unique et irr\u00e9sistible.<\/p>\n<p data-start=\"1387\" data-end=\"1777\">RABANNE Lady Million Eau de Parfum est id\u00e9al pour la femme qui aime \u00eatre au centre de l&rsquo;attention, avec une fragrance qui m\u00e9lange douceur, fra\u00eecheur et sensualit\u00e9. Parfait pour des soir\u00e9es sp\u00e9ciales, des \u00e9v\u00e9nements \u00e9l\u00e9gants ou pour toute occasion o\u00f9 vous souhaitez laisser une empreinte ind\u00e9l\u00e9bile, Lady Million est le parfum qui exprime puissance et raffinement dans chaque goutte.<\/p>\n<p data-start=\"1379\" data-end=\"1747\">Suivez toutes nos actualit\u00e9s ! <a href=\"https:\/\/www.instagram.com\/freeshopswiss\/\" target=\"_blank\" rel=\"noopener\">@freeshopswiss<\/a><\/p>\n","protected":false},"excerpt":{"rendered":"<p><em><strong>Eau de Parfum<\/strong><\/em><\/p>\n","protected":false},"featured_media":13136,"comment_status":"open","ping_status":"closed","template":"","meta":[],"pwb-brand":[378],"product_brand":[],"product_cat":[87,109],"product_tag":[252,296,5050,789,97],"class_list":{"0":"post-13144","1":"product","2":"type-product","3":"status-publish","4":"has-post-thumbnail","6":"pwb-brand-rabanne","7":"product_cat-parfums","8":"product_cat-pour-elle","9":"product_tag-eau-de-parfum-fr","10":"product_tag-femme","11":"product_tag-fete-des-meres","12":"product_tag-womens-fragrances-fr","13":"product_tag-parfums","15":"first","16":"instock","17":"sale","18":"taxable","19":"shipping-taxable","20":"purchasable","21":"product-type-variable","22":"has-default-attributes"},"brands":[{"id":378,"name":"Rabanne","slug":"rabanne"}],"_links":{"self":[{"href":"https:\/\/www.freeshopfrontiera.ch\/fr\/wp-json\/wp\/v2\/product\/13144","targetHints":{"allow":["GET"]}}],"collection":[{"href":"https:\/\/www.freeshopfrontiera.ch\/fr\/wp-json\/wp\/v2\/product"}],"about":[{"href":"https:\/\/www.freeshopfrontiera.ch\/fr\/wp-json\/wp\/v2\/types\/product"}],"replies":[{"embeddable":true,"href":"https:\/\/www.freeshopfrontiera.ch\/fr\/wp-json\/wp\/v2\/comments?post=13144"}],"version-history":[{"count":4,"href":"https:\/\/www.freeshopfrontiera.ch\/fr\/wp-json\/wp\/v2\/product\/13144\/revisions"}],"predecessor-version":[{"id":18324,"href":"https:\/\/www.freeshopfrontiera.ch\/fr\/wp-json\/wp\/v2\/product\/13144\/revisions\/18324"}],"wp:featuredmedia":[{"embeddable":true,"href":"https:\/\/www.freeshopfrontiera.ch\/fr\/wp-json\/wp\/v2\/media\/13136"}],"wp:attachment":[{"href":"https:\/\/www.freeshopfrontiera.ch\/fr\/wp-json\/wp\/v2\/media?parent=13144"}],"wp:term":[{"taxonomy":"pwb-brand","embeddable":true,"href":"https:\/\/www.freeshopfrontiera.ch\/fr\/wp-json\/wp\/v2\/pwb-brand?post=13144"},{"taxonomy":"product_brand","embeddable":true,"href":"https:\/\/www.freeshopfrontiera.ch\/fr\/wp-json\/wp\/v2\/product_brand?post=13144"},{"taxonomy":"product_cat","embeddable":true,"href":"https:\/\/www.freeshopfrontiera.ch\/fr\/wp-json\/wp\/v2\/product_cat?post=13144"},{"taxonomy":"product_tag","embeddable":true,"href":"https:\/\/www.freeshopfrontiera.ch\/fr\/wp-json\/wp\/v2\/product_tag?post=13144"}],"curies":[{"name":"wp","href":"https:\/\/api.w.org\/{rel}","templated":true}]}}