{"id":13179,"date":"2025-02-13T12:40:19","date_gmt":"2025-02-13T12:40:19","guid":{"rendered":"https:\/\/freeshopswiss.alesca.org\/?post_type=product&#038;p=13179"},"modified":"2025-03-12T11:07:01","modified_gmt":"2025-03-12T11:07:01","slug":"creed-millesime-men-silver-mountain-water-eau-de-parfum","status":"publish","type":"product","link":"https:\/\/www.freeshopfrontiera.ch\/fr\/shop\/creed-millesime-men-silver-mountain-water-eau-de-parfum\/","title":{"rendered":"CREED Millesime Men Silver Mountain Water"},"content":{"rendered":"<p data-start=\"166\" data-end=\"519\"><strong data-start=\"166\" data-end=\"231\">CREED Millesime Men Silver Mountain Water Eau de Parfum<\/strong>\u00a0est une fragrance fra\u00eeche, \u00e9nergisante et sophistiqu\u00e9e qui capture l&rsquo;essence de la puret\u00e9 naturelle et de la beaut\u00e9 des montagnes. Cr\u00e9\u00e9e pour l&rsquo;homme audacieux et dynamique, cette fragrance offre un \u00e9quilibre parfait entre fra\u00eecheur agrum\u00e9e, notes vertes et une base d\u00e9licatement bois\u00e9e.<\/p>\n<p data-start=\"521\" data-end=\"857\">L&rsquo;ouverture de Silver Mountain Water est une explosion de fra\u00eecheur avec des notes de bergamote et de mandarine, qui apportent une vivacit\u00e9 fruit\u00e9e. Ces notes agrum\u00e9es sont rapidement compl\u00e9t\u00e9es par le th\u00e9 vert, qui conf\u00e8re une sensation de fra\u00eecheur naturelle et de puret\u00e9, \u00e9voquant les eaux cristallines des montagnes.<\/p>\n<p data-start=\"859\" data-end=\"1214\">Le c\u0153ur de la composition d\u00e9voile un bouquet de galbanum et de fleurs d&rsquo;oranger, qui ajoutent des accents verts et floraux subtils. Le galbanum, avec son ar\u00f4me vert et l\u00e9g\u00e8rement \u00e9pic\u00e9, apporte une touche distinctive, tandis que les fleurs d&rsquo;oranger offrent une douceur florale et d\u00e9licate qui compl\u00e8te harmonieusement la fra\u00eecheur de l&rsquo;ouverture.<\/p>\n<p data-start=\"1216\" data-end=\"1533\">La base de Silver Mountain Water est domin\u00e9e par le musc, apportant une sensation enveloppante et sensuelle, et par le bois de cassis, qui ajoute une profondeur bois\u00e9e et l\u00e9g\u00e8rement fruit\u00e9e. Ces notes de fond \u00e9quilibrent parfaitement la fra\u00eecheur du parfum, laissant une empreinte persistante et \u00e9l\u00e9gante.<\/p>\n<p data-start=\"1535\" data-end=\"1836\">CREED Millesime Men Silver Mountain Water Eau de Parfum est id\u00e9al pour l&rsquo;homme \u00e0 la recherche d&rsquo;un parfum frais, raffin\u00e9 et durable, parfait pour le quotidien, les activit\u00e9s en plein air ou des occasions sp\u00e9ciales. Ce parfum incarne l&rsquo;\u00e9nergie pure de la nature et la force des montagnes enneig\u00e9es.<\/p>\n<p>Suivez toutes nos actualit\u00e9s! <a href=\"https:\/\/www.instagram.com\/freeshopswiss\/\" target=\"_blank\" rel=\"noopener\">@freeshopswiss<\/a><\/p>\n","protected":false},"excerpt":{"rendered":"<p><em><strong>Eau de Parfum<\/strong><\/em><\/p>\n","protected":false},"featured_media":17554,"comment_status":"open","ping_status":"closed","template":"","meta":[],"pwb-brand":[403],"product_brand":[],"product_cat":[87,89],"product_tag":[252,1629,143,97],"class_list":{"0":"post-13179","1":"product","2":"type-product","3":"status-publish","4":"has-post-thumbnail","6":"pwb-brand-creed","7":"product_cat-parfums","8":"product_cat-pour-lui","9":"product_tag-eau-de-parfum-fr","10":"product_tag-mens-fragrances-fr","11":"product_tag-homme","12":"product_tag-parfums","14":"first","15":"instock","16":"taxable","17":"shipping-taxable","18":"product-type-variable","19":"has-default-attributes"},"brands":[{"id":403,"name":"Creed","slug":"creed"}],"_links":{"self":[{"href":"https:\/\/www.freeshopfrontiera.ch\/fr\/wp-json\/wp\/v2\/product\/13179","targetHints":{"allow":["GET"]}}],"collection":[{"href":"https:\/\/www.freeshopfrontiera.ch\/fr\/wp-json\/wp\/v2\/product"}],"about":[{"href":"https:\/\/www.freeshopfrontiera.ch\/fr\/wp-json\/wp\/v2\/types\/product"}],"replies":[{"embeddable":true,"href":"https:\/\/www.freeshopfrontiera.ch\/fr\/wp-json\/wp\/v2\/comments?post=13179"}],"version-history":[{"count":4,"href":"https:\/\/www.freeshopfrontiera.ch\/fr\/wp-json\/wp\/v2\/product\/13179\/revisions"}],"predecessor-version":[{"id":18322,"href":"https:\/\/www.freeshopfrontiera.ch\/fr\/wp-json\/wp\/v2\/product\/13179\/revisions\/18322"}],"wp:featuredmedia":[{"embeddable":true,"href":"https:\/\/www.freeshopfrontiera.ch\/fr\/wp-json\/wp\/v2\/media\/17554"}],"wp:attachment":[{"href":"https:\/\/www.freeshopfrontiera.ch\/fr\/wp-json\/wp\/v2\/media?parent=13179"}],"wp:term":[{"taxonomy":"pwb-brand","embeddable":true,"href":"https:\/\/www.freeshopfrontiera.ch\/fr\/wp-json\/wp\/v2\/pwb-brand?post=13179"},{"taxonomy":"product_brand","embeddable":true,"href":"https:\/\/www.freeshopfrontiera.ch\/fr\/wp-json\/wp\/v2\/product_brand?post=13179"},{"taxonomy":"product_cat","embeddable":true,"href":"https:\/\/www.freeshopfrontiera.ch\/fr\/wp-json\/wp\/v2\/product_cat?post=13179"},{"taxonomy":"product_tag","embeddable":true,"href":"https:\/\/www.freeshopfrontiera.ch\/fr\/wp-json\/wp\/v2\/product_tag?post=13179"}],"curies":[{"name":"wp","href":"https:\/\/api.w.org\/{rel}","templated":true}]}}