{"id":13248,"date":"2025-02-13T14:47:29","date_gmt":"2025-02-13T14:47:29","guid":{"rendered":"https:\/\/freeshopswiss.alesca.org\/?post_type=product&#038;p=13248"},"modified":"2025-03-12T11:06:35","modified_gmt":"2025-03-12T11:06:35","slug":"rabanne-pure-xsfh-eau-de-parfum-80ml","status":"publish","type":"product","link":"https:\/\/www.freeshopfrontiera.ch\/fr\/shop\/rabanne-pure-xsfh-eau-de-parfum-80ml\/","title":{"rendered":"RABANNE Pure XSFH 80ml"},"content":{"rendered":"<p data-start=\"1372\" data-end=\"1667\"><strong data-start=\"1372\" data-end=\"1412\">RABANNE Pure XSFH Eau de Parfum 80ml<\/strong> est un parfum exclusif et sophistiqu\u00e9 qui repr\u00e9sente l&rsquo;essence de la modernit\u00e9 et du luxe. Un parfum audacieux qui capture l&rsquo;\u00e9nergie d&rsquo;une personnalit\u00e9 unique et confiante, parfait pour ceux qui souhaitent se distinguer et faire une d\u00e9claration de style.<\/p>\n<p data-start=\"1669\" data-end=\"1993\">Le parfum s&rsquo;ouvre sur un m\u00e9lange frais et vibrant de bergamote et de citron, cr\u00e9ant une ouverture p\u00e9tillante et \u00e9nergique. Cette fra\u00eecheur se fond rapidement dans le c\u0153ur floral, o\u00f9 l&rsquo;absolu de jasmin et l&rsquo;iris apportent une sensualit\u00e9 d\u00e9licate mais sophistiqu\u00e9e, conf\u00e9rant profondeur et caract\u00e8re au parfum.<\/p>\n<p data-start=\"1995\" data-end=\"2318\">La base de RABANNE Pure XSFH est caract\u00e9ris\u00e9e par des notes bois\u00e9es riches de c\u00e8dre et de patchouli, ajoutant une touche \u00e9l\u00e9gante et myst\u00e9rieuse. Ces notes bois\u00e9es sont enrichies par la douceur enveloppante de la vanille et la chaleur sensuelle du musc, laissant une tra\u00een\u00e9e persistante et irr\u00e9sistible.<\/p>\n<p data-start=\"2320\" data-end=\"2633\">RABANNE Pure XSFH Eau de Parfum est le parfum id\u00e9al pour ceux qui recherchent une fragrance qui incarne l&rsquo;\u00e9l\u00e9gance contemporaine avec une touche d&rsquo;audace. Parfait pour toute occasion sp\u00e9ciale, cette cr\u00e9ation olfactive laisse une impression durable et un sentiment de luxe qui vous accompagne toute la journ\u00e9e.<\/p>\n<p data-start=\"2802\" data-end=\"3148\">Suivez toutes nos actualit\u00e9s ! <a href=\"https:\/\/www.instagram.com\/freeshopswiss\/\" target=\"_blank\" rel=\"noopener\">@freeshopswiss<\/a><\/p>\n","protected":false},"excerpt":{"rendered":"<p><em><strong>Eau de Parfum<\/strong><\/em><\/p>\n","protected":false},"featured_media":13251,"comment_status":"open","ping_status":"closed","template":"","meta":[],"pwb-brand":[378],"product_brand":[],"product_cat":[87,109],"product_tag":[252,296,789,278,97],"class_list":{"0":"post-13248","1":"product","2":"type-product","3":"status-publish","4":"has-post-thumbnail","6":"pwb-brand-rabanne","7":"product_cat-parfums","8":"product_cat-pour-elle","9":"product_tag-eau-de-parfum-fr","10":"product_tag-femme","11":"product_tag-womens-fragrances-fr","12":"product_tag-offre","13":"product_tag-parfums","15":"first","16":"instock","17":"sale","18":"taxable","19":"shipping-taxable","20":"purchasable","21":"product-type-simple"},"brands":[{"id":378,"name":"Rabanne","slug":"rabanne"}],"_links":{"self":[{"href":"https:\/\/www.freeshopfrontiera.ch\/fr\/wp-json\/wp\/v2\/product\/13248","targetHints":{"allow":["GET"]}}],"collection":[{"href":"https:\/\/www.freeshopfrontiera.ch\/fr\/wp-json\/wp\/v2\/product"}],"about":[{"href":"https:\/\/www.freeshopfrontiera.ch\/fr\/wp-json\/wp\/v2\/types\/product"}],"replies":[{"embeddable":true,"href":"https:\/\/www.freeshopfrontiera.ch\/fr\/wp-json\/wp\/v2\/comments?post=13248"}],"version-history":[{"count":4,"href":"https:\/\/www.freeshopfrontiera.ch\/fr\/wp-json\/wp\/v2\/product\/13248\/revisions"}],"predecessor-version":[{"id":18319,"href":"https:\/\/www.freeshopfrontiera.ch\/fr\/wp-json\/wp\/v2\/product\/13248\/revisions\/18319"}],"wp:featuredmedia":[{"embeddable":true,"href":"https:\/\/www.freeshopfrontiera.ch\/fr\/wp-json\/wp\/v2\/media\/13251"}],"wp:attachment":[{"href":"https:\/\/www.freeshopfrontiera.ch\/fr\/wp-json\/wp\/v2\/media?parent=13248"}],"wp:term":[{"taxonomy":"pwb-brand","embeddable":true,"href":"https:\/\/www.freeshopfrontiera.ch\/fr\/wp-json\/wp\/v2\/pwb-brand?post=13248"},{"taxonomy":"product_brand","embeddable":true,"href":"https:\/\/www.freeshopfrontiera.ch\/fr\/wp-json\/wp\/v2\/product_brand?post=13248"},{"taxonomy":"product_cat","embeddable":true,"href":"https:\/\/www.freeshopfrontiera.ch\/fr\/wp-json\/wp\/v2\/product_cat?post=13248"},{"taxonomy":"product_tag","embeddable":true,"href":"https:\/\/www.freeshopfrontiera.ch\/fr\/wp-json\/wp\/v2\/product_tag?post=13248"}],"curies":[{"name":"wp","href":"https:\/\/api.w.org\/{rel}","templated":true}]}}