{"id":13276,"date":"2025-02-13T15:20:54","date_gmt":"2025-02-13T15:20:54","guid":{"rendered":"https:\/\/freeshopswiss.alesca.org\/?post_type=product&#038;p=13276"},"modified":"2025-03-12T11:05:04","modified_gmt":"2025-03-12T11:05:04","slug":"tom-ford-ombre-leather-parfum-eau-de-parfum","status":"publish","type":"product","link":"https:\/\/www.freeshopfrontiera.ch\/fr\/shop\/tom-ford-ombre-leather-parfum-eau-de-parfum\/","title":{"rendered":"TOM FORD Ombre Leather Parfum"},"content":{"rendered":"<p data-start=\"1469\" data-end=\"1849\"><strong data-start=\"1469\" data-end=\"1526\">TOM FORD Ombre Leather Parfum Eau de Parfum<\/strong>\u00a0est un parfum audacieux et sophistiqu\u00e9 qui incarne le luxe et la sensualit\u00e9 \u00e0 chaque vaporisation. Ce parfum riche et enveloppant est parfait pour ceux qui recherchent une exp\u00e9rience olfactive unique et intense qui laisse une impression durable. Ombre Leather est l&rsquo;essence du cuir raffin\u00e9, symbole de force et d&rsquo;\u00e9l\u00e9gance.<\/p>\n<p data-start=\"1851\" data-end=\"2278\">L&rsquo;ouverture de Ombre Leather Parfum est caract\u00e9ris\u00e9e par une note fra\u00eeche de cardamome, qui ajoute une touche \u00e9pic\u00e9e, suivie d&rsquo;un m\u00e9lange harmonieux de bergamote et de safran, apportant une l\u00e9g\u00e8ret\u00e9 et une vivacit\u00e9 initiale. Ce d\u00e9but p\u00e9tillant se transforme rapidement en une combinaison chaude et enveloppante de cuir et de patchouli, qui se m\u00ealent pour cr\u00e9er une structure olfactive riche et profonde.<\/p>\n<p data-start=\"2280\" data-end=\"2615\">Le c\u0153ur du parfum est domin\u00e9 par une note riche de fleurs de jasmin, qui ajoute une sensualit\u00e9 florale sophistiqu\u00e9e, tandis qu&rsquo;une d\u00e9licate touche d&rsquo;ambre offre une douceur chaude et persistante. La base se termine par des notes enveloppantes de musc et de bois de santal, qui apportent une sensation fra\u00eeche et bois\u00e9e.<\/p>\n<p data-start=\"2617\" data-end=\"2886\">TOM FORD Ombre Leather Parfum est id\u00e9al pour ceux qui recherchent un parfum \u00e9l\u00e9gant, sensuel et audacieux. Parfait pour des occasions sp\u00e9ciales ou pour tous les jours, cette fragrance transforme chaque instant en une exp\u00e9rience unique, enveloppante et irr\u00e9sistible.<\/p>\n<p>Suivez toutes nos actualit\u00e9s! <a href=\"https:\/\/www.instagram.com\/freeshopswiss\/\" target=\"_blank\" rel=\"noopener\">@freeshopswiss<\/a><\/p>\n","protected":false},"excerpt":{"rendered":"<p><em><strong>Eau de Parfum<\/strong><\/em><\/p>\n","protected":false},"featured_media":13289,"comment_status":"open","ping_status":"closed","template":"","meta":[],"pwb-brand":[396],"product_brand":[],"product_cat":[87,89],"product_tag":[252,1629,143,97],"class_list":{"0":"post-13276","1":"product","2":"type-product","3":"status-publish","4":"has-post-thumbnail","6":"pwb-brand-tom-ford","7":"product_cat-parfums","8":"product_cat-pour-lui","9":"product_tag-eau-de-parfum-fr","10":"product_tag-mens-fragrances-fr","11":"product_tag-homme","12":"product_tag-parfums","14":"first","15":"instock","16":"sale","17":"taxable","18":"shipping-taxable","19":"purchasable","20":"product-type-variable"},"brands":[{"id":396,"name":"Tom Ford","slug":"tom-ford"}],"_links":{"self":[{"href":"https:\/\/www.freeshopfrontiera.ch\/fr\/wp-json\/wp\/v2\/product\/13276","targetHints":{"allow":["GET"]}}],"collection":[{"href":"https:\/\/www.freeshopfrontiera.ch\/fr\/wp-json\/wp\/v2\/product"}],"about":[{"href":"https:\/\/www.freeshopfrontiera.ch\/fr\/wp-json\/wp\/v2\/types\/product"}],"replies":[{"embeddable":true,"href":"https:\/\/www.freeshopfrontiera.ch\/fr\/wp-json\/wp\/v2\/comments?post=13276"}],"version-history":[{"count":4,"href":"https:\/\/www.freeshopfrontiera.ch\/fr\/wp-json\/wp\/v2\/product\/13276\/revisions"}],"predecessor-version":[{"id":18317,"href":"https:\/\/www.freeshopfrontiera.ch\/fr\/wp-json\/wp\/v2\/product\/13276\/revisions\/18317"}],"wp:featuredmedia":[{"embeddable":true,"href":"https:\/\/www.freeshopfrontiera.ch\/fr\/wp-json\/wp\/v2\/media\/13289"}],"wp:attachment":[{"href":"https:\/\/www.freeshopfrontiera.ch\/fr\/wp-json\/wp\/v2\/media?parent=13276"}],"wp:term":[{"taxonomy":"pwb-brand","embeddable":true,"href":"https:\/\/www.freeshopfrontiera.ch\/fr\/wp-json\/wp\/v2\/pwb-brand?post=13276"},{"taxonomy":"product_brand","embeddable":true,"href":"https:\/\/www.freeshopfrontiera.ch\/fr\/wp-json\/wp\/v2\/product_brand?post=13276"},{"taxonomy":"product_cat","embeddable":true,"href":"https:\/\/www.freeshopfrontiera.ch\/fr\/wp-json\/wp\/v2\/product_cat?post=13276"},{"taxonomy":"product_tag","embeddable":true,"href":"https:\/\/www.freeshopfrontiera.ch\/fr\/wp-json\/wp\/v2\/product_tag?post=13276"}],"curies":[{"name":"wp","href":"https:\/\/api.w.org\/{rel}","templated":true}]}}