{"id":13333,"date":"2025-02-13T16:10:54","date_gmt":"2025-02-13T16:10:54","guid":{"rendered":"https:\/\/freeshopswiss.alesca.org\/shop\/gucci-flora-gorgeous-orchid-eau-de-parfum\/"},"modified":"2025-03-12T11:58:39","modified_gmt":"2025-03-12T11:58:39","slug":"gucci-flora-gorgeous-orchid-eau-de-parfum","status":"publish","type":"product","link":"https:\/\/www.freeshopfrontiera.ch\/fr\/shop\/gucci-flora-gorgeous-orchid-eau-de-parfum\/","title":{"rendered":"GUCCI Flora Gorgeous Orchid"},"content":{"rendered":"<p data-start=\"1488\" data-end=\"1773\"><strong data-start=\"1488\" data-end=\"1543\">GUCCI Flora Gorgeous Orchid Eau de Parfum<\/strong>\u00a0est un parfum floral et \u00e9l\u00e9gant qui incarne le charme et la gr\u00e2ce de la femme moderne. Ce parfum sophistiqu\u00e9 est parfait pour ceux qui recherchent une senteur douce et lumineuse qui se distingue par sa fra\u00eecheur et son intensit\u00e9.<\/p>\n<p data-start=\"1775\" data-end=\"2259\">L&rsquo;ouverture de Flora Gorgeous Orchid est une explosion de fra\u00eecheur gr\u00e2ce aux notes de citron et de pivoine, qui offrent une introduction vive et l\u00e9g\u00e8re. Le c\u0153ur du parfum est domin\u00e9 par un bouquet floral riche d&rsquo;orchid\u00e9e et de rose, qui conf\u00e8re au parfum une aura d&rsquo;\u00e9l\u00e9gance et de f\u00e9minit\u00e9, cr\u00e9ant un contraste parfait entre fra\u00eecheur et douceur. L&rsquo;orchid\u00e9e, en particulier, apporte une touche exotique et sensuelle, tandis que la rose donne une finesse in\u00e9gal\u00e9e.<\/p>\n<p data-start=\"2261\" data-end=\"2647\">La base de GUCCI Flora Gorgeous Orchid est caract\u00e9ris\u00e9e par des touches de patchouli et de vanille, enveloppant la composition d&rsquo;une douceur persistante et d&rsquo;une sensualit\u00e9 intense. Les notes bois\u00e9es de santal ajoutent une base chaleureuse et enveloppante, tandis qu&rsquo;une d\u00e9licate touche de musc compl\u00e8te le parfum, offrant une sensation de douceur et de raffinement.<\/p>\n<p data-start=\"2649\" data-end=\"2906\">GUCCI Flora Gorgeous Orchid Eau de Parfum est id\u00e9al pour la femme qui d\u00e9sire un parfum alliant fra\u00eecheur, douceur et \u00e9l\u00e9gance remarquable. Parfait pour des occasions sp\u00e9ciales ou un usage quotidien, ce parfum est une d\u00e9claration de style et de f\u00e9minit\u00e9.<\/p>\n<p>&nbsp;<\/p>\n<p data-start=\"1162\" data-end=\"1432\">Follow us! <a href=\"https:\/\/www.instagram.com\/freeshopswiss\/\" target=\"_blank\" rel=\"noopener\">@freeshopswiss<\/a><\/p>\n<p data-start=\"1162\" data-end=\"1432\">\n","protected":false},"excerpt":{"rendered":"<p><em><strong>Eau de Parfum<\/strong><\/em><\/p>\n","protected":false},"featured_media":13322,"comment_status":"open","ping_status":"closed","template":"","meta":[],"pwb-brand":[270],"product_brand":[],"product_cat":[87,109],"product_tag":[280,252,296,789,97,4367],"class_list":{"0":"post-13333","1":"product","2":"type-product","3":"status-publish","4":"has-post-thumbnail","6":"pwb-brand-gucci","7":"product_cat-parfums","8":"product_cat-pour-elle","9":"product_tag-bestseller-fr","10":"product_tag-eau-de-parfum-fr","11":"product_tag-femme","12":"product_tag-womens-fragrances-fr","13":"product_tag-parfums","14":"product_tag-special-printemps","16":"first","17":"instock","18":"sale","19":"taxable","20":"shipping-taxable","21":"purchasable","22":"product-type-variable","23":"has-default-attributes"},"brands":[{"id":270,"name":"Gucci","slug":"gucci"}],"_links":{"self":[{"href":"https:\/\/www.freeshopfrontiera.ch\/fr\/wp-json\/wp\/v2\/product\/13333","targetHints":{"allow":["GET"]}}],"collection":[{"href":"https:\/\/www.freeshopfrontiera.ch\/fr\/wp-json\/wp\/v2\/product"}],"about":[{"href":"https:\/\/www.freeshopfrontiera.ch\/fr\/wp-json\/wp\/v2\/types\/product"}],"replies":[{"embeddable":true,"href":"https:\/\/www.freeshopfrontiera.ch\/fr\/wp-json\/wp\/v2\/comments?post=13333"}],"version-history":[{"count":7,"href":"https:\/\/www.freeshopfrontiera.ch\/fr\/wp-json\/wp\/v2\/product\/13333\/revisions"}],"predecessor-version":[{"id":18315,"href":"https:\/\/www.freeshopfrontiera.ch\/fr\/wp-json\/wp\/v2\/product\/13333\/revisions\/18315"}],"wp:featuredmedia":[{"embeddable":true,"href":"https:\/\/www.freeshopfrontiera.ch\/fr\/wp-json\/wp\/v2\/media\/13322"}],"wp:attachment":[{"href":"https:\/\/www.freeshopfrontiera.ch\/fr\/wp-json\/wp\/v2\/media?parent=13333"}],"wp:term":[{"taxonomy":"pwb-brand","embeddable":true,"href":"https:\/\/www.freeshopfrontiera.ch\/fr\/wp-json\/wp\/v2\/pwb-brand?post=13333"},{"taxonomy":"product_brand","embeddable":true,"href":"https:\/\/www.freeshopfrontiera.ch\/fr\/wp-json\/wp\/v2\/product_brand?post=13333"},{"taxonomy":"product_cat","embeddable":true,"href":"https:\/\/www.freeshopfrontiera.ch\/fr\/wp-json\/wp\/v2\/product_cat?post=13333"},{"taxonomy":"product_tag","embeddable":true,"href":"https:\/\/www.freeshopfrontiera.ch\/fr\/wp-json\/wp\/v2\/product_tag?post=13333"}],"curies":[{"name":"wp","href":"https:\/\/api.w.org\/{rel}","templated":true}]}}