{"id":13377,"date":"2025-02-14T08:17:46","date_gmt":"2025-02-14T08:17:46","guid":{"rendered":"https:\/\/freeshopswiss.alesca.org\/shop\/philipp-plein-no-limits-plein-super-fresh-eau-de-toilette\/"},"modified":"2025-03-12T11:04:13","modified_gmt":"2025-03-12T11:04:13","slug":"philipp-plein-no-limits-plein-super-fresh-eau-de-toilette","status":"publish","type":"product","link":"https:\/\/www.freeshopfrontiera.ch\/fr\/shop\/philipp-plein-no-limits-plein-super-fresh-eau-de-toilette\/","title":{"rendered":"PHILIPP PLEIN No Limits Plein Super Fresh"},"content":{"rendered":"<p data-start=\"1739\" data-end=\"2428\">D\u00e9couvrez l&rsquo;univers exclusif de <strong data-start=\"1771\" data-end=\"1788\">PHILIPP PLEIN<\/strong> avec sa nouvelle collection No Limits Plein Super Fresh, un m\u00e9lange parfait de luxe, de style et d&rsquo;innovation. Chaque pi\u00e8ce est une d\u00e9claration d&rsquo;\u00e9l\u00e9gance audacieuse, con\u00e7ue pour ceux qui recherchent la perfection dans chaque d\u00e9tail. La collection No Limits Plein Super Fresh se distingue par l&rsquo;utilisation de mat\u00e9riaux de haute qualit\u00e9 et un design moderne et captivant, con\u00e7u pour faire en sorte que ceux qui la portent se sentent toujours au sommet. Que vous recherchiez une pi\u00e8ce pour une occasion sp\u00e9ciale ou pour votre look quotidien, cette collection vous offre l&rsquo;opportunit\u00e9 d&rsquo;exprimer votre personnalit\u00e9 de mani\u00e8re unique.<\/p>\n<p data-start=\"2430\" data-end=\"2778\">Avec son style sans compromis, la ligne Plein Super Fresh est con\u00e7ue pour ceux qui aiment se d\u00e9marquer avec une touche de fra\u00eecheur et d&rsquo;originalit\u00e9. Ses lignes modernes et son attention aux d\u00e9tails, combin\u00e9es \u00e0 l&rsquo;excellence des mat\u00e9riaux, en font un choix parfait pour ceux qui ne veulent pas faire de compromis sur la qualit\u00e9 et l&rsquo;esth\u00e9tique.<\/p>\n<p data-start=\"2780\" data-end=\"3177\">Achetez en ligne PHILIPP PLEIN No Limits Plein Super Fresh et transformez votre look en une v\u00e9ritable d\u00e9claration de style. Profitez de notre livraison rapide et de nos services exclusifs pour vivre une exp\u00e9rience de shopping en ligne unique. Ne laissez pas votre style passer inaper\u00e7u, choisissez PHILIPP PLEIN pour exprimer le meilleur de votre personnalit\u00e9 et de votre esprit audacieux.<\/p>\n<p data-start=\"1284\" data-end=\"1634\">Follow us! <a href=\"https:\/\/www.instagram.com\/freeshopswiss\/\" target=\"_blank\" rel=\"noopener\">@freeshopswiss<\/a><\/p>\n","protected":false},"excerpt":{"rendered":"<p><em><strong>Eau de Toilette<\/strong><\/em><\/p>\n","protected":false},"featured_media":13367,"comment_status":"open","ping_status":"closed","template":"","meta":[],"pwb-brand":[401],"product_brand":[],"product_cat":[87,89],"product_tag":[141,1629,278,97],"class_list":{"0":"post-13377","1":"product","2":"type-product","3":"status-publish","4":"has-post-thumbnail","6":"pwb-brand-philipp-plein","7":"product_cat-parfums","8":"product_cat-pour-lui","9":"product_tag-eau-de-toilette-fr","10":"product_tag-mens-fragrances-fr","11":"product_tag-offre","12":"product_tag-parfums","14":"first","15":"instock","16":"sale","17":"taxable","18":"shipping-taxable","19":"purchasable","20":"product-type-variable","21":"has-default-attributes"},"brands":[{"id":401,"name":"Philipp Plein","slug":"philipp-plein"}],"_links":{"self":[{"href":"https:\/\/www.freeshopfrontiera.ch\/fr\/wp-json\/wp\/v2\/product\/13377","targetHints":{"allow":["GET"]}}],"collection":[{"href":"https:\/\/www.freeshopfrontiera.ch\/fr\/wp-json\/wp\/v2\/product"}],"about":[{"href":"https:\/\/www.freeshopfrontiera.ch\/fr\/wp-json\/wp\/v2\/types\/product"}],"replies":[{"embeddable":true,"href":"https:\/\/www.freeshopfrontiera.ch\/fr\/wp-json\/wp\/v2\/comments?post=13377"}],"version-history":[{"count":4,"href":"https:\/\/www.freeshopfrontiera.ch\/fr\/wp-json\/wp\/v2\/product\/13377\/revisions"}],"predecessor-version":[{"id":36757,"href":"https:\/\/www.freeshopfrontiera.ch\/fr\/wp-json\/wp\/v2\/product\/13377\/revisions\/36757"}],"wp:featuredmedia":[{"embeddable":true,"href":"https:\/\/www.freeshopfrontiera.ch\/fr\/wp-json\/wp\/v2\/media\/13367"}],"wp:attachment":[{"href":"https:\/\/www.freeshopfrontiera.ch\/fr\/wp-json\/wp\/v2\/media?parent=13377"}],"wp:term":[{"taxonomy":"pwb-brand","embeddable":true,"href":"https:\/\/www.freeshopfrontiera.ch\/fr\/wp-json\/wp\/v2\/pwb-brand?post=13377"},{"taxonomy":"product_brand","embeddable":true,"href":"https:\/\/www.freeshopfrontiera.ch\/fr\/wp-json\/wp\/v2\/product_brand?post=13377"},{"taxonomy":"product_cat","embeddable":true,"href":"https:\/\/www.freeshopfrontiera.ch\/fr\/wp-json\/wp\/v2\/product_cat?post=13377"},{"taxonomy":"product_tag","embeddable":true,"href":"https:\/\/www.freeshopfrontiera.ch\/fr\/wp-json\/wp\/v2\/product_tag?post=13377"}],"curies":[{"name":"wp","href":"https:\/\/api.w.org\/{rel}","templated":true}]}}