{"id":13419,"date":"2025-02-14T08:54:20","date_gmt":"2025-02-14T08:54:20","guid":{"rendered":"https:\/\/freeshopswiss.alesca.org\/shop\/tom-ford-neroli-portofino-eau-de-parfum\/"},"modified":"2025-03-12T11:03:59","modified_gmt":"2025-03-12T11:03:59","slug":"tom-ford-neroli-portofino-eau-de-parfum","status":"publish","type":"product","link":"https:\/\/www.freeshopfrontiera.ch\/fr\/shop\/tom-ford-neroli-portofino-eau-de-parfum\/","title":{"rendered":"TOM FORD Neroli Portofino"},"content":{"rendered":"<p data-start=\"2197\" data-end=\"2755\">D\u00e9couvrez <strong data-start=\"2207\" data-end=\"2260\">TOM FORD Neroli Portofino Eau de Parfum<\/strong>, une fragrance luxueuse qui capture l&rsquo;\u00e9l\u00e9gance et la fra\u00eecheur de la Riviera italienne. Inspir\u00e9 par la beaut\u00e9 naturelle de Portofino, ce parfum est une v\u00e9ritable d\u00e9claration de raffinement, cr\u00e9\u00e9 pour ceux qui recherchent une exp\u00e9rience olfactive in\u00e9gal\u00e9e. Ses notes principales de n\u00e9roli, de fleurs d&rsquo;oranger et d&rsquo;agrumes frais se combinent parfaitement pour offrir une explosion de fra\u00eecheur, rappelant une brise marine caressant la peau sous le soleil chaud de la c\u00f4te ligurienne.<\/p>\n<p data-start=\"2757\" data-end=\"3181\">La fragrance est l\u00e9g\u00e8re mais \u00e9tonnamment persistante, restant sur la peau pendant des heures sans jamais devenir envahissante, offrant une sensation de fra\u00eecheur durable. TOM FORD Neroli Portofino est le parfum id\u00e9al pour ceux qui cherchent une touche de luxe quotidien, parfait pour toutes les occasions, qu&rsquo;il s&rsquo;agisse d&rsquo;une r\u00e9union professionnelle, d&rsquo;un \u00e9v\u00e9nement \u00e9l\u00e9gant ou simplement d&rsquo;une promenade sous le soleil.<\/p>\n<p data-start=\"3183\" data-end=\"3601\">Le flacon, \u00e9l\u00e9gant et sophistiqu\u00e9, refl\u00e8te parfaitement son contenu : une fragrance unique incarnant l&rsquo;esprit du luxe. Avec une qualit\u00e9 in\u00e9gal\u00e9e, TOM FORD Neroli Portofino est un incontournable pour les amateurs de parfums exclusifs. Parfait comme cadeau ou comme ajout pr\u00e9cieux \u00e0 votre collection, ce parfum vous offrira une exp\u00e9rience sensorielle c\u00e9l\u00e9brant la beaut\u00e9 de la nature et la fra\u00eecheur m\u00e9diterran\u00e9enne.<\/p>\n<p data-start=\"3603\" data-end=\"3940\">Achetez en ligne TOM FORD Neroli Portofino Eau de Parfum et plongez dans le luxe qu&rsquo;une telle fragrance peut offrir. Avec notre service de livraison rapide, recevez votre achat confortablement chez vous, pr\u00eat \u00e0 \u00eatre utilis\u00e9 et appr\u00e9ci\u00e9. Ne manquez pas l&rsquo;opportunit\u00e9 de vivre l&rsquo;\u00e9motion d&rsquo;un parfum qui ne passe pas inaper\u00e7u.<\/p>\n<p data-start=\"1528\" data-end=\"1898\">Follow us! <a href=\"https:\/\/www.instagram.com\/freeshopswiss\/\" target=\"_blank\" rel=\"noopener\">@freeshopswiss<\/a><\/p>\n","protected":false},"excerpt":{"rendered":"<p><em><strong>Eau de Parfum<\/strong><\/em><\/p>\n","protected":false},"featured_media":13397,"comment_status":"open","ping_status":"closed","template":"","meta":[],"pwb-brand":[396],"product_brand":[],"product_cat":[87,109,89],"product_tag":[252,296,789,143,97],"class_list":{"0":"post-13419","1":"product","2":"type-product","3":"status-publish","4":"has-post-thumbnail","6":"pwb-brand-tom-ford","7":"product_cat-parfums","8":"product_cat-pour-elle","9":"product_cat-pour-lui","10":"product_tag-eau-de-parfum-fr","11":"product_tag-femme","12":"product_tag-womens-fragrances-fr","13":"product_tag-homme","14":"product_tag-parfums","16":"first","17":"instock","18":"sale","19":"taxable","20":"shipping-taxable","21":"purchasable","22":"product-type-variable","23":"has-default-attributes"},"brands":[{"id":396,"name":"Tom Ford","slug":"tom-ford"}],"_links":{"self":[{"href":"https:\/\/www.freeshopfrontiera.ch\/fr\/wp-json\/wp\/v2\/product\/13419","targetHints":{"allow":["GET"]}}],"collection":[{"href":"https:\/\/www.freeshopfrontiera.ch\/fr\/wp-json\/wp\/v2\/product"}],"about":[{"href":"https:\/\/www.freeshopfrontiera.ch\/fr\/wp-json\/wp\/v2\/types\/product"}],"replies":[{"embeddable":true,"href":"https:\/\/www.freeshopfrontiera.ch\/fr\/wp-json\/wp\/v2\/comments?post=13419"}],"version-history":[{"count":3,"href":"https:\/\/www.freeshopfrontiera.ch\/fr\/wp-json\/wp\/v2\/product\/13419\/revisions"}],"predecessor-version":[{"id":18311,"href":"https:\/\/www.freeshopfrontiera.ch\/fr\/wp-json\/wp\/v2\/product\/13419\/revisions\/18311"}],"wp:featuredmedia":[{"embeddable":true,"href":"https:\/\/www.freeshopfrontiera.ch\/fr\/wp-json\/wp\/v2\/media\/13397"}],"wp:attachment":[{"href":"https:\/\/www.freeshopfrontiera.ch\/fr\/wp-json\/wp\/v2\/media?parent=13419"}],"wp:term":[{"taxonomy":"pwb-brand","embeddable":true,"href":"https:\/\/www.freeshopfrontiera.ch\/fr\/wp-json\/wp\/v2\/pwb-brand?post=13419"},{"taxonomy":"product_brand","embeddable":true,"href":"https:\/\/www.freeshopfrontiera.ch\/fr\/wp-json\/wp\/v2\/product_brand?post=13419"},{"taxonomy":"product_cat","embeddable":true,"href":"https:\/\/www.freeshopfrontiera.ch\/fr\/wp-json\/wp\/v2\/product_cat?post=13419"},{"taxonomy":"product_tag","embeddable":true,"href":"https:\/\/www.freeshopfrontiera.ch\/fr\/wp-json\/wp\/v2\/product_tag?post=13419"}],"curies":[{"name":"wp","href":"https:\/\/api.w.org\/{rel}","templated":true}]}}