{"id":13437,"date":"2025-02-14T09:05:57","date_gmt":"2025-02-14T09:05:57","guid":{"rendered":"https:\/\/freeshopswiss.alesca.org\/?post_type=product&#038;p=13437"},"modified":"2025-03-12T11:03:41","modified_gmt":"2025-03-12T11:03:41","slug":"mercedes-benz-sign-your-attitude-eau-de-toilette-for-men-50ml","status":"publish","type":"product","link":"https:\/\/www.freeshopfrontiera.ch\/fr\/shop\/mercedes-benz-sign-your-attitude-eau-de-toilette-for-men-50ml\/","title":{"rendered":"MERCEDES BENZ Sign Your Attitude 50ml"},"content":{"rendered":"<p data-start=\"189\" data-end=\"793\">D\u00e9couvrez <strong data-start=\"199\" data-end=\"269\">MERCEDES BENZ Sign Your Attitude Eau de Toilette for Men 50ml<\/strong>, une fragrance \u00e9l\u00e9gante et audacieuse, con\u00e7ue pour l&rsquo;homme qui souhaite laisser sa marque. Ce parfum, qui incarne la sophistication et la puissance de la marque Mercedes-Benz, se distingue par un m\u00e9lange parfait de fra\u00eecheur et d\u2019intensit\u00e9. Les notes de t\u00eate de orange et de gingembre se m\u00ealent \u00e0 un c\u0153ur de muscade, offrant une exp\u00e9rience olfactive intrigante et raffin\u00e9e. Les notes de fond de bois de c\u00e8dre et de v\u00e9tiver ajoutent une touche chaleureuse, bois\u00e9e et persistante \u00e0 cette fragrance unique.<\/p>\n<p data-start=\"795\" data-end=\"1061\">MERCEDES BENZ Sign Your Attitude est id\u00e9al pour l&rsquo;homme moderne et sophistiqu\u00e9, parfait pour toutes les occasions, des journ\u00e9es de travail aux soir\u00e9es \u00e9l\u00e9gantes. Sa fra\u00eecheur initiale \u00e9volue en une \u00e9l\u00e9gance durable, laissant un sillage qui ne passe pas inaper\u00e7u.<\/p>\n<p data-start=\"1063\" data-end=\"1471\">Le flacon, au design \u00e9pur\u00e9 et \u00e9l\u00e9gant, refl\u00e8te parfaitement la qualit\u00e9 et le luxe de la marque MERCEDES BENZ. Avec sa dur\u00e9e impressionnante et sa composition unique, ce parfum est un must-have pour ceux qui recherchent une fragrance distinctive et pleine de classe. Achetez en ligne MERCEDES BENZ Sign Your Attitude Eau de Toilette for Men 50ml et d\u00e9finissez votre style avec une touche de luxe.<\/p>\n<p data-start=\"2802\" data-end=\"3148\">Suivez toutes nos actualit\u00e9s ! <a href=\"https:\/\/www.instagram.com\/freeshopswiss\/\" target=\"_blank\" rel=\"noopener\">@freeshopswiss<\/a><\/p>\n","protected":false},"excerpt":{"rendered":"<p><em><strong>Eau de Toilette<\/strong><\/em><\/p>\n","protected":false},"featured_media":13442,"comment_status":"open","ping_status":"closed","template":"","meta":[],"pwb-brand":[402],"product_brand":[],"product_cat":[87,89],"product_tag":[141,1629,278,97],"class_list":{"0":"post-13437","1":"product","2":"type-product","3":"status-publish","4":"has-post-thumbnail","6":"pwb-brand-mercedes-benz","7":"product_cat-parfums","8":"product_cat-pour-lui","9":"product_tag-eau-de-toilette-fr","10":"product_tag-mens-fragrances-fr","11":"product_tag-offre","12":"product_tag-parfums","14":"first","15":"outofstock","16":"sale","17":"taxable","18":"shipping-taxable","19":"purchasable","20":"product-type-simple"},"brands":[{"id":402,"name":"Mercedes Benz","slug":"mercedes-benz"}],"_links":{"self":[{"href":"https:\/\/www.freeshopfrontiera.ch\/fr\/wp-json\/wp\/v2\/product\/13437","targetHints":{"allow":["GET"]}}],"collection":[{"href":"https:\/\/www.freeshopfrontiera.ch\/fr\/wp-json\/wp\/v2\/product"}],"about":[{"href":"https:\/\/www.freeshopfrontiera.ch\/fr\/wp-json\/wp\/v2\/types\/product"}],"replies":[{"embeddable":true,"href":"https:\/\/www.freeshopfrontiera.ch\/fr\/wp-json\/wp\/v2\/comments?post=13437"}],"version-history":[{"count":4,"href":"https:\/\/www.freeshopfrontiera.ch\/fr\/wp-json\/wp\/v2\/product\/13437\/revisions"}],"predecessor-version":[{"id":18309,"href":"https:\/\/www.freeshopfrontiera.ch\/fr\/wp-json\/wp\/v2\/product\/13437\/revisions\/18309"}],"wp:featuredmedia":[{"embeddable":true,"href":"https:\/\/www.freeshopfrontiera.ch\/fr\/wp-json\/wp\/v2\/media\/13442"}],"wp:attachment":[{"href":"https:\/\/www.freeshopfrontiera.ch\/fr\/wp-json\/wp\/v2\/media?parent=13437"}],"wp:term":[{"taxonomy":"pwb-brand","embeddable":true,"href":"https:\/\/www.freeshopfrontiera.ch\/fr\/wp-json\/wp\/v2\/pwb-brand?post=13437"},{"taxonomy":"product_brand","embeddable":true,"href":"https:\/\/www.freeshopfrontiera.ch\/fr\/wp-json\/wp\/v2\/product_brand?post=13437"},{"taxonomy":"product_cat","embeddable":true,"href":"https:\/\/www.freeshopfrontiera.ch\/fr\/wp-json\/wp\/v2\/product_cat?post=13437"},{"taxonomy":"product_tag","embeddable":true,"href":"https:\/\/www.freeshopfrontiera.ch\/fr\/wp-json\/wp\/v2\/product_tag?post=13437"}],"curies":[{"name":"wp","href":"https:\/\/api.w.org\/{rel}","templated":true}]}}