{"id":13565,"date":"2025-02-14T10:43:06","date_gmt":"2025-02-14T10:43:06","guid":{"rendered":"https:\/\/freeshopswiss.alesca.org\/shop\/rabanne-fame-eau-de-parfum-intense\/"},"modified":"2025-03-12T11:03:16","modified_gmt":"2025-03-12T11:03:16","slug":"rabanne-fame-eau-de-parfum-intense","status":"publish","type":"product","link":"https:\/\/www.freeshopfrontiera.ch\/fr\/shop\/rabanne-fame-eau-de-parfum-intense\/","title":{"rendered":"RABANNE Fame Intense"},"content":{"rendered":"<p data-start=\"189\" data-end=\"766\">D\u00e9couvrez <strong data-start=\"199\" data-end=\"237\">RABANNE Fame Eau de Parfum Intense<\/strong>, un parfum luxueux et audacieux, con\u00e7u pour la femme moderne et s\u00fbre d&rsquo;elle. Ce parfum intense, sign\u00e9 Paco Rabanne, est une c\u00e9l\u00e9bration de la f\u00e9minit\u00e9 sous toutes ses formes, un m\u00e9lange parfait de sensualit\u00e9 et de puissance. Les notes de t\u00eate de citron et de gingembre se m\u00ealent \u00e0 un c\u0153ur de jasmin et de fleur d&rsquo;oranger, offrant une ouverture fra\u00eeche, florale et \u00e9pic\u00e9e. Les notes de fond de miel, vanille et f\u00e8ve tonka apportent chaleur et douceur, cr\u00e9ant une empreinte durable et enveloppante.<\/p>\n<p data-start=\"768\" data-end=\"1044\">RABANNE Fame Eau de Parfum Intense incarne l&rsquo;\u00e9l\u00e9gance et la force d&rsquo;une femme qui sait ce qu&rsquo;elle veut et n&rsquo;a pas peur de le montrer. Parfait pour des occasions sp\u00e9ciales, mais aussi pour tous les jours, lorsque la f\u00e9minit\u00e9 et la puissance doivent \u00eatre toujours pr\u00e9sentes.<\/p>\n<p data-start=\"1046\" data-end=\"1336\">Le flacon, \u00e9l\u00e9gant et moderne, est un v\u00e9ritable objet de luxe qui refl\u00e8te la qualit\u00e9 et l&rsquo;innovation de la marque Paco Rabanne. Avec une dur\u00e9e impressionnante et une composition unique, ce parfum est un must-have pour celles qui recherchent une fragrance qui exprime caract\u00e8re et style.<\/p>\n<p data-start=\"978\" data-end=\"1262\">Follow us! <a href=\"https:\/\/www.instagram.com\/freeshopswiss\/\" target=\"_blank\" rel=\"noopener\">@freeshopswiss<\/a><\/p>\n<p data-start=\"978\" data-end=\"1262\">\n","protected":false},"excerpt":{"rendered":"<p><em><strong>Eau de Parfum<\/strong><\/em><\/p>\n","protected":false},"featured_media":13555,"comment_status":"open","ping_status":"closed","template":"","meta":[],"pwb-brand":[378],"product_brand":[],"product_cat":[87,109],"product_tag":[252,296,5050,789,97,5074],"class_list":{"0":"post-13565","1":"product","2":"type-product","3":"status-publish","4":"has-post-thumbnail","6":"pwb-brand-rabanne","7":"product_cat-parfums","8":"product_cat-pour-elle","9":"product_tag-eau-de-parfum-fr","10":"product_tag-femme","11":"product_tag-fete-des-meres","12":"product_tag-womens-fragrances-fr","13":"product_tag-parfums","14":"product_tag-parfums-pour-la-fete-des-meres","16":"first","17":"instock","18":"sale","19":"taxable","20":"shipping-taxable","21":"purchasable","22":"product-type-variable","23":"has-default-attributes"},"brands":[{"id":378,"name":"Rabanne","slug":"rabanne"}],"_links":{"self":[{"href":"https:\/\/www.freeshopfrontiera.ch\/fr\/wp-json\/wp\/v2\/product\/13565","targetHints":{"allow":["GET"]}}],"collection":[{"href":"https:\/\/www.freeshopfrontiera.ch\/fr\/wp-json\/wp\/v2\/product"}],"about":[{"href":"https:\/\/www.freeshopfrontiera.ch\/fr\/wp-json\/wp\/v2\/types\/product"}],"replies":[{"embeddable":true,"href":"https:\/\/www.freeshopfrontiera.ch\/fr\/wp-json\/wp\/v2\/comments?post=13565"}],"version-history":[{"count":3,"href":"https:\/\/www.freeshopfrontiera.ch\/fr\/wp-json\/wp\/v2\/product\/13565\/revisions"}],"predecessor-version":[{"id":18307,"href":"https:\/\/www.freeshopfrontiera.ch\/fr\/wp-json\/wp\/v2\/product\/13565\/revisions\/18307"}],"wp:featuredmedia":[{"embeddable":true,"href":"https:\/\/www.freeshopfrontiera.ch\/fr\/wp-json\/wp\/v2\/media\/13555"}],"wp:attachment":[{"href":"https:\/\/www.freeshopfrontiera.ch\/fr\/wp-json\/wp\/v2\/media?parent=13565"}],"wp:term":[{"taxonomy":"pwb-brand","embeddable":true,"href":"https:\/\/www.freeshopfrontiera.ch\/fr\/wp-json\/wp\/v2\/pwb-brand?post=13565"},{"taxonomy":"product_brand","embeddable":true,"href":"https:\/\/www.freeshopfrontiera.ch\/fr\/wp-json\/wp\/v2\/product_brand?post=13565"},{"taxonomy":"product_cat","embeddable":true,"href":"https:\/\/www.freeshopfrontiera.ch\/fr\/wp-json\/wp\/v2\/product_cat?post=13565"},{"taxonomy":"product_tag","embeddable":true,"href":"https:\/\/www.freeshopfrontiera.ch\/fr\/wp-json\/wp\/v2\/product_tag?post=13565"}],"curies":[{"name":"wp","href":"https:\/\/api.w.org\/{rel}","templated":true}]}}