{"id":13578,"date":"2025-02-14T11:09:35","date_gmt":"2025-02-14T11:09:35","guid":{"rendered":"https:\/\/freeshopswiss.alesca.org\/?post_type=product&#038;p=13578"},"modified":"2025-03-12T11:02:50","modified_gmt":"2025-03-12T11:02:50","slug":"van-cleef-arpels-neroli-amara-eau-de-parfum-75ml","status":"publish","type":"product","link":"https:\/\/www.freeshopfrontiera.ch\/fr\/shop\/van-cleef-arpels-neroli-amara-eau-de-parfum-75ml\/","title":{"rendered":"VAN CLEEF &#038; ARPELS Neroli Amara 75ml"},"content":{"rendered":"<p data-start=\"1651\" data-end=\"2261\">D\u00e9couvrez <strong data-start=\"1661\" data-end=\"1710\">VAN CLEEF &amp; ARPELS Neroli Amara Eau de Parfum<\/strong>, une fragrance \u00e9l\u00e9gante et raffin\u00e9e qui incarne l&rsquo;art de la parfumerie de luxe. Ce parfum, avec son caract\u00e8re unique et son \u00e9l\u00e9gance intemporelle, rend hommage \u00e0 la fleur de n\u00e9roli, avec un m\u00e9lange sophistiqu\u00e9 d&rsquo;orange am\u00e8re et de fleur d&rsquo;oranger. Les notes de t\u00eate fra\u00eeches et fruit\u00e9es \u00e9voluent vers un c\u0153ur floral exprimant toute la douceur et la fra\u00eecheur de la fleur d&rsquo;oranger, tandis que les notes de fond de bois de c\u00e8dre et d&rsquo;ambre ajoutent une touche chaleureuse et enveloppante, cr\u00e9ant un sillage persistant et fascinant.<\/p>\n<p data-start=\"2263\" data-end=\"2669\">VAN CLEEF &amp; ARPELS Neroli Amara Eau de Parfum est le choix parfait pour celles qui recherchent un parfum frais mais sophistiqu\u00e9, id\u00e9al pour la femme qui souhaite un parfum qui refl\u00e8te l&rsquo;\u00e9l\u00e9gance, la classe et la raffinement. Gr\u00e2ce \u00e0 sa composition unique, ce parfum convient \u00e0 toutes les occasions, de jour comme de soir, et est parfait pour une utilisation quotidienne ou pour des \u00e9v\u00e9nements sp\u00e9ciaux.<\/p>\n<p data-start=\"2671\" data-end=\"2970\">Le flacon, \u00e9l\u00e9gant et minimaliste, refl\u00e8te l&rsquo;artisanat de la marque VAN CLEEF &amp; ARPELS, symbole de luxe et de raffinement. Avec sa longue tenue et sa composition unique, Neroli Amara est un incontournable pour celles qui recherchent un parfum sophistiqu\u00e9 qui laisse une empreinte ind\u00e9l\u00e9bile.<\/p>\n<p data-start=\"2802\" data-end=\"3148\">Suivez toutes nos actualit\u00e9s ! <a href=\"https:\/\/www.instagram.com\/freeshopswiss\/\" target=\"_blank\" rel=\"noopener\">@freeshopswiss<\/a><\/p>\n","protected":false},"excerpt":{"rendered":"<p><em><strong>Eau de Parfum<\/strong><\/em><\/p>\n","protected":false},"featured_media":13581,"comment_status":"open","ping_status":"closed","template":"","meta":[],"pwb-brand":[404],"product_brand":[],"product_cat":[87,109],"product_tag":[252,296,789,278,97],"class_list":{"0":"post-13578","1":"product","2":"type-product","3":"status-publish","4":"has-post-thumbnail","6":"pwb-brand-van-cleef-arpels","7":"product_cat-parfums","8":"product_cat-pour-elle","9":"product_tag-eau-de-parfum-fr","10":"product_tag-femme","11":"product_tag-womens-fragrances-fr","12":"product_tag-offre","13":"product_tag-parfums","15":"first","16":"instock","17":"sale","18":"taxable","19":"shipping-taxable","20":"purchasable","21":"product-type-simple"},"brands":[{"id":404,"name":"Van Cleef &amp; Arpels","slug":"van-cleef-arpels"}],"_links":{"self":[{"href":"https:\/\/www.freeshopfrontiera.ch\/fr\/wp-json\/wp\/v2\/product\/13578","targetHints":{"allow":["GET"]}}],"collection":[{"href":"https:\/\/www.freeshopfrontiera.ch\/fr\/wp-json\/wp\/v2\/product"}],"about":[{"href":"https:\/\/www.freeshopfrontiera.ch\/fr\/wp-json\/wp\/v2\/types\/product"}],"replies":[{"embeddable":true,"href":"https:\/\/www.freeshopfrontiera.ch\/fr\/wp-json\/wp\/v2\/comments?post=13578"}],"version-history":[{"count":4,"href":"https:\/\/www.freeshopfrontiera.ch\/fr\/wp-json\/wp\/v2\/product\/13578\/revisions"}],"predecessor-version":[{"id":18305,"href":"https:\/\/www.freeshopfrontiera.ch\/fr\/wp-json\/wp\/v2\/product\/13578\/revisions\/18305"}],"wp:featuredmedia":[{"embeddable":true,"href":"https:\/\/www.freeshopfrontiera.ch\/fr\/wp-json\/wp\/v2\/media\/13581"}],"wp:attachment":[{"href":"https:\/\/www.freeshopfrontiera.ch\/fr\/wp-json\/wp\/v2\/media?parent=13578"}],"wp:term":[{"taxonomy":"pwb-brand","embeddable":true,"href":"https:\/\/www.freeshopfrontiera.ch\/fr\/wp-json\/wp\/v2\/pwb-brand?post=13578"},{"taxonomy":"product_brand","embeddable":true,"href":"https:\/\/www.freeshopfrontiera.ch\/fr\/wp-json\/wp\/v2\/product_brand?post=13578"},{"taxonomy":"product_cat","embeddable":true,"href":"https:\/\/www.freeshopfrontiera.ch\/fr\/wp-json\/wp\/v2\/product_cat?post=13578"},{"taxonomy":"product_tag","embeddable":true,"href":"https:\/\/www.freeshopfrontiera.ch\/fr\/wp-json\/wp\/v2\/product_tag?post=13578"}],"curies":[{"name":"wp","href":"https:\/\/api.w.org\/{rel}","templated":true}]}}