{"id":13702,"date":"2025-02-14T14:41:35","date_gmt":"2025-02-14T14:41:35","guid":{"rendered":"https:\/\/freeshopswiss.alesca.org\/shop\/michael-kors-pour-femme-eau-de-parfum\/"},"modified":"2025-03-12T11:00:16","modified_gmt":"2025-03-12T11:00:16","slug":"michael-kors-pour-femme-eau-de-parfum","status":"publish","type":"product","link":"https:\/\/www.freeshopfrontiera.ch\/fr\/shop\/michael-kors-pour-femme-eau-de-parfum\/","title":{"rendered":"MICHAEL KORS Pour Femme"},"content":{"rendered":"<p data-start=\"1719\" data-end=\"2578\"><strong data-start=\"1719\" data-end=\"1766\">MICHAEL KORS Pour Femme Eau de Parfum 100ml<\/strong> est une fragrance \u00e9l\u00e9gante et sophistiqu\u00e9e qui capture la f\u00e9minit\u00e9 moderne avec un parfait \u00e9quilibre entre fra\u00eecheur et sensualit\u00e9.<\/p>\n<p data-start=\"1719\" data-end=\"2578\">L\u2019ouverture du parfum est marqu\u00e9e par la fra\u00eecheur du <strong data-start=\"1953\" data-end=\"1965\">mandarin<\/strong>, offrant une sensation p\u00e9tillante et vivifiante. Ensuite, le parfum s&rsquo;enrichit du <strong data-start=\"2048\" data-end=\"2063\">poivre rose<\/strong>, une note \u00e9pic\u00e9e et douce qui cr\u00e9e un contraste intrigant et raffin\u00e9. Le c\u0153ur floral de la fragrance se compose de <strong data-start=\"2179\" data-end=\"2200\">fleurs d&rsquo;osmanthe<\/strong>, <strong data-start=\"2202\" data-end=\"2212\">jasmin<\/strong>, <strong data-start=\"2214\" data-end=\"2225\">pivoine<\/strong> et <strong data-start=\"2229\" data-end=\"2237\">rose<\/strong>, cr\u00e9ant une atmosph\u00e8re d\u00e9licate et raffin\u00e9e. La pr\u00e9sence de <strong data-start=\"2298\" data-end=\"2314\">cassis sucr\u00e9<\/strong> ajoute une touche fruit\u00e9e et douce qui enrichit la composition. Les <strong data-start=\"2383\" data-end=\"2400\">notes de fond<\/strong> chaudes et bois\u00e9es d&rsquo;<strong data-start=\"2422\" data-end=\"2431\">ambre<\/strong> et de <strong data-start=\"2438\" data-end=\"2451\">patchouli<\/strong> apportent profondeur et sensualit\u00e9, faisant de ce parfum le choix id\u00e9al pour des soir\u00e9es sp\u00e9ciales et des occasions \u00e9l\u00e9gantes.<\/p>\n<p data-start=\"2580\" data-end=\"2910\">Avec son flacon de <strong data-start=\"2607\" data-end=\"2634\">MICHAEL KORS Pour Femme<\/strong> est le parfum parfait pour la femme qui cherche une exp\u00e9rience olfactive durable, qui l&rsquo;accompagne tout au long de la journ\u00e9e avec une tra\u00een\u00e9e raffin\u00e9e et sensuelle. Sa combinaison de fra\u00eecheur fruit\u00e9e et de sensualit\u00e9 florale en fait un parfum id\u00e9al pour le jour et la nuit.<\/p>\n<p data-start=\"1087\" data-end=\"1411\">Follow us! <a href=\"https:\/\/www.instagram.com\/freeshopswiss\/\" target=\"_blank\" rel=\"noopener\">@freeshopswiss<\/a><\/p>\n","protected":false},"excerpt":{"rendered":"<p><em><strong>Eau de Parfum<\/strong><\/em><\/p>\n","protected":false},"featured_media":13696,"comment_status":"open","ping_status":"closed","template":"","meta":[],"pwb-brand":[118],"product_brand":[],"product_cat":[87,109],"product_tag":[252,296,789,97],"class_list":{"0":"post-13702","1":"product","2":"type-product","3":"status-publish","4":"has-post-thumbnail","6":"pwb-brand-michael-kors","7":"product_cat-parfums","8":"product_cat-pour-elle","9":"product_tag-eau-de-parfum-fr","10":"product_tag-femme","11":"product_tag-womens-fragrances-fr","12":"product_tag-parfums","14":"first","15":"instock","16":"taxable","17":"shipping-taxable","18":"product-type-variable"},"brands":[{"id":118,"name":"Michael Kors","slug":"michael-kors"}],"_links":{"self":[{"href":"https:\/\/www.freeshopfrontiera.ch\/fr\/wp-json\/wp\/v2\/product\/13702","targetHints":{"allow":["GET"]}}],"collection":[{"href":"https:\/\/www.freeshopfrontiera.ch\/fr\/wp-json\/wp\/v2\/product"}],"about":[{"href":"https:\/\/www.freeshopfrontiera.ch\/fr\/wp-json\/wp\/v2\/types\/product"}],"replies":[{"embeddable":true,"href":"https:\/\/www.freeshopfrontiera.ch\/fr\/wp-json\/wp\/v2\/comments?post=13702"}],"version-history":[{"count":3,"href":"https:\/\/www.freeshopfrontiera.ch\/fr\/wp-json\/wp\/v2\/product\/13702\/revisions"}],"predecessor-version":[{"id":18301,"href":"https:\/\/www.freeshopfrontiera.ch\/fr\/wp-json\/wp\/v2\/product\/13702\/revisions\/18301"}],"wp:featuredmedia":[{"embeddable":true,"href":"https:\/\/www.freeshopfrontiera.ch\/fr\/wp-json\/wp\/v2\/media\/13696"}],"wp:attachment":[{"href":"https:\/\/www.freeshopfrontiera.ch\/fr\/wp-json\/wp\/v2\/media?parent=13702"}],"wp:term":[{"taxonomy":"pwb-brand","embeddable":true,"href":"https:\/\/www.freeshopfrontiera.ch\/fr\/wp-json\/wp\/v2\/pwb-brand?post=13702"},{"taxonomy":"product_brand","embeddable":true,"href":"https:\/\/www.freeshopfrontiera.ch\/fr\/wp-json\/wp\/v2\/product_brand?post=13702"},{"taxonomy":"product_cat","embeddable":true,"href":"https:\/\/www.freeshopfrontiera.ch\/fr\/wp-json\/wp\/v2\/product_cat?post=13702"},{"taxonomy":"product_tag","embeddable":true,"href":"https:\/\/www.freeshopfrontiera.ch\/fr\/wp-json\/wp\/v2\/product_tag?post=13702"}],"curies":[{"name":"wp","href":"https:\/\/api.w.org\/{rel}","templated":true}]}}