{"id":13868,"date":"2025-02-17T09:58:38","date_gmt":"2025-02-17T09:58:38","guid":{"rendered":"https:\/\/freeshopswiss.alesca.org\/?post_type=product&#038;p=13868"},"modified":"2025-12-15T09:04:42","modified_gmt":"2025-12-15T09:04:42","slug":"rabanne-phantom-parfum-100ml-2","status":"publish","type":"product","link":"https:\/\/www.freeshopfrontiera.ch\/fr\/shop\/rabanne-phantom-parfum-100ml-2\/","title":{"rendered":"NARCISO RODRIGUEZ For Him Bleu Noir 100ml EdP"},"content":{"rendered":"<p data-start=\"2856\" data-end=\"3844\"><strong>Narciso Rodriguez For Him Bleu Noir<\/strong> est un parfum qui incarne l&rsquo;\u00e9l\u00e9gance moderne et la masculinit\u00e9 sophistiqu\u00e9e. Lanc\u00e9e en 2015, cette fragrance rend hommage \u00e0 l&rsquo;homme contemporain, audacieux et s\u00fbr de lui.<\/p>\n<p data-start=\"2856\" data-end=\"3844\">La pyramide olfactive s&rsquo;ouvre sur des notes fra\u00eeches et aromatiques de bergamote et de poivre noir, offrant une touche \u00e9nergique et vibrante. Au c\u0153ur, un accord de musc et de bois de c\u00e8dre r\u00e9v\u00e8le une base chaleureuse et enveloppante. Enfin, le parfum se termine par un fond d&rsquo;ambre et de notes bois\u00e9es, ajoutant profondeur et myst\u00e8re. Le flacon, au design \u00e9l\u00e9gant et minimaliste, refl\u00e8te le raffinement de son contenu.<\/p>\n<p data-start=\"2856\" data-end=\"3844\">Parfait pour toutes les occasions, cet Eau de Parfum est id\u00e9al pour l&rsquo;homme qui souhaite exprimer sa personnalit\u00e9 \u00e0 travers un parfum unique et distinctif.<\/p>\n<p>Suivez toutes nos actualit\u00e9s ! <a href=\"https:\/\/www.instagram.com\/freeshopswiss\/\" target=\"_blank\" rel=\"noopener\">@freeshopswiss<\/a><\/p>\n","protected":false},"excerpt":{"rendered":"<p><em><strong>Eau de Parfum<\/strong><\/em><\/p>\n","protected":false},"featured_media":13871,"comment_status":"open","ping_status":"closed","template":"","meta":[],"pwb-brand":[284],"product_brand":[],"product_cat":[87,89],"product_tag":[252,1629,278,97],"class_list":{"0":"post-13868","1":"product","2":"type-product","3":"status-publish","4":"has-post-thumbnail","6":"pwb-brand-narciso-rodriguez","7":"product_cat-parfums","8":"product_cat-pour-lui","9":"product_tag-eau-de-parfum-fr","10":"product_tag-mens-fragrances-fr","11":"product_tag-offre","12":"product_tag-parfums","14":"first","15":"instock","16":"sale","17":"taxable","18":"shipping-taxable","19":"purchasable","20":"product-type-simple"},"brands":[{"id":284,"name":"Narciso Rodriguez","slug":"narciso-rodriguez"}],"_links":{"self":[{"href":"https:\/\/www.freeshopfrontiera.ch\/fr\/wp-json\/wp\/v2\/product\/13868","targetHints":{"allow":["GET"]}}],"collection":[{"href":"https:\/\/www.freeshopfrontiera.ch\/fr\/wp-json\/wp\/v2\/product"}],"about":[{"href":"https:\/\/www.freeshopfrontiera.ch\/fr\/wp-json\/wp\/v2\/types\/product"}],"replies":[{"embeddable":true,"href":"https:\/\/www.freeshopfrontiera.ch\/fr\/wp-json\/wp\/v2\/comments?post=13868"}],"version-history":[{"count":5,"href":"https:\/\/www.freeshopfrontiera.ch\/fr\/wp-json\/wp\/v2\/product\/13868\/revisions"}],"predecessor-version":[{"id":37873,"href":"https:\/\/www.freeshopfrontiera.ch\/fr\/wp-json\/wp\/v2\/product\/13868\/revisions\/37873"}],"wp:featuredmedia":[{"embeddable":true,"href":"https:\/\/www.freeshopfrontiera.ch\/fr\/wp-json\/wp\/v2\/media\/13871"}],"wp:attachment":[{"href":"https:\/\/www.freeshopfrontiera.ch\/fr\/wp-json\/wp\/v2\/media?parent=13868"}],"wp:term":[{"taxonomy":"pwb-brand","embeddable":true,"href":"https:\/\/www.freeshopfrontiera.ch\/fr\/wp-json\/wp\/v2\/pwb-brand?post=13868"},{"taxonomy":"product_brand","embeddable":true,"href":"https:\/\/www.freeshopfrontiera.ch\/fr\/wp-json\/wp\/v2\/product_brand?post=13868"},{"taxonomy":"product_cat","embeddable":true,"href":"https:\/\/www.freeshopfrontiera.ch\/fr\/wp-json\/wp\/v2\/product_cat?post=13868"},{"taxonomy":"product_tag","embeddable":true,"href":"https:\/\/www.freeshopfrontiera.ch\/fr\/wp-json\/wp\/v2\/product_tag?post=13868"}],"curies":[{"name":"wp","href":"https:\/\/api.w.org\/{rel}","templated":true}]}}