{"id":13947,"date":"2025-02-17T11:08:34","date_gmt":"2025-02-17T11:08:34","guid":{"rendered":"https:\/\/freeshopswiss.alesca.org\/?post_type=product&#038;p=13947"},"modified":"2025-04-23T09:33:15","modified_gmt":"2025-04-23T09:33:15","slug":"jp-gaultier-scandal-pour-homme-eau-de-toilette-100ml","status":"publish","type":"product","link":"https:\/\/www.freeshopfrontiera.ch\/fr\/shop\/jp-gaultier-scandal-pour-homme-eau-de-toilette-100ml\/","title":{"rendered":"JEAN PAUL GAULTIER Scandal pour Homme 100ml"},"content":{"rendered":"<p><strong>Scandal pour Homme de Jean Paul Gaultier<\/strong> est un hommage \u00e0 la masculinit\u00e9 audacieuse et provocante. Ce parfum est un voyage sensoriel qui c\u00e9l\u00e8bre l&rsquo;homme moderne, fort et s\u00fbr de lui.<\/p>\n<p>Les notes de t\u00eate explosent de fra\u00eecheur gr\u00e2ce \u00e0 l&rsquo;orange et \u00e0 la bergamote, cr\u00e9ant une ouverture vibrante et s\u00e9duisante. Le c\u0153ur de la fragrance s&rsquo;enrichit de notes de f\u00e8ve tonka et de miel, offrant une douceur intrigante et chaleureuse qui invite \u00e0 la d\u00e9couverte.<\/p>\n<p>Enfin, les notes de fond de v\u00e9tiver et de bois pr\u00e9cieux conf\u00e8rent une profondeur et une sensualit\u00e9 enveloppante, faisant de Scandal pour Homme le parfum id\u00e9al pour toutes les occasions, du jour \u00e0 la nuit.<\/p>\n<p>Suivez toutes nos actualit\u00e9s ! <a href=\"https:\/\/www.instagram.com\/freeshopswiss\/\" target=\"_blank\" rel=\"noopener\">@freeshopswiss<\/a><\/p>\n","protected":false},"excerpt":{"rendered":"<p><em><strong>Eau de Toilette<\/strong><\/em><\/p>\n","protected":false},"featured_media":13950,"comment_status":"open","ping_status":"closed","template":"","meta":[],"pwb-brand":[373],"product_brand":[],"product_cat":[87,89],"product_tag":[252,1629,278,97],"class_list":{"0":"post-13947","1":"product","2":"type-product","3":"status-publish","4":"has-post-thumbnail","6":"pwb-brand-jean-paul-gaultier","7":"product_cat-parfums","8":"product_cat-pour-lui","9":"product_tag-eau-de-parfum-fr","10":"product_tag-mens-fragrances-fr","11":"product_tag-offre","12":"product_tag-parfums","14":"first","15":"instock","16":"sale","17":"taxable","18":"shipping-taxable","19":"purchasable","20":"product-type-simple"},"brands":[{"id":373,"name":"Jean Paul Gaultier","slug":"jean-paul-gaultier"}],"_links":{"self":[{"href":"https:\/\/www.freeshopfrontiera.ch\/fr\/wp-json\/wp\/v2\/product\/13947","targetHints":{"allow":["GET"]}}],"collection":[{"href":"https:\/\/www.freeshopfrontiera.ch\/fr\/wp-json\/wp\/v2\/product"}],"about":[{"href":"https:\/\/www.freeshopfrontiera.ch\/fr\/wp-json\/wp\/v2\/types\/product"}],"replies":[{"embeddable":true,"href":"https:\/\/www.freeshopfrontiera.ch\/fr\/wp-json\/wp\/v2\/comments?post=13947"}],"version-history":[{"count":5,"href":"https:\/\/www.freeshopfrontiera.ch\/fr\/wp-json\/wp\/v2\/product\/13947\/revisions"}],"predecessor-version":[{"id":27885,"href":"https:\/\/www.freeshopfrontiera.ch\/fr\/wp-json\/wp\/v2\/product\/13947\/revisions\/27885"}],"wp:featuredmedia":[{"embeddable":true,"href":"https:\/\/www.freeshopfrontiera.ch\/fr\/wp-json\/wp\/v2\/media\/13950"}],"wp:attachment":[{"href":"https:\/\/www.freeshopfrontiera.ch\/fr\/wp-json\/wp\/v2\/media?parent=13947"}],"wp:term":[{"taxonomy":"pwb-brand","embeddable":true,"href":"https:\/\/www.freeshopfrontiera.ch\/fr\/wp-json\/wp\/v2\/pwb-brand?post=13947"},{"taxonomy":"product_brand","embeddable":true,"href":"https:\/\/www.freeshopfrontiera.ch\/fr\/wp-json\/wp\/v2\/product_brand?post=13947"},{"taxonomy":"product_cat","embeddable":true,"href":"https:\/\/www.freeshopfrontiera.ch\/fr\/wp-json\/wp\/v2\/product_cat?post=13947"},{"taxonomy":"product_tag","embeddable":true,"href":"https:\/\/www.freeshopfrontiera.ch\/fr\/wp-json\/wp\/v2\/product_tag?post=13947"}],"curies":[{"name":"wp","href":"https:\/\/api.w.org\/{rel}","templated":true}]}}