{"id":13969,"date":"2025-02-17T11:29:49","date_gmt":"2025-02-17T11:29:49","guid":{"rendered":"https:\/\/freeshopswiss.alesca.org\/?post_type=product&#038;p=13969"},"modified":"2025-04-23T09:26:23","modified_gmt":"2025-04-23T09:26:23","slug":"jp-gaultier-classique-eau-de-toilette-100ml","status":"publish","type":"product","link":"https:\/\/www.freeshopfrontiera.ch\/fr\/shop\/jp-gaultier-classique-eau-de-toilette-100ml\/","title":{"rendered":"JEAN PAUL GAULTIER Classique 100ml"},"content":{"rendered":"<p data-start=\"0\" data-end=\"392\"><strong data-start=\"0\" data-end=\"48\">Jean Paul Gaultier Classique Eau de Toilette<\/strong> est une fragrance embl\u00e9matique qui incarne l\u2019essence m\u00eame de la f\u00e9minit\u00e9 moderne, alliant sensualit\u00e9, \u00e9l\u00e9gance et audace. Cette fragrance propose un voyage sensoriel envo\u00fbtant, o\u00f9 un bouquet floral riche se m\u00eale \u00e0 des notes sucr\u00e9es et orientales, cr\u00e9ant ainsi un parfum enveloppant et s\u00e9duisant qui capture l\u2019essence de la femme contemporaine.<\/p>\n<p data-start=\"394\" data-end=\"706\">Le flacon iconique, audacieux et distinctif, est un hommage \u00e0 la silhouette f\u00e9minine, \u00e9voquant la forme d\u2019un corps f\u00e9minin sculpt\u00e9. Il symbolise la sensualit\u00e9 et la force de chaque femme, rendant ce parfum encore plus unique. Le flacon, tel un objet d&rsquo;art, est autant un symbole de f\u00e9minit\u00e9 qu&rsquo;un objet de d\u00e9sir.<\/p>\n<p data-start=\"708\" data-end=\"1322\">D\u00e8s l\u2019ouverture, <strong data-start=\"725\" data-end=\"738\">Classique<\/strong> d\u00e9voile des notes de t\u00eate fra\u00eeches et p\u00e9tillantes de <strong data-start=\"792\" data-end=\"805\">bergamote<\/strong> et de <strong data-start=\"812\" data-end=\"820\">rose<\/strong>, cr\u00e9ant une premi\u00e8re impression lumineuse et d\u00e9licate. Ces accords se fondent rapidement dans un c\u0153ur chaleureux et fruit\u00e9 d\u2019<strong data-start=\"946\" data-end=\"956\">orange<\/strong> et de <strong data-start=\"963\" data-end=\"973\">jasmin<\/strong>, apportant une touche de douceur et d\u2019\u00e9l\u00e9gance. Ce m\u00e9lange \u00e9quilibr\u00e9 se transforme en une base riche et sensuelle, avec des notes envo\u00fbtantes de <strong data-start=\"1119\" data-end=\"1130\">vanille<\/strong>, <strong data-start=\"1132\" data-end=\"1140\">musc<\/strong> et <strong data-start=\"1144\" data-end=\"1161\">bois pr\u00e9cieux<\/strong>. Ces accords bois\u00e9s et doux ajoutent une profondeur captivante et une chaleur enveloppante qui persiste sur la peau, laissant un sillage m\u00e9morable et s\u00e9duisant.<\/p>\n<p data-start=\"1324\" data-end=\"1845\"><strong data-start=\"1324\" data-end=\"1372\">Jean Paul Gaultier Classique Eau de Toilette<\/strong> est le parfum parfait pour toute occasion, qu\u2019il s\u2019agisse d\u2019une soir\u00e9e \u00e9l\u00e9gante, d\u2019un \u00e9v\u00e9nement sp\u00e9cial ou d\u2019une rencontre plus informelle. Sa composition \u00e9quilibr\u00e9e en fait un choix id\u00e9al pour l\u2019automne comme pour le printemps, s\u2019adaptant \u00e0 chaque saison avec gr\u00e2ce et sophistication. Que vous cherchiez \u00e0 exprimer votre f\u00e9minit\u00e9 avec l\u00e9g\u00e8ret\u00e9 ou \u00e0 marquer les esprits avec un parfum sophistiqu\u00e9, <strong data-start=\"1771\" data-end=\"1784\">Classique<\/strong> vous offre l\u2019\u00e9l\u00e9gance et la sensualit\u00e9 qui vous d\u00e9finissent.<\/p>\n<p data-start=\"1847\" data-end=\"2122\" data-is-last-node=\"\" data-is-only-node=\"\">Ce parfum est plus qu\u2019une simple fragrance : c\u2019est un symbole de la f\u00e9minit\u00e9 moderne, un incontournable dans la garde-robe de chaque femme. Avec sa composition raffin\u00e9e et sa long\u00e9vit\u00e9 remarquable, il est parfait pour celles qui souhaitent laisser une impression inoubliable.<\/p>\n<p>Suivez toutes nos actualit\u00e9s ! <a href=\"https:\/\/www.instagram.com\/freeshopswiss\/\" target=\"_blank\" rel=\"noopener\">@freeshopswiss<\/a><\/p>\n","protected":false},"excerpt":{"rendered":"<p><em><strong>Eau de Toilette<\/strong><\/em><\/p>\n","protected":false},"featured_media":13972,"comment_status":"open","ping_status":"closed","template":"","meta":[],"pwb-brand":[373],"product_brand":[],"product_cat":[109,89],"product_tag":[252,296,789,278,97],"class_list":{"0":"post-13969","1":"product","2":"type-product","3":"status-publish","4":"has-post-thumbnail","6":"pwb-brand-jean-paul-gaultier","7":"product_cat-pour-elle","8":"product_cat-pour-lui","9":"product_tag-eau-de-parfum-fr","10":"product_tag-femme","11":"product_tag-womens-fragrances-fr","12":"product_tag-offre","13":"product_tag-parfums","15":"first","16":"instock","17":"sale","18":"taxable","19":"shipping-taxable","20":"purchasable","21":"product-type-simple"},"brands":[{"id":373,"name":"Jean Paul Gaultier","slug":"jean-paul-gaultier"}],"_links":{"self":[{"href":"https:\/\/www.freeshopfrontiera.ch\/fr\/wp-json\/wp\/v2\/product\/13969","targetHints":{"allow":["GET"]}}],"collection":[{"href":"https:\/\/www.freeshopfrontiera.ch\/fr\/wp-json\/wp\/v2\/product"}],"about":[{"href":"https:\/\/www.freeshopfrontiera.ch\/fr\/wp-json\/wp\/v2\/types\/product"}],"replies":[{"embeddable":true,"href":"https:\/\/www.freeshopfrontiera.ch\/fr\/wp-json\/wp\/v2\/comments?post=13969"}],"version-history":[{"count":6,"href":"https:\/\/www.freeshopfrontiera.ch\/fr\/wp-json\/wp\/v2\/product\/13969\/revisions"}],"predecessor-version":[{"id":27876,"href":"https:\/\/www.freeshopfrontiera.ch\/fr\/wp-json\/wp\/v2\/product\/13969\/revisions\/27876"}],"wp:featuredmedia":[{"embeddable":true,"href":"https:\/\/www.freeshopfrontiera.ch\/fr\/wp-json\/wp\/v2\/media\/13972"}],"wp:attachment":[{"href":"https:\/\/www.freeshopfrontiera.ch\/fr\/wp-json\/wp\/v2\/media?parent=13969"}],"wp:term":[{"taxonomy":"pwb-brand","embeddable":true,"href":"https:\/\/www.freeshopfrontiera.ch\/fr\/wp-json\/wp\/v2\/pwb-brand?post=13969"},{"taxonomy":"product_brand","embeddable":true,"href":"https:\/\/www.freeshopfrontiera.ch\/fr\/wp-json\/wp\/v2\/product_brand?post=13969"},{"taxonomy":"product_cat","embeddable":true,"href":"https:\/\/www.freeshopfrontiera.ch\/fr\/wp-json\/wp\/v2\/product_cat?post=13969"},{"taxonomy":"product_tag","embeddable":true,"href":"https:\/\/www.freeshopfrontiera.ch\/fr\/wp-json\/wp\/v2\/product_tag?post=13969"}],"curies":[{"name":"wp","href":"https:\/\/api.w.org\/{rel}","templated":true}]}}