{"id":14007,"date":"2025-02-17T12:03:31","date_gmt":"2025-02-17T12:03:31","guid":{"rendered":"https:\/\/freeshopswiss.alesca.org\/shop\/burberry-hero-eau-de-toilette\/"},"modified":"2025-04-09T14:20:50","modified_gmt":"2025-04-09T14:20:50","slug":"burberry-hero-eau-de-toilette","status":"publish","type":"product","link":"https:\/\/www.freeshopfrontiera.ch\/fr\/shop\/burberry-hero-eau-de-toilette\/","title":{"rendered":"BURBERRY Hero Eau de Toilette"},"content":{"rendered":"<p data-start=\"36\" data-end=\"483\"><strong>BURBERRY Hero Eau de Toilette<\/strong> est un parfum audacieux et contemporain qui incarne l&rsquo;esprit de l&rsquo;homme moderne. Ce parfum est un hommage \u00e0 l&rsquo;h\u00e9ro\u00efsme et \u00e0 la force int\u00e9rieure, parfait pour ceux qui souhaitent exprimer leur personnalit\u00e9 unique. Les notes de t\u00eate fra\u00eeches de citron et de bergamote offrent une ouverture vive et stimulante, qui se fond harmonieusement avec le c\u0153ur de geni\u00e8vre et de poivre, cr\u00e9ant un contraste intrigant et masculin.<\/p>\n<p data-start=\"485\" data-end=\"893\">Le fond de la fragrance est caract\u00e9ris\u00e9 par une base bois\u00e9e de c\u00e8dre et de mousse, ajoutant de la profondeur et de la long\u00e9vit\u00e9 au parfum. Ces notes bois\u00e9es et musqu\u00e9es conf\u00e8rent une sensation d&rsquo;\u00e9l\u00e9gance et de robustesse, faisant de BURBERRY Hero le parfum id\u00e9al pour toutes les occasions. Que ce soit pour une journ\u00e9e de travail ou une soir\u00e9e sp\u00e9ciale, cette fragrance s&rsquo;adapte parfaitement \u00e0 chaque moment.<\/p>\n<p data-start=\"895\" data-end=\"1363\">Le flacon de BURBERRY Hero Eau de Toilette est \u00e9l\u00e9gant et raffin\u00e9, avec un design qui refl\u00e8te la tradition Burberry, mais avec une touche de modernit\u00e9. Sa forme \u00e9pur\u00e9e et sophistiqu\u00e9e repr\u00e9sente parfaitement l&rsquo;esprit du parfum \u00e0 l&rsquo;int\u00e9rieur. Porter BURBERRY Hero est un moyen de transmettre de la confiance, du charisme et une pr\u00e9sence magn\u00e9tique partout o\u00f9 vous allez. Un parfum qui laisse une empreinte ind\u00e9l\u00e9bile, faisant de chaque homme un v\u00e9ritable h\u00e9ros moderne.<\/p>\n<p>&nbsp;<\/p>\n<p>Suivez toutes nos actualit\u00e9s !<a href=\"https:\/\/www.instagram.com\/freeshopswiss\/\" target=\"_blank\" rel=\"noopener\">\u00a0 @freeshopswiss<\/a><\/p>\n","protected":false},"excerpt":{"rendered":"<p><em><strong>Eau de Toilette<\/strong><\/em><\/p>\n","protected":false},"featured_media":13991,"comment_status":"open","ping_status":"closed","template":"","meta":[],"pwb-brand":[261],"product_brand":[],"product_cat":[87,89],"product_tag":[141,1629,278,97],"class_list":{"0":"post-14007","1":"product","2":"type-product","3":"status-publish","4":"has-post-thumbnail","6":"pwb-brand-burberry","7":"product_cat-parfums","8":"product_cat-pour-lui","9":"product_tag-eau-de-toilette-fr","10":"product_tag-mens-fragrances-fr","11":"product_tag-offre","12":"product_tag-parfums","14":"first","15":"instock","16":"sale","17":"taxable","18":"shipping-taxable","19":"purchasable","20":"product-type-variable","21":"has-default-attributes"},"brands":[{"id":261,"name":"Burberry","slug":"burberry"}],"_links":{"self":[{"href":"https:\/\/www.freeshopfrontiera.ch\/fr\/wp-json\/wp\/v2\/product\/14007","targetHints":{"allow":["GET"]}}],"collection":[{"href":"https:\/\/www.freeshopfrontiera.ch\/fr\/wp-json\/wp\/v2\/product"}],"about":[{"href":"https:\/\/www.freeshopfrontiera.ch\/fr\/wp-json\/wp\/v2\/types\/product"}],"replies":[{"embeddable":true,"href":"https:\/\/www.freeshopfrontiera.ch\/fr\/wp-json\/wp\/v2\/comments?post=14007"}],"version-history":[{"count":7,"href":"https:\/\/www.freeshopfrontiera.ch\/fr\/wp-json\/wp\/v2\/product\/14007\/revisions"}],"predecessor-version":[{"id":24426,"href":"https:\/\/www.freeshopfrontiera.ch\/fr\/wp-json\/wp\/v2\/product\/14007\/revisions\/24426"}],"wp:featuredmedia":[{"embeddable":true,"href":"https:\/\/www.freeshopfrontiera.ch\/fr\/wp-json\/wp\/v2\/media\/13991"}],"wp:attachment":[{"href":"https:\/\/www.freeshopfrontiera.ch\/fr\/wp-json\/wp\/v2\/media?parent=14007"}],"wp:term":[{"taxonomy":"pwb-brand","embeddable":true,"href":"https:\/\/www.freeshopfrontiera.ch\/fr\/wp-json\/wp\/v2\/pwb-brand?post=14007"},{"taxonomy":"product_brand","embeddable":true,"href":"https:\/\/www.freeshopfrontiera.ch\/fr\/wp-json\/wp\/v2\/product_brand?post=14007"},{"taxonomy":"product_cat","embeddable":true,"href":"https:\/\/www.freeshopfrontiera.ch\/fr\/wp-json\/wp\/v2\/product_cat?post=14007"},{"taxonomy":"product_tag","embeddable":true,"href":"https:\/\/www.freeshopfrontiera.ch\/fr\/wp-json\/wp\/v2\/product_tag?post=14007"}],"curies":[{"name":"wp","href":"https:\/\/api.w.org\/{rel}","templated":true}]}}