{"id":14037,"date":"2025-02-17T12:37:10","date_gmt":"2025-02-17T12:37:10","guid":{"rendered":"https:\/\/freeshopswiss.alesca.org\/shop\/bulgari-man-in-black-eau-de-parfum\/"},"modified":"2025-03-12T12:13:55","modified_gmt":"2025-03-12T12:13:55","slug":"bulgari-man-in-black-eau-de-parfum","status":"publish","type":"product","link":"https:\/\/www.freeshopfrontiera.ch\/fr\/shop\/bulgari-man-in-black-eau-de-parfum\/","title":{"rendered":"BULGARI Man In Black"},"content":{"rendered":"<p data-start=\"0\" data-end=\"310\">BULGARI Man In Black Eau de Parfum est un parfum audacieux et charismatique qui incarne l&rsquo;essence de l&rsquo;homme moderne. Cette cr\u00e9ation olfactive rend hommage \u00e0 la force, \u00e0 la passion et \u00e0 l&rsquo;\u00e9l\u00e9gance intemporelle, parfaite pour ceux qui souhaitent exprimer leur personnalit\u00e9 unique \u00e0 travers un parfum distinctif.<\/p>\n<p data-start=\"312\" data-end=\"639\">L&rsquo;ouverture du parfum est marqu\u00e9e par une explosion de notes \u00e9pic\u00e9es, o\u00f9 l&rsquo;intensit\u00e9 du rhum rencontre la chaleur vibrante du poivre noir, cr\u00e9ant une premi\u00e8re impression vibrante et \u00e9nergique. Ces accords puissants captivent imm\u00e9diatement les sens et \u00e9voquent un homme audacieux et s\u00fbr de lui, pr\u00eat \u00e0 prendre le monde d&rsquo;assaut.<\/p>\n<p data-start=\"641\" data-end=\"968\">Le c\u0153ur de la composition d\u00e9voile une alliance s\u00e9duisante de fleurs d&rsquo;hibiscus et de cuir, offrant une facette plus profonde et sophistiqu\u00e9e de cette fragrance. Le cuir apporte une touche virile et sensuelle, tandis que l&rsquo;hibiscus ajoute une note florale douce mais complexe, \u00e9quilibrant parfaitement les \u00e9pices de l&rsquo;ouverture.<\/p>\n<p data-start=\"970\" data-end=\"1314\">Les notes de fond, d&rsquo;une richesse in\u00e9gal\u00e9e, se d\u00e9voilent \u00e0 travers une fusion de bois de ga\u00efac, d&rsquo;ambre et de r\u00e9sines, cr\u00e9ant une base chaude, bois\u00e9e et r\u00e9sineuse qui laisse une empreinte durable. Cette combinaison profonde et enveloppante donne \u00e0 BULGARI Man In Black une long\u00e9vit\u00e9 exceptionnelle et un sillage \u00e9l\u00e9gant qui ne cesse de s\u00e9duire.<\/p>\n<p data-start=\"1316\" data-end=\"1719\">Adapt\u00e9 \u00e0 toutes les occasions, du quotidien aux \u00e9v\u00e9nements sp\u00e9ciaux, Man In Black est le choix id\u00e9al pour l&rsquo;homme confiant et charismatique qui souhaite marquer sa pr\u00e9sence et laisser une trace ind\u00e9l\u00e9bile partout o\u00f9 il va. Son flacon, au design \u00e9l\u00e9gant et moderne, refl\u00e8te parfaitement la sophistication de son contenu, faisant de ce parfum non seulement une fragrance mais aussi un objet de collection.<\/p>\n<p data-start=\"1721\" data-end=\"1836\" data-is-last-node=\"\" data-is-only-node=\"\">Portez BULGARI Man In Black et pr\u00e9parez-vous \u00e0 conqu\u00e9rir le monde avec une aura de charisme et d&rsquo;\u00e9l\u00e9gance in\u00e9gal\u00e9e.<\/p>\n<p>Follow us! <a href=\"https:\/\/www.instagram.com\/freeshopswiss\/\" target=\"_blank\" rel=\"noopener\">@freeshopswiss<\/a><\/p>\n","protected":false},"excerpt":{"rendered":"<p><em><strong>Eau de Parfum<\/strong><\/em><\/p>\n","protected":false},"featured_media":14023,"comment_status":"open","ping_status":"closed","template":"","meta":[],"pwb-brand":[399],"product_brand":[],"product_cat":[87,89],"product_tag":[252,143,97],"class_list":{"0":"post-14037","1":"product","2":"type-product","3":"status-publish","4":"has-post-thumbnail","6":"pwb-brand-bulgari","7":"product_cat-parfums","8":"product_cat-pour-lui","9":"product_tag-eau-de-parfum-fr","10":"product_tag-homme","11":"product_tag-parfums","13":"first","14":"instock","15":"sale","16":"taxable","17":"shipping-taxable","18":"purchasable","19":"product-type-variable","20":"has-default-attributes"},"brands":[{"id":399,"name":"Bulgari","slug":"bulgari"}],"_links":{"self":[{"href":"https:\/\/www.freeshopfrontiera.ch\/fr\/wp-json\/wp\/v2\/product\/14037","targetHints":{"allow":["GET"]}}],"collection":[{"href":"https:\/\/www.freeshopfrontiera.ch\/fr\/wp-json\/wp\/v2\/product"}],"about":[{"href":"https:\/\/www.freeshopfrontiera.ch\/fr\/wp-json\/wp\/v2\/types\/product"}],"replies":[{"embeddable":true,"href":"https:\/\/www.freeshopfrontiera.ch\/fr\/wp-json\/wp\/v2\/comments?post=14037"}],"version-history":[{"count":4,"href":"https:\/\/www.freeshopfrontiera.ch\/fr\/wp-json\/wp\/v2\/product\/14037\/revisions"}],"predecessor-version":[{"id":18412,"href":"https:\/\/www.freeshopfrontiera.ch\/fr\/wp-json\/wp\/v2\/product\/14037\/revisions\/18412"}],"wp:featuredmedia":[{"embeddable":true,"href":"https:\/\/www.freeshopfrontiera.ch\/fr\/wp-json\/wp\/v2\/media\/14023"}],"wp:attachment":[{"href":"https:\/\/www.freeshopfrontiera.ch\/fr\/wp-json\/wp\/v2\/media?parent=14037"}],"wp:term":[{"taxonomy":"pwb-brand","embeddable":true,"href":"https:\/\/www.freeshopfrontiera.ch\/fr\/wp-json\/wp\/v2\/pwb-brand?post=14037"},{"taxonomy":"product_brand","embeddable":true,"href":"https:\/\/www.freeshopfrontiera.ch\/fr\/wp-json\/wp\/v2\/product_brand?post=14037"},{"taxonomy":"product_cat","embeddable":true,"href":"https:\/\/www.freeshopfrontiera.ch\/fr\/wp-json\/wp\/v2\/product_cat?post=14037"},{"taxonomy":"product_tag","embeddable":true,"href":"https:\/\/www.freeshopfrontiera.ch\/fr\/wp-json\/wp\/v2\/product_tag?post=14037"}],"curies":[{"name":"wp","href":"https:\/\/api.w.org\/{rel}","templated":true}]}}