{"id":14050,"date":"2025-02-17T12:55:54","date_gmt":"2025-02-17T12:55:54","guid":{"rendered":"https:\/\/freeshopswiss.alesca.org\/?post_type=product&#038;p=14050"},"modified":"2026-04-29T11:05:23","modified_gmt":"2026-04-29T11:05:23","slug":"creed-millesime-femme-aventus","status":"publish","type":"product","link":"https:\/\/www.freeshopfrontiera.ch\/fr\/shop\/creed-millesime-femme-aventus\/","title":{"rendered":"CREED Millesime Femme Aventus For Her 75ml"},"content":{"rendered":"<p data-start=\"0\" data-end=\"301\"><strong data-start=\"0\" data-end=\"41\">CREED Millesime Femme Aventus For Her<\/strong> est un parfum exceptionnel, con\u00e7u pour la femme moderne, audacieuse et confiante, qui cherche \u00e0 faire une d\u00e9claration de f\u00e9minit\u00e9 forte et raffin\u00e9e. Cette fragrance incarne la force et l&rsquo;\u00e9l\u00e9gance, une v\u00e9ritable ode \u00e0 la beaut\u00e9 int\u00e9rieure et \u00e0 l&rsquo;individualit\u00e9.<\/p>\n<p data-start=\"303\" data-end=\"575\">L&rsquo;ouverture du parfum est lumineuse et fra\u00eeche, avec des notes vibrantes de bergamote, pomme et ananas. Ces accords fruit\u00e9s cr\u00e9ent une premi\u00e8re impression saisissante, pleine d&rsquo;\u00e9nergie et d&rsquo;\u00e9clat, capturant imm\u00e9diatement l&rsquo;attention de ceux qui vous entourent.<\/p>\n<p data-start=\"577\" data-end=\"894\">Au c\u0153ur du parfum, un bouquet floral sophistiqu\u00e9 se d\u00e9voile, m\u00ealant d\u00e9licatement rose, jasmin et p\u00eache. Ces fleurs exquises apportent une touche de douceur et de sensualit\u00e9, tout en conservant une \u00e9l\u00e9gance intemporelle. La complexit\u00e9 florale de cette fragrance renforce son caract\u00e8re f\u00e9minin et envo\u00fbtant.<\/p>\n<p data-start=\"896\" data-end=\"1208\">Les notes de fond viennent ajouter une profondeur irr\u00e9sistible \u00e0 cette composition. Musc, ambre et patchouli s&rsquo;unissent pour offrir une base riche, chaleureuse et durable. Ces accords enveloppants persistent sur la peau, cr\u00e9ant une aura captivante et raffin\u00e9e qui dure tout au long de la journ\u00e9e.<\/p>\n<p data-start=\"1210\" data-end=\"1558\">CREED Millesime Femme Aventus For Her est bien plus qu&rsquo;un simple parfum ; il est une extension de la personnalit\u00e9 de celle qui le porte. Que ce soit pour une soir\u00e9e \u00e9l\u00e9gante ou un moment plus d\u00e9contract\u00e9, cette fragrance s&rsquo;adapte parfaitement \u00e0 chaque occasion. Elle incarne l&rsquo;essence m\u00eame de la f\u00e9minit\u00e9 moderne, audacieuse et pleine de gr\u00e2ce.<\/p>\n<p data-start=\"1560\" data-end=\"1907\" data-is-last-node=\"\" data-is-only-node=\"\">Le flacon de ce parfum, \u00e0 la fois \u00e9l\u00e9gant et raffin\u00e9, refl\u00e8te la beaut\u00e9 et le luxe de la fragrance qu&rsquo;il renferme. Un parfum qui vous accompagne et vous inspire \u00e0 vivre pleinement, en embrassant votre unicit\u00e9 et votre force int\u00e9rieure. CREED Millesime Femme Aventus For Her est un v\u00e9ritable hommage \u00e0 la femme moderne, \u00e9l\u00e9gante et inoubliable.<\/p>\n<p>&nbsp;<\/p>\n<p>Follow us! <a href=\"https:\/\/www.instagram.com\/freeshopswiss\/\" target=\"_blank\" rel=\"noopener\">@freeshopswiss<\/a><\/p>\n","protected":false},"excerpt":{"rendered":"<p><em><strong>Eau de Parfum<\/strong><\/em><\/p>\n","protected":false},"featured_media":16122,"comment_status":"open","ping_status":"closed","template":"","meta":[],"pwb-brand":[403],"product_brand":[],"product_cat":[87,109],"product_tag":[252,5050,789,97],"class_list":{"0":"post-14050","1":"product","2":"type-product","3":"status-publish","4":"has-post-thumbnail","6":"pwb-brand-creed","7":"product_cat-parfums","8":"product_cat-pour-elle","9":"product_tag-eau-de-parfum-fr","10":"product_tag-fete-des-meres","11":"product_tag-womens-fragrances-fr","12":"product_tag-parfums","14":"first","15":"instock","16":"taxable","17":"shipping-taxable","18":"purchasable","19":"product-type-simple"},"brands":[{"id":403,"name":"Creed","slug":"creed"}],"_links":{"self":[{"href":"https:\/\/www.freeshopfrontiera.ch\/fr\/wp-json\/wp\/v2\/product\/14050","targetHints":{"allow":["GET"]}}],"collection":[{"href":"https:\/\/www.freeshopfrontiera.ch\/fr\/wp-json\/wp\/v2\/product"}],"about":[{"href":"https:\/\/www.freeshopfrontiera.ch\/fr\/wp-json\/wp\/v2\/types\/product"}],"replies":[{"embeddable":true,"href":"https:\/\/www.freeshopfrontiera.ch\/fr\/wp-json\/wp\/v2\/comments?post=14050"}],"version-history":[{"count":5,"href":"https:\/\/www.freeshopfrontiera.ch\/fr\/wp-json\/wp\/v2\/product\/14050\/revisions"}],"predecessor-version":[{"id":18278,"href":"https:\/\/www.freeshopfrontiera.ch\/fr\/wp-json\/wp\/v2\/product\/14050\/revisions\/18278"}],"wp:featuredmedia":[{"embeddable":true,"href":"https:\/\/www.freeshopfrontiera.ch\/fr\/wp-json\/wp\/v2\/media\/16122"}],"wp:attachment":[{"href":"https:\/\/www.freeshopfrontiera.ch\/fr\/wp-json\/wp\/v2\/media?parent=14050"}],"wp:term":[{"taxonomy":"pwb-brand","embeddable":true,"href":"https:\/\/www.freeshopfrontiera.ch\/fr\/wp-json\/wp\/v2\/pwb-brand?post=14050"},{"taxonomy":"product_brand","embeddable":true,"href":"https:\/\/www.freeshopfrontiera.ch\/fr\/wp-json\/wp\/v2\/product_brand?post=14050"},{"taxonomy":"product_cat","embeddable":true,"href":"https:\/\/www.freeshopfrontiera.ch\/fr\/wp-json\/wp\/v2\/product_cat?post=14050"},{"taxonomy":"product_tag","embeddable":true,"href":"https:\/\/www.freeshopfrontiera.ch\/fr\/wp-json\/wp\/v2\/product_tag?post=14050"}],"curies":[{"name":"wp","href":"https:\/\/api.w.org\/{rel}","templated":true}]}}