{"id":14075,"date":"2025-02-17T13:49:52","date_gmt":"2025-02-17T13:49:52","guid":{"rendered":"https:\/\/freeshopswiss.alesca.org\/?post_type=product&#038;p=14075"},"modified":"2025-03-12T10:53:45","modified_gmt":"2025-03-12T10:53:45","slug":"iceberg-eau-de-iceberg-wild-rose-eau-de-toilette-vapo-100ml","status":"publish","type":"product","link":"https:\/\/www.freeshopfrontiera.ch\/fr\/shop\/iceberg-eau-de-iceberg-wild-rose-eau-de-toilette-vapo-100ml\/","title":{"rendered":"ICEBERG Eau de Iceberg Wild Rose 100ml"},"content":{"rendered":"<article class=\"w-full text-token-text-primary focus-visible:outline-2 focus-visible:outline-offset-[-4px]\" dir=\"auto\" data-testid=\"conversation-turn-65\" data-scroll-anchor=\"true\">\n<div class=\"m-auto text-base py-[18px] px-6\">\n<div class=\"mx-auto flex flex-1 text-base gap-4 md:gap-5 lg:gap-6 md:max-w-3xl\">\n<div class=\"group\/conversation-turn relative flex w-full min-w-0 flex-col agent-turn @xs\/thread:px-0 @sm\/thread:px-1.5 @md\/thread:px-4\">\n<div class=\"flex-col gap-1 md:gap-3\">\n<div class=\"flex max-w-full flex-col flex-grow\">\n<div class=\"min-h-8 text-message relative flex w-full flex-col items-end gap-2 whitespace-normal break-words text-start [.text-message+&amp;]:mt-5\" dir=\"auto\" data-message-author-role=\"assistant\" data-message-id=\"065f96ff-68f8-46ff-8bd0-d7e45b39c752\" data-message-model-slug=\"gpt-4o-mini\">\n<div class=\"flex w-full flex-col gap-1 empty:hidden first:pt-[3px]\">\n<div class=\"markdown prose w-full break-words dark:prose-invert light\">\n<p data-start=\"0\" data-end=\"248\"><strong data-start=\"0\" data-end=\"52\">ICEBERG Eau de Iceberg Wild Rose Eau de Toilette<\/strong> est un parfum captivant qui capture l&rsquo;essence de la rose sauvage, une fragrance fra\u00eeche et d\u00e9licate, parfaite pour la femme moderne qui recherche une signature olfactive \u00e9l\u00e9gante et distinctive.<\/p>\n<p data-start=\"250\" data-end=\"556\">L&rsquo;ouverture de ce parfum est une v\u00e9ritable explosion de fra\u00eecheur, avec des notes d&rsquo;agrumes vivifiantes qui se m\u00ealent harmonieusement \u00e0 la douceur florale de la rose. Cette combinaison cr\u00e9e une premi\u00e8re impression l\u00e9g\u00e8re et envo\u00fbtante, id\u00e9ale pour une sensation de vitalit\u00e9 d\u00e8s les premi\u00e8res vaporisations.<\/p>\n<p data-start=\"558\" data-end=\"979\">Au c\u0153ur de la fragrance, un bouquet floral se d\u00e9ploie, o\u00f9 la <strong data-start=\"619\" data-end=\"627\">rose<\/strong> occupe la place centrale, accompagn\u00e9e de d\u00e9licates touches de <strong data-start=\"690\" data-end=\"701\">pivoine<\/strong> et de <strong data-start=\"708\" data-end=\"718\">jasmin<\/strong>. Ces fleurs, fra\u00eeches et raffin\u00e9es, \u00e9voquent l&rsquo;image d&rsquo;un jardin printanier, cr\u00e9ant une sensation de douceur et de f\u00e9minit\u00e9. Ce c\u0153ur floral apporte une dimension romantique et \u00e9l\u00e9gante, parfaite pour celles qui aiment les parfums \u00e0 la fois floraux et d\u00e9licats.<\/p>\n<p data-start=\"981\" data-end=\"1303\">Les <strong data-start=\"985\" data-end=\"1002\">notes de fond<\/strong> de <strong data-start=\"1006\" data-end=\"1021\">bois nobles<\/strong> et de <strong data-start=\"1028\" data-end=\"1036\">musc<\/strong> apportent une chaleur subtile et une sensualit\u00e9 qui compl\u00e8tent parfaitement la l\u00e9g\u00e8ret\u00e9 florale du parfum. Ces \u00e9l\u00e9ments assurent une profondeur et une long\u00e9vit\u00e9 \u00e0 la fragrance, permettant \u00e0 celle qui le porte de profiter de sa d\u00e9licatesse tout au long de la journ\u00e9e.<\/p>\n<p data-start=\"1305\" data-end=\"1725\"><strong data-start=\"1305\" data-end=\"1333\">Eau de Iceberg Wild Rose<\/strong> est un parfum polyvalent, id\u00e9al pour toutes les occasions, du quotidien aux \u00e9v\u00e9nements plus formels. Sa fra\u00eecheur le rend parfaitement adapt\u00e9 aux saisons plus chaudes, tout en offrant suffisamment de richesse pour \u00eatre port\u00e9 tout au long de l&rsquo;ann\u00e9e. Le flacon \u00e9l\u00e9gant et raffin\u00e9 refl\u00e8te la puret\u00e9 et la simplicit\u00e9 de la fragrance, en faisant un ajout pr\u00e9cieux \u00e0 toute collection de parfums.<\/p>\n<p data-start=\"1727\" data-end=\"1849\" data-is-last-node=\"\" data-is-only-node=\"\">Ce parfum incarne une f\u00e9minit\u00e9 l\u00e9g\u00e8re mais marquante, id\u00e9ale pour celles qui cherchent un parfum frais, floral et moderne.<\/p>\n<\/div>\n<\/div>\n<\/div>\n<\/div>\n<div class=\"flex items-center\"><\/div>\n<\/div>\n<\/div>\n<\/div>\n<\/div>\n<\/article>\n<p>Follow us! <a href=\"https:\/\/www.instagram.com\/freeshopswiss\/\" target=\"_blank\" rel=\"noopener\">@freeshopswiss<\/a><\/p>\n","protected":false},"excerpt":{"rendered":"<p><em><strong>Eau de Toilette<\/strong><\/em><\/p>\n","protected":false},"featured_media":14078,"comment_status":"open","ping_status":"closed","template":"","meta":[],"pwb-brand":[387],"product_brand":[],"product_cat":[87,109],"product_tag":[141,296,789,97],"class_list":{"0":"post-14075","1":"product","2":"type-product","3":"status-publish","4":"has-post-thumbnail","6":"pwb-brand-iceberg","7":"product_cat-parfums","8":"product_cat-pour-elle","9":"product_tag-eau-de-toilette-fr","10":"product_tag-femme","11":"product_tag-womens-fragrances-fr","12":"product_tag-parfums","14":"first","15":"outofstock","16":"sale","17":"taxable","18":"shipping-taxable","19":"purchasable","20":"product-type-simple"},"brands":[{"id":387,"name":"Iceberg","slug":"iceberg"}],"_links":{"self":[{"href":"https:\/\/www.freeshopfrontiera.ch\/fr\/wp-json\/wp\/v2\/product\/14075","targetHints":{"allow":["GET"]}}],"collection":[{"href":"https:\/\/www.freeshopfrontiera.ch\/fr\/wp-json\/wp\/v2\/product"}],"about":[{"href":"https:\/\/www.freeshopfrontiera.ch\/fr\/wp-json\/wp\/v2\/types\/product"}],"replies":[{"embeddable":true,"href":"https:\/\/www.freeshopfrontiera.ch\/fr\/wp-json\/wp\/v2\/comments?post=14075"}],"version-history":[{"count":5,"href":"https:\/\/www.freeshopfrontiera.ch\/fr\/wp-json\/wp\/v2\/product\/14075\/revisions"}],"predecessor-version":[{"id":18277,"href":"https:\/\/www.freeshopfrontiera.ch\/fr\/wp-json\/wp\/v2\/product\/14075\/revisions\/18277"}],"wp:featuredmedia":[{"embeddable":true,"href":"https:\/\/www.freeshopfrontiera.ch\/fr\/wp-json\/wp\/v2\/media\/14078"}],"wp:attachment":[{"href":"https:\/\/www.freeshopfrontiera.ch\/fr\/wp-json\/wp\/v2\/media?parent=14075"}],"wp:term":[{"taxonomy":"pwb-brand","embeddable":true,"href":"https:\/\/www.freeshopfrontiera.ch\/fr\/wp-json\/wp\/v2\/pwb-brand?post=14075"},{"taxonomy":"product_brand","embeddable":true,"href":"https:\/\/www.freeshopfrontiera.ch\/fr\/wp-json\/wp\/v2\/product_brand?post=14075"},{"taxonomy":"product_cat","embeddable":true,"href":"https:\/\/www.freeshopfrontiera.ch\/fr\/wp-json\/wp\/v2\/product_cat?post=14075"},{"taxonomy":"product_tag","embeddable":true,"href":"https:\/\/www.freeshopfrontiera.ch\/fr\/wp-json\/wp\/v2\/product_tag?post=14075"}],"curies":[{"name":"wp","href":"https:\/\/api.w.org\/{rel}","templated":true}]}}