{"id":14116,"date":"2025-02-17T14:27:35","date_gmt":"2025-02-17T14:27:35","guid":{"rendered":"https:\/\/freeshopswiss.alesca.org\/shop\/giorgio-armani-acqua-di-gio-homme-profondo-parfum\/"},"modified":"2025-03-12T10:53:22","modified_gmt":"2025-03-12T10:53:22","slug":"giorgio-armani-acqua-di-gio-homme-profondo-parfum","status":"publish","type":"product","link":"https:\/\/www.freeshopfrontiera.ch\/fr\/shop\/giorgio-armani-acqua-di-gio-homme-profondo-parfum\/","title":{"rendered":"GIORGIO ARMANI Acqua di Gio&rsquo; Homme Profondo"},"content":{"rendered":"<p data-start=\"0\" data-end=\"321\"><strong data-start=\"0\" data-end=\"39\">Acqua di Gio&rsquo; Homme Profondo Parfum<\/strong> de Giorgio Armani est une fragrance captivante qui capture l&rsquo;essence de la mer, l&rsquo;air frais et la profondeur de la nature. Ce parfum iconique s&rsquo;ouvre sur des notes \u00e9clatantes de bergamote et de citron, cr\u00e9ant une premi\u00e8re impression de fra\u00eecheur tonifiante et \u00e9nergisante.<\/p>\n<p data-start=\"323\" data-end=\"812\">Le c\u0153ur de la fragrance d\u00e9voile une riche combinaison aromatique de lavande, romarin et notes marines, \u00e9voquant la puret\u00e9 de l&rsquo;oc\u00e9an et une sensation de l\u00e9g\u00e8ret\u00e9. Ces \u00e9l\u00e9ments se m\u00e9langent harmonieusement pour apporter une dimension rafra\u00eechissante et vivifiante. La base, chaleureuse et sophistiqu\u00e9e, se compose de bois de c\u00e8dre, de musc et d&rsquo;ambre, qui ajoutent de la profondeur et de la sensualit\u00e9, \u00e9quilibrant parfaitement la fra\u00eecheur de la premi\u00e8re ouverture.<\/p>\n<p data-start=\"814\" data-end=\"1096\">Le flacon, avec son design \u00e9l\u00e9gant et minimaliste, est un v\u00e9ritable reflet du luxe et de la sophistication d&rsquo;Armani. Ce parfum est id\u00e9al pour l&rsquo;homme moderne, polyvalent et \u00e9l\u00e9gant, recherchant une fragrance qui s&rsquo;adapte aussi bien aux journ\u00e9es de travail qu&rsquo;aux soir\u00e9es sp\u00e9ciales.<\/p>\n<p data-start=\"1098\" data-end=\"1504\" data-is-last-node=\"\" data-is-only-node=\"\">Acqua di Gio&rsquo; Homme Profondo est le choix parfait pour ceux qui aiment les parfums marins tout en recherchant une complexit\u00e9 et une profondeur qui rendent cette fragrance unique. Chaque vaporisation est une invitation \u00e0 l&rsquo;aventure, \u00e0 la libert\u00e9, et \u00e0 la d\u00e9couverte de paysages marins sans fin. Un parfum qui transcende les saisons et qui devient un symbole de fra\u00eecheur, de dynamisme et de raffinement.<\/p>\n<p>Follow us ! <a href=\"https:\/\/www.instagram.com\/freeshopswiss\/\" target=\"_blank\" rel=\"noopener\">@freeshopswiss<\/a><\/p>\n","protected":false},"excerpt":{"rendered":"<p><em><strong>Eau de Parfum<\/strong><\/em><\/p>\n","protected":false},"featured_media":14098,"comment_status":"open","ping_status":"closed","template":"","meta":[],"pwb-brand":[263],"product_brand":[],"product_cat":[87,89],"product_tag":[252,1629,143,97],"class_list":{"0":"post-14116","1":"product","2":"type-product","3":"status-publish","4":"has-post-thumbnail","6":"pwb-brand-giorgio-armani","7":"product_cat-parfums","8":"product_cat-pour-lui","9":"product_tag-eau-de-parfum-fr","10":"product_tag-mens-fragrances-fr","11":"product_tag-homme","12":"product_tag-parfums","14":"first","15":"instock","16":"sale","17":"taxable","18":"shipping-taxable","19":"purchasable","20":"product-type-variable","21":"has-default-attributes"},"brands":[{"id":263,"name":"Giorgio Armani","slug":"giorgio-armani"}],"_links":{"self":[{"href":"https:\/\/www.freeshopfrontiera.ch\/fr\/wp-json\/wp\/v2\/product\/14116","targetHints":{"allow":["GET"]}}],"collection":[{"href":"https:\/\/www.freeshopfrontiera.ch\/fr\/wp-json\/wp\/v2\/product"}],"about":[{"href":"https:\/\/www.freeshopfrontiera.ch\/fr\/wp-json\/wp\/v2\/types\/product"}],"replies":[{"embeddable":true,"href":"https:\/\/www.freeshopfrontiera.ch\/fr\/wp-json\/wp\/v2\/comments?post=14116"}],"version-history":[{"count":4,"href":"https:\/\/www.freeshopfrontiera.ch\/fr\/wp-json\/wp\/v2\/product\/14116\/revisions"}],"predecessor-version":[{"id":18274,"href":"https:\/\/www.freeshopfrontiera.ch\/fr\/wp-json\/wp\/v2\/product\/14116\/revisions\/18274"}],"wp:featuredmedia":[{"embeddable":true,"href":"https:\/\/www.freeshopfrontiera.ch\/fr\/wp-json\/wp\/v2\/media\/14098"}],"wp:attachment":[{"href":"https:\/\/www.freeshopfrontiera.ch\/fr\/wp-json\/wp\/v2\/media?parent=14116"}],"wp:term":[{"taxonomy":"pwb-brand","embeddable":true,"href":"https:\/\/www.freeshopfrontiera.ch\/fr\/wp-json\/wp\/v2\/pwb-brand?post=14116"},{"taxonomy":"product_brand","embeddable":true,"href":"https:\/\/www.freeshopfrontiera.ch\/fr\/wp-json\/wp\/v2\/product_brand?post=14116"},{"taxonomy":"product_cat","embeddable":true,"href":"https:\/\/www.freeshopfrontiera.ch\/fr\/wp-json\/wp\/v2\/product_cat?post=14116"},{"taxonomy":"product_tag","embeddable":true,"href":"https:\/\/www.freeshopfrontiera.ch\/fr\/wp-json\/wp\/v2\/product_tag?post=14116"}],"curies":[{"name":"wp","href":"https:\/\/api.w.org\/{rel}","templated":true}]}}