{"id":14143,"date":"2025-02-17T14:58:19","date_gmt":"2025-02-17T14:58:19","guid":{"rendered":"https:\/\/freeshopswiss.alesca.org\/shop\/lancome-la-vie-est-belle-lelixir-eau-de-parfum\/"},"modified":"2025-03-12T10:53:14","modified_gmt":"2025-03-12T10:53:14","slug":"lancome-la-vie-est-belle-lelixir-eau-de-parfum","status":"publish","type":"product","link":"https:\/\/www.freeshopfrontiera.ch\/fr\/shop\/lancome-la-vie-est-belle-lelixir-eau-de-parfum\/","title":{"rendered":"LANCOME La Vie est Belle L&rsquo;Elixir"},"content":{"rendered":"<p data-start=\"0\" data-end=\"307\"><strong data-start=\"0\" data-end=\"43\">La Vie est Belle L&rsquo;Elixir Eau de Parfum<\/strong> de Lanc\u00f4me est une fragrance intense et raffin\u00e9e, incarnant la joie pure et l&rsquo;authenticit\u00e9. Ce parfum unique s&rsquo;ouvre sur une explosion de fra\u00eecheur avec des notes de poire juteuse et de bergamote lumineuse, cr\u00e9ant une sensation de vitalit\u00e9 et de l\u00e9g\u00e8ret\u00e9.<\/p>\n<p data-start=\"309\" data-end=\"679\">Au c\u0153ur de la composition, un bouquet floral compos\u00e9 de jasmin et d&rsquo;iris se m\u00eale d\u00e9licatement \u00e0 l&rsquo;essence douce et chaleureuse de vanille, apportant une profondeur sensuelle et envo\u00fbtante. La base, riche et gourmande, est domin\u00e9e par un m\u00e9lange de patchouli et de pralin\u00e9, offrant une touche irr\u00e9sistible qui enveloppe la peau d&rsquo;une douceur luxueuse.<\/p>\n<p data-start=\"681\" data-end=\"970\">La Vie est Belle L&rsquo;Elixir est un hommage \u00e0 la libert\u00e9 et \u00e0 la beaut\u00e9 int\u00e9rieure, parfait pour les femmes qui souhaitent afficher leur personnalit\u00e9 lumineuse et unique.<\/p>\n<p data-start=\"681\" data-end=\"970\">Ce parfum met en valeur l&rsquo;\u00e9nergie f\u00e9minine, apportant une touche de sophistication et de sensualit\u00e9 \u00e0 chaque instant.<\/p>\n<p data-start=\"972\" data-end=\"1307\" data-is-last-node=\"\" data-is-only-node=\"\">La bouteille, \u00e9l\u00e9gante et moderne, capture l&rsquo;essence du parfum avec sa forme d\u00e9licate et raffin\u00e9e. Ce parfum devient ainsi un v\u00e9ritable accessoire de beaut\u00e9, un incontournable \u00e0 ajouter \u00e0 votre collection. Porter La Vie est Belle L&rsquo;Elixir, c&rsquo;est c\u00e9l\u00e9brer chaque moment de la vie avec une fragrance qui exprime la joie et l&rsquo;\u00e9motion.<\/p>\n<p>Follow us! <a href=\"https:\/\/www.instagram.com\/freeshopswiss\/\" target=\"_blank\" rel=\"noopener\">@freeshopswiss<\/a><\/p>\n","protected":false},"excerpt":{"rendered":"<p><em><strong>Eau de Parfum<\/strong><\/em><\/p>\n","protected":false},"featured_media":14137,"comment_status":"open","ping_status":"closed","template":"","meta":[],"pwb-brand":[262],"product_brand":[],"product_cat":[87,109],"product_tag":[252,296,789,97],"class_list":{"0":"post-14143","1":"product","2":"type-product","3":"status-publish","4":"has-post-thumbnail","6":"pwb-brand-lancome","7":"product_cat-parfums","8":"product_cat-pour-elle","9":"product_tag-eau-de-parfum-fr","10":"product_tag-femme","11":"product_tag-womens-fragrances-fr","12":"product_tag-parfums","14":"first","15":"instock","16":"sale","17":"taxable","18":"shipping-taxable","19":"purchasable","20":"product-type-variable","21":"has-default-attributes"},"brands":[{"id":262,"name":"Lanc\u00f4me","slug":"lancome"}],"_links":{"self":[{"href":"https:\/\/www.freeshopfrontiera.ch\/fr\/wp-json\/wp\/v2\/product\/14143","targetHints":{"allow":["GET"]}}],"collection":[{"href":"https:\/\/www.freeshopfrontiera.ch\/fr\/wp-json\/wp\/v2\/product"}],"about":[{"href":"https:\/\/www.freeshopfrontiera.ch\/fr\/wp-json\/wp\/v2\/types\/product"}],"replies":[{"embeddable":true,"href":"https:\/\/www.freeshopfrontiera.ch\/fr\/wp-json\/wp\/v2\/comments?post=14143"}],"version-history":[{"count":5,"href":"https:\/\/www.freeshopfrontiera.ch\/fr\/wp-json\/wp\/v2\/product\/14143\/revisions"}],"predecessor-version":[{"id":18273,"href":"https:\/\/www.freeshopfrontiera.ch\/fr\/wp-json\/wp\/v2\/product\/14143\/revisions\/18273"}],"wp:featuredmedia":[{"embeddable":true,"href":"https:\/\/www.freeshopfrontiera.ch\/fr\/wp-json\/wp\/v2\/media\/14137"}],"wp:attachment":[{"href":"https:\/\/www.freeshopfrontiera.ch\/fr\/wp-json\/wp\/v2\/media?parent=14143"}],"wp:term":[{"taxonomy":"pwb-brand","embeddable":true,"href":"https:\/\/www.freeshopfrontiera.ch\/fr\/wp-json\/wp\/v2\/pwb-brand?post=14143"},{"taxonomy":"product_brand","embeddable":true,"href":"https:\/\/www.freeshopfrontiera.ch\/fr\/wp-json\/wp\/v2\/product_brand?post=14143"},{"taxonomy":"product_cat","embeddable":true,"href":"https:\/\/www.freeshopfrontiera.ch\/fr\/wp-json\/wp\/v2\/product_cat?post=14143"},{"taxonomy":"product_tag","embeddable":true,"href":"https:\/\/www.freeshopfrontiera.ch\/fr\/wp-json\/wp\/v2\/product_tag?post=14143"}],"curies":[{"name":"wp","href":"https:\/\/api.w.org\/{rel}","templated":true}]}}