{"id":14191,"date":"2025-02-17T15:46:47","date_gmt":"2025-02-17T15:46:47","guid":{"rendered":"https:\/\/freeshopswiss.alesca.org\/?post_type=product&#038;p=14191"},"modified":"2025-03-12T10:52:30","modified_gmt":"2025-03-12T10:52:30","slug":"rabanne-pour-homme-eau-de-toilette-100ml","status":"publish","type":"product","link":"https:\/\/www.freeshopfrontiera.ch\/fr\/shop\/rabanne-pour-homme-eau-de-toilette-100ml\/","title":{"rendered":"RABANNE Pour Homme 100ml"},"content":{"rendered":"<p data-start=\"0\" data-end=\"376\"><strong data-start=\"0\" data-end=\"38\">RABANNE Pour Homme Eau de Toilette<\/strong> est une fragrance iconique qui incarne l&rsquo;essence m\u00eame de la masculinit\u00e9 contemporaine, alliant audace et sophistication. Con\u00e7u pour l&rsquo;homme moderne, s\u00fbr de lui et charismatique, ce parfum refl\u00e8te l&rsquo;\u00e9quilibre parfait entre fra\u00eecheur et chaleur, en devenant un incontournable pour ceux qui veulent laisser une impression forte et raffin\u00e9e.<\/p>\n<p data-start=\"378\" data-end=\"825\">D\u00e8s la premi\u00e8re vaporisation, le parfum d\u00e9voile une ouverture vive et p\u00e9tillante, domin\u00e9e par des notes d&rsquo;agrumes et d&rsquo;\u00e9pices. La fra\u00eecheur du citron, de la mandarine et du pamplemousse est compl\u00e9t\u00e9e par des \u00e9pices l\u00e9g\u00e8res, comme le poivre, qui apportent un dynamisme imm\u00e9diat et \u00e9veillent les sens. Cette introduction tonique et \u00e9nergique capture l\u2019attention et donne le ton d&rsquo;une exp\u00e9rience olfactive qui se r\u00e9v\u00e8le aussi raffin\u00e9e qu&rsquo;inoubliable.<\/p>\n<p data-start=\"827\" data-end=\"1383\">Au fur et \u00e0 mesure que la fragrance \u00e9volue, le c\u0153ur r\u00e9v\u00e8le une combinaison subtile de <strong data-start=\"913\" data-end=\"924\">lavande<\/strong> et de <strong data-start=\"931\" data-end=\"939\">bois<\/strong>. La lavande, tout en restant fra\u00eeche et florale, apporte une note aromatique apaisante, tandis que les bois ajoutent de la profondeur et du caract\u00e8re au parfum. Ensemble, ces \u00e9l\u00e9ments forment un noyau complexe qui respire l&rsquo;\u00e9l\u00e9gance, tout en soulignant la puissance discr\u00e8te du parfum. Cette phase du parfum est un \u00e9quilibre parfait entre la douceur de la lavande et la robustesse des bois, cr\u00e9ant une aura de sophistication et de masculinit\u00e9.<\/p>\n<p data-start=\"1385\" data-end=\"1954\">Les <strong data-start=\"1389\" data-end=\"1406\">notes de fond<\/strong>, domin\u00e9es par le <strong data-start=\"1424\" data-end=\"1432\">musc<\/strong> et l&rsquo;<strong data-start=\"1438\" data-end=\"1447\">ambre<\/strong>, viennent envelopper la fragrance d&rsquo;une chaleur subtile mais durable. Ces notes de fond assurent une persistance remarquable et une sensualit\u00e9 enveloppante, qui laissent une empreinte de sophistication tout au long de la journ\u00e9e. Le musc ajoute une touche de puret\u00e9 et de sensualit\u00e9, tandis que l&rsquo;ambre, avec sa richesse bois\u00e9e et chaleureuse, conf\u00e8re \u00e0 l&rsquo;ensemble une profondeur irr\u00e9sistible. Cette combinaison assure que RABANNE Pour Homme ne s\u2019efface jamais, mais laisse une pr\u00e9sence m\u00e9morable qui dure.<\/p>\n<p data-start=\"2425\" data-end=\"2960\" data-is-last-node=\"\" data-is-only-node=\"\">L\u2019homme moderne qui choisit RABANNE Pour Homme choisit d&rsquo;exprimer sa force int\u00e9rieure et son individualit\u00e9 avec confiance. Il affirme sa place dans le monde, tout en sachant qu&rsquo;il laisse derri\u00e8re lui une empreinte unique, sophistiqu\u00e9e et inoubliable. Ce parfum est l&rsquo;alli\u00e9 parfait pour ceux qui veulent se distinguer tout en restant subtils et raffin\u00e9s. Au-del\u00e0 de l\u2019aromatique, il devient un v\u00e9ritable moyen d\u2019expression personnelle, parfait pour l&rsquo;homme qui souhaite marquer son territoire avec une \u00e9l\u00e9gance discr\u00e8te mais ind\u00e9niable.<\/p>\n<p>Follow us! <a href=\"https:\/\/www.instagram.com\/freeshopswiss\/\" target=\"_blank\" rel=\"noopener\">@freeshopswiss<\/a><\/p>\n","protected":false},"excerpt":{"rendered":"<p><em><strong>Eau de Toilette<\/strong><\/em><\/p>\n","protected":false},"featured_media":14194,"comment_status":"open","ping_status":"closed","template":"","meta":[],"pwb-brand":[378],"product_brand":[],"product_cat":[87,89],"product_tag":[252,1629,143,97],"class_list":{"0":"post-14191","1":"product","2":"type-product","3":"status-publish","4":"has-post-thumbnail","6":"pwb-brand-rabanne","7":"product_cat-parfums","8":"product_cat-pour-lui","9":"product_tag-eau-de-parfum-fr","10":"product_tag-mens-fragrances-fr","11":"product_tag-homme","12":"product_tag-parfums","14":"first","15":"instock","16":"sale","17":"taxable","18":"shipping-taxable","19":"purchasable","20":"product-type-simple"},"brands":[{"id":378,"name":"Rabanne","slug":"rabanne"}],"_links":{"self":[{"href":"https:\/\/www.freeshopfrontiera.ch\/fr\/wp-json\/wp\/v2\/product\/14191","targetHints":{"allow":["GET"]}}],"collection":[{"href":"https:\/\/www.freeshopfrontiera.ch\/fr\/wp-json\/wp\/v2\/product"}],"about":[{"href":"https:\/\/www.freeshopfrontiera.ch\/fr\/wp-json\/wp\/v2\/types\/product"}],"replies":[{"embeddable":true,"href":"https:\/\/www.freeshopfrontiera.ch\/fr\/wp-json\/wp\/v2\/comments?post=14191"}],"version-history":[{"count":6,"href":"https:\/\/www.freeshopfrontiera.ch\/fr\/wp-json\/wp\/v2\/product\/14191\/revisions"}],"predecessor-version":[{"id":18268,"href":"https:\/\/www.freeshopfrontiera.ch\/fr\/wp-json\/wp\/v2\/product\/14191\/revisions\/18268"}],"wp:featuredmedia":[{"embeddable":true,"href":"https:\/\/www.freeshopfrontiera.ch\/fr\/wp-json\/wp\/v2\/media\/14194"}],"wp:attachment":[{"href":"https:\/\/www.freeshopfrontiera.ch\/fr\/wp-json\/wp\/v2\/media?parent=14191"}],"wp:term":[{"taxonomy":"pwb-brand","embeddable":true,"href":"https:\/\/www.freeshopfrontiera.ch\/fr\/wp-json\/wp\/v2\/pwb-brand?post=14191"},{"taxonomy":"product_brand","embeddable":true,"href":"https:\/\/www.freeshopfrontiera.ch\/fr\/wp-json\/wp\/v2\/product_brand?post=14191"},{"taxonomy":"product_cat","embeddable":true,"href":"https:\/\/www.freeshopfrontiera.ch\/fr\/wp-json\/wp\/v2\/product_cat?post=14191"},{"taxonomy":"product_tag","embeddable":true,"href":"https:\/\/www.freeshopfrontiera.ch\/fr\/wp-json\/wp\/v2\/product_tag?post=14191"}],"curies":[{"name":"wp","href":"https:\/\/api.w.org\/{rel}","templated":true}]}}