{"id":14211,"date":"2025-02-17T16:18:14","date_gmt":"2025-02-17T16:18:14","guid":{"rendered":"https:\/\/freeshopswiss.alesca.org\/?post_type=product&#038;p=14211"},"modified":"2026-04-20T09:20:29","modified_gmt":"2026-04-20T09:20:29","slug":"giorgio-armani-acqua-di-gio-femme-eau-de-toilette-100ml","status":"publish","type":"product","link":"https:\/\/www.freeshopfrontiera.ch\/fr\/shop\/giorgio-armani-acqua-di-gio-femme-eau-de-toilette-100ml\/","title":{"rendered":"GIORGIO ARMANI Acqua di Gio&rsquo; Femme 100ml"},"content":{"rendered":"<p data-start=\"0\" data-end=\"352\"><strong data-start=\"0\" data-end=\"23\">Acqua di Gio&rsquo; Femme<\/strong> de <strong data-start=\"27\" data-end=\"45\">Giorgio Armani<\/strong> est une fragrance qui incarne la fra\u00eecheur aquatique et l\u2019\u00e9l\u00e9gance f\u00e9minine dans une composition moderne et raffin\u00e9e. Ce parfum est une v\u00e9ritable c\u00e9l\u00e9bration de la beaut\u00e9 naturelle, \u00e9voquant un sentiment de tranquillit\u00e9 et d\u2019harmonie, tout en refl\u00e9tant la libert\u00e9 et l\u2019esprit audacieux de la femme moderne.<\/p>\n<p data-start=\"354\" data-end=\"708\">Les notes de t\u00eate sont un v\u00e9ritable \u00e9clat de fra\u00eecheur, avec l\u2019intensit\u00e9 de la bergamote et du citron qui cr\u00e9ent une ouverture lumineuse et \u00e9nergisante. Ces agrumes se m\u00ealent parfaitement aux senteurs d\u00e9licates de fleur de p\u00eacher et de jasmin, apportant une douceur florale qui cr\u00e9e une transition harmonieuse vers le c\u0153ur du parfum.<\/p>\n<p data-start=\"710\" data-end=\"1032\">Le c\u0153ur du parfum d\u00e9voile un bouquet floral d&rsquo;une grande richesse, o\u00f9 le lys, la rose et le muguet se combinent pour cr\u00e9er une sensation d\u2019\u00e9l\u00e9gance et de sensualit\u00e9. Ces fleurs blanches ajoutent une dimension f\u00e9minine, pure et intemporelle \u00e0 la fragrance, tout en offrant une sensation d\u2019harmonie parfaite.<\/p>\n<p data-start=\"1034\" data-end=\"1396\">Les notes de fond du parfum sont domin\u00e9es par des bois chauds et du musc, qui apportent une profondeur enveloppante et une long\u00e9vit\u00e9 remarquable \u00e0 la fragrance. Cette base \u00e9quilibr\u00e9e ajoute de la chaleur et de la douceur, tout en restant l\u00e9g\u00e8re et d\u00e9licate, ce qui permet \u00e0 Acqua di Gio&rsquo; Femme de s\u2019adapter \u00e0 toutes les situations, du jour \u00e0 la nuit.<\/p>\n<p data-start=\"1398\" data-end=\"1806\" data-is-last-node=\"\" data-is-only-node=\"\">Acqua di Gio&rsquo; Femme est le parfum id\u00e9al pour la femme moderne, dynamique et s\u00fbre d\u2019elle, qui appr\u00e9cie la fra\u00eecheur et la luminosit\u00e9 tout en exprimant une sensualit\u00e9 discr\u00e8te et naturelle. Avec sa composition l\u00e9g\u00e8re et envo\u00fbtante, il est le compagnon parfait pour chaque occasion et repr\u00e9sente une v\u00e9ritable ode \u00e0 la nature et \u00e0 l\u2019authenticit\u00e9. Un parfum qui capture l\u2019essence m\u00eame de la f\u00e9minit\u00e9 moderne.<\/p>\n<p>Follow us! <a href=\"https:\/\/www.instagram.com\/freeshopswiss\/\" target=\"_blank\" rel=\"noopener\">@freeshopswiss<\/a><\/p>\n","protected":false},"excerpt":{"rendered":"<p><em><strong>Eau de Toilette<\/strong><\/em><\/p>\n","protected":false},"featured_media":14217,"comment_status":"open","ping_status":"closed","template":"","meta":[],"pwb-brand":[263],"product_brand":[],"product_cat":[87,109],"product_tag":[252,296,789,97],"class_list":{"0":"post-14211","1":"product","2":"type-product","3":"status-publish","4":"has-post-thumbnail","6":"pwb-brand-giorgio-armani","7":"product_cat-parfums","8":"product_cat-pour-elle","9":"product_tag-eau-de-parfum-fr","10":"product_tag-femme","11":"product_tag-womens-fragrances-fr","12":"product_tag-parfums","14":"first","15":"instock","16":"sale","17":"taxable","18":"shipping-taxable","19":"purchasable","20":"product-type-simple"},"brands":[{"id":263,"name":"Giorgio Armani","slug":"giorgio-armani"}],"_links":{"self":[{"href":"https:\/\/www.freeshopfrontiera.ch\/fr\/wp-json\/wp\/v2\/product\/14211","targetHints":{"allow":["GET"]}}],"collection":[{"href":"https:\/\/www.freeshopfrontiera.ch\/fr\/wp-json\/wp\/v2\/product"}],"about":[{"href":"https:\/\/www.freeshopfrontiera.ch\/fr\/wp-json\/wp\/v2\/types\/product"}],"replies":[{"embeddable":true,"href":"https:\/\/www.freeshopfrontiera.ch\/fr\/wp-json\/wp\/v2\/comments?post=14211"}],"version-history":[{"count":5,"href":"https:\/\/www.freeshopfrontiera.ch\/fr\/wp-json\/wp\/v2\/product\/14211\/revisions"}],"predecessor-version":[{"id":14231,"href":"https:\/\/www.freeshopfrontiera.ch\/fr\/wp-json\/wp\/v2\/product\/14211\/revisions\/14231"}],"wp:featuredmedia":[{"embeddable":true,"href":"https:\/\/www.freeshopfrontiera.ch\/fr\/wp-json\/wp\/v2\/media\/14217"}],"wp:attachment":[{"href":"https:\/\/www.freeshopfrontiera.ch\/fr\/wp-json\/wp\/v2\/media?parent=14211"}],"wp:term":[{"taxonomy":"pwb-brand","embeddable":true,"href":"https:\/\/www.freeshopfrontiera.ch\/fr\/wp-json\/wp\/v2\/pwb-brand?post=14211"},{"taxonomy":"product_brand","embeddable":true,"href":"https:\/\/www.freeshopfrontiera.ch\/fr\/wp-json\/wp\/v2\/product_brand?post=14211"},{"taxonomy":"product_cat","embeddable":true,"href":"https:\/\/www.freeshopfrontiera.ch\/fr\/wp-json\/wp\/v2\/product_cat?post=14211"},{"taxonomy":"product_tag","embeddable":true,"href":"https:\/\/www.freeshopfrontiera.ch\/fr\/wp-json\/wp\/v2\/product_tag?post=14211"}],"curies":[{"name":"wp","href":"https:\/\/api.w.org\/{rel}","templated":true}]}}