{"id":14252,"date":"2025-02-17T17:08:11","date_gmt":"2025-02-17T17:08:11","guid":{"rendered":"https:\/\/freeshopswiss.alesca.org\/shop\/thierry-mugler-alien-hypersense-eau-de-parfum\/"},"modified":"2025-03-12T10:50:29","modified_gmt":"2025-03-12T10:50:29","slug":"thierry-mugler-alien-hypersense-eau-de-parfum","status":"publish","type":"product","link":"https:\/\/www.freeshopfrontiera.ch\/fr\/shop\/thierry-mugler-alien-hypersense-eau-de-parfum\/","title":{"rendered":"THIERRY MUGLER Alien Hypersense"},"content":{"rendered":"<p data-start=\"0\" data-end=\"317\"><strong data-start=\"0\" data-end=\"34\">Alien Hypersense Eau de Parfum<\/strong> de <strong data-start=\"38\" data-end=\"56\">Thierry Mugler<\/strong> est une fragrance qui va au-del\u00e0 de l&rsquo;ordinaire, capturant l\u2019essence d\u2019un univers myst\u00e9rieux et captivant. Elle incarne la puissance, la beaut\u00e9 et l\u2019\u00e9l\u00e9gance d\u2019une d\u00e9esse moderne, con\u00e7u pour la femme qui veut laisser une trace ind\u00e9l\u00e9bile partout o\u00f9 elle passe.<\/p>\n<p data-start=\"319\" data-end=\"905\">La pyramide olfactive de ce parfum commence sur des <strong data-start=\"371\" data-end=\"403\">notes fra\u00eeches et lumineuses<\/strong> de <strong data-start=\"407\" data-end=\"420\">bergamote<\/strong> et de <strong data-start=\"427\" data-end=\"446\">fleurs blanches<\/strong>, cr\u00e9ant un bouquet \u00e9clatant et a\u00e9rien qui enrobe les sens d&rsquo;une douce fra\u00eecheur. Ces notes de t\u00eate \u00e9voquent une l\u00e9g\u00e8ret\u00e9 d\u00e9licate, mais aussi une force subtile qui pr\u00e9pare le terrain pour la suite. Le c\u0153ur du parfum est domin\u00e9 par une <strong data-start=\"682\" data-end=\"708\">note intense de jasmin<\/strong>, v\u00e9ritable symbole de sensualit\u00e9 et de f\u00e9minit\u00e9. Ce jasmin se m\u00eale harmonieusement \u00e0 des touches bois\u00e9es de <strong data-start=\"817\" data-end=\"834\">bois de c\u00e8dre<\/strong>, apportant ainsi profondeur et caract\u00e8re \u00e0 l&rsquo;ensemble de la fragrance.<\/p>\n<p data-start=\"907\" data-end=\"1343\">La <strong data-start=\"910\" data-end=\"918\">base<\/strong> de <strong data-start=\"922\" data-end=\"942\">Alien Hypersense<\/strong> est chaude et enveloppante, domin\u00e9e par des <strong data-start=\"987\" data-end=\"1004\">notes d\u2019ambre<\/strong> et de <strong data-start=\"1011\" data-end=\"1022\">vanille<\/strong>. Ces accords cr\u00e9ent une touche douce et myst\u00e9rieuse, laissant une impression durable tout en conservant une certaine sensualit\u00e9. Ce m\u00e9lange de fra\u00eecheur, de sensualit\u00e9 florale et de chaleur bois\u00e9e conf\u00e8re \u00e0 la fragrance un \u00e9quilibre parfait, parfait pour la femme audacieuse qui recherche une signature olfactive unique.<\/p>\n<p data-start=\"1345\" data-end=\"1654\">Le flacon d\u2019<strong data-start=\"1357\" data-end=\"1377\">Alien Hypersense<\/strong> est un v\u00e9ritable chef-d&rsquo;\u0153uvre. Son design <strong data-start=\"1420\" data-end=\"1433\">futuriste<\/strong> et <strong data-start=\"1437\" data-end=\"1459\">inspir\u00e9 du diamant<\/strong> refl\u00e8te la lumi\u00e8re de mani\u00e8re extraordinaire, accentuant la dimension magique et pr\u00e9cieuse de cette fragrance. Ce flacon est \u00e0 la fois un objet de d\u00e9sir et un symbole de l&rsquo;\u00e9l\u00e9gance intemporelle.<\/p>\n<p data-start=\"1656\" data-end=\"1934\" data-is-last-node=\"\" data-is-only-node=\"\">Parfait pour toutes les occasions, que ce soit le jour ou la nuit, <strong data-start=\"1723\" data-end=\"1743\">Alien Hypersense<\/strong> est destin\u00e9 \u00e0 celles qui veulent se faire remarquer et laisser une empreinte ind\u00e9l\u00e9bile. Un parfum unique, captivant et inoubliable, qui incarne la d\u00e9esse moderne avec puissance et f\u00e9minit\u00e9.<\/p>\n<p>&nbsp;<\/p>\n<p>Suivez toute notre actualit\u00e9 !\u00a0<a href=\"https:\/\/www.instagram.com\/freeshopswiss\/\" target=\"_blank\" rel=\"noopener\">@freeshopswiss<\/a><\/p>\n","protected":false},"excerpt":{"rendered":"<p><em><strong>Eau de Parfum<\/strong><\/em><\/p>\n","protected":false},"featured_media":14244,"comment_status":"open","ping_status":"closed","template":"","meta":[],"pwb-brand":[395],"product_brand":[],"product_cat":[87,109],"product_tag":[252,296,789,97],"class_list":{"0":"post-14252","1":"product","2":"type-product","3":"status-publish","4":"has-post-thumbnail","6":"pwb-brand-thierry-mugler","7":"product_cat-parfums","8":"product_cat-pour-elle","9":"product_tag-eau-de-parfum-fr","10":"product_tag-femme","11":"product_tag-womens-fragrances-fr","12":"product_tag-parfums","14":"first","15":"instock","16":"sale","17":"taxable","18":"shipping-taxable","19":"purchasable","20":"product-type-variable","21":"has-default-attributes"},"brands":[{"id":395,"name":"Thierry Mugler","slug":"thierry-mugler"}],"_links":{"self":[{"href":"https:\/\/www.freeshopfrontiera.ch\/fr\/wp-json\/wp\/v2\/product\/14252","targetHints":{"allow":["GET"]}}],"collection":[{"href":"https:\/\/www.freeshopfrontiera.ch\/fr\/wp-json\/wp\/v2\/product"}],"about":[{"href":"https:\/\/www.freeshopfrontiera.ch\/fr\/wp-json\/wp\/v2\/types\/product"}],"replies":[{"embeddable":true,"href":"https:\/\/www.freeshopfrontiera.ch\/fr\/wp-json\/wp\/v2\/comments?post=14252"}],"version-history":[{"count":5,"href":"https:\/\/www.freeshopfrontiera.ch\/fr\/wp-json\/wp\/v2\/product\/14252\/revisions"}],"predecessor-version":[{"id":18264,"href":"https:\/\/www.freeshopfrontiera.ch\/fr\/wp-json\/wp\/v2\/product\/14252\/revisions\/18264"}],"wp:featuredmedia":[{"embeddable":true,"href":"https:\/\/www.freeshopfrontiera.ch\/fr\/wp-json\/wp\/v2\/media\/14244"}],"wp:attachment":[{"href":"https:\/\/www.freeshopfrontiera.ch\/fr\/wp-json\/wp\/v2\/media?parent=14252"}],"wp:term":[{"taxonomy":"pwb-brand","embeddable":true,"href":"https:\/\/www.freeshopfrontiera.ch\/fr\/wp-json\/wp\/v2\/pwb-brand?post=14252"},{"taxonomy":"product_brand","embeddable":true,"href":"https:\/\/www.freeshopfrontiera.ch\/fr\/wp-json\/wp\/v2\/product_brand?post=14252"},{"taxonomy":"product_cat","embeddable":true,"href":"https:\/\/www.freeshopfrontiera.ch\/fr\/wp-json\/wp\/v2\/product_cat?post=14252"},{"taxonomy":"product_tag","embeddable":true,"href":"https:\/\/www.freeshopfrontiera.ch\/fr\/wp-json\/wp\/v2\/product_tag?post=14252"}],"curies":[{"name":"wp","href":"https:\/\/api.w.org\/{rel}","templated":true}]}}