{"id":14270,"date":"2025-02-18T08:27:52","date_gmt":"2025-02-18T08:27:52","guid":{"rendered":"https:\/\/freeshopswiss.alesca.org\/?post_type=product&#038;p=14270"},"modified":"2025-03-12T10:50:11","modified_gmt":"2025-03-12T10:50:11","slug":"thierry-mugler-amen-fantasm-eau-de-parfum-100ml","status":"publish","type":"product","link":"https:\/\/www.freeshopfrontiera.ch\/fr\/shop\/thierry-mugler-amen-fantasm-eau-de-parfum-100ml\/","title":{"rendered":"THIERRY MUGLER Amen Fantasm 100ml"},"content":{"rendered":"<p data-start=\"0\" data-end=\"307\"><strong data-start=\"0\" data-end=\"45\">Thierry Mugler Amen Fantasm Eau de Parfum<\/strong> est une fragrance unique et enveloppante, con\u00e7ue pour l&rsquo;homme moderne qui souhaite affirmer sa masculinit\u00e9 avec audace et \u00e9l\u00e9gance. Ce parfum incarne la force et le myst\u00e8re, tout en offrant une complexit\u00e9 olfactive fascinante qui ne laisse personne indiff\u00e9rent.<\/p>\n<p data-start=\"309\" data-end=\"828\">La pyramide olfactive s&rsquo;ouvre sur des <strong data-start=\"347\" data-end=\"375\">notes fra\u00eeches de menthe<\/strong> et de <strong data-start=\"382\" data-end=\"393\">lavande<\/strong>, apportant une touche vivifiante et \u00e9nergique. Ces premi\u00e8res notes se fondent rapidement dans un c\u0153ur riche et intense de <strong data-start=\"516\" data-end=\"530\">caf\u00e9 chaud<\/strong>, de <strong data-start=\"535\" data-end=\"546\">vanille<\/strong> et de <strong data-start=\"553\" data-end=\"566\">patchouli<\/strong>, cr\u00e9ant une combinaison chaleureuse et gourmande qui enveloppe les sens. Le <strong data-start=\"643\" data-end=\"651\">caf\u00e9<\/strong> conf\u00e8re une profondeur intrigante, tandis que la <strong data-start=\"701\" data-end=\"712\">vanille<\/strong> et le <strong data-start=\"719\" data-end=\"732\">patchouli<\/strong> ajoutent une douceur bois\u00e9e et \u00e9pic\u00e9e, parfaite pour une sensation de confort et de sensualit\u00e9.<\/p>\n<p data-start=\"830\" data-end=\"1287\">La base du parfum est domin\u00e9e par des <strong data-start=\"868\" data-end=\"885\">notes d&rsquo;ambre<\/strong> et de <strong data-start=\"892\" data-end=\"900\">musc<\/strong>, qui apportent une fondation solide et persistante, tout en accentuant la chaleur et la profondeur de la fragrance. Ces \u00e9l\u00e9ments bois\u00e9s et musqu\u00e9s offrent une tenue longue dur\u00e9e, cr\u00e9ant une empreinte olfactive captivante et inoubliable. <strong data-start=\"1138\" data-end=\"1154\">Amen Fantasm<\/strong> est une fragrance audacieuse et riche, qui s&rsquo;adresse \u00e0 l&rsquo;homme s\u00fbr de lui et myst\u00e9rieux, toujours pr\u00eat \u00e0 faire une forte impression.<\/p>\n<p data-start=\"1289\" data-end=\"1520\">Le flacon, au design <strong data-start=\"1310\" data-end=\"1336\">futuriste et audacieux<\/strong>, refl\u00e8te parfaitement la puissance et l&rsquo;\u00e9l\u00e9gance de son contenu. Avec sa forme angulaire et ses lignes nettes, il incarne l&rsquo;esprit innovant et moderne de la marque <strong data-start=\"1501\" data-end=\"1519\">Thierry Mugler Amen<\/strong>.<\/p>\n<p data-start=\"1522\" data-end=\"1809\" data-is-last-node=\"\" data-is-only-node=\"\"><strong data-start=\"1522\" data-end=\"1538\">Amen Fantasm<\/strong> est un parfum id\u00e9al pour toutes les occasions o\u00f9 vous souhaitez vous faire remarquer et laisser une trace durable. Parfait pour l&rsquo;homme qui recherche une fragrance unique, intense et pleine de caract\u00e8re, ce parfum est une v\u00e9ritable d\u00e9claration de force et de sensualit\u00e9.<\/p>\n<p>Follow us! <a href=\"https:\/\/www.instagram.com\/freeshopswiss\/\" target=\"_blank\" rel=\"noopener\">@freeshopswiss<\/a><\/p>\n","protected":false},"excerpt":{"rendered":"<p><em><strong>Eau de Parfum<\/strong><\/em><\/p>\n","protected":false},"featured_media":14273,"comment_status":"open","ping_status":"closed","template":"","meta":[],"pwb-brand":[395],"product_brand":[],"product_cat":[87,89],"product_tag":[252,1629,97],"class_list":{"0":"post-14270","1":"product","2":"type-product","3":"status-publish","4":"has-post-thumbnail","6":"pwb-brand-thierry-mugler","7":"product_cat-parfums","8":"product_cat-pour-lui","9":"product_tag-eau-de-parfum-fr","10":"product_tag-mens-fragrances-fr","11":"product_tag-parfums","13":"first","14":"instock","15":"sale","16":"taxable","17":"shipping-taxable","18":"purchasable","19":"product-type-simple"},"brands":[{"id":395,"name":"Thierry Mugler","slug":"thierry-mugler"}],"_links":{"self":[{"href":"https:\/\/www.freeshopfrontiera.ch\/fr\/wp-json\/wp\/v2\/product\/14270","targetHints":{"allow":["GET"]}}],"collection":[{"href":"https:\/\/www.freeshopfrontiera.ch\/fr\/wp-json\/wp\/v2\/product"}],"about":[{"href":"https:\/\/www.freeshopfrontiera.ch\/fr\/wp-json\/wp\/v2\/types\/product"}],"replies":[{"embeddable":true,"href":"https:\/\/www.freeshopfrontiera.ch\/fr\/wp-json\/wp\/v2\/comments?post=14270"}],"version-history":[{"count":5,"href":"https:\/\/www.freeshopfrontiera.ch\/fr\/wp-json\/wp\/v2\/product\/14270\/revisions"}],"predecessor-version":[{"id":18262,"href":"https:\/\/www.freeshopfrontiera.ch\/fr\/wp-json\/wp\/v2\/product\/14270\/revisions\/18262"}],"wp:featuredmedia":[{"embeddable":true,"href":"https:\/\/www.freeshopfrontiera.ch\/fr\/wp-json\/wp\/v2\/media\/14273"}],"wp:attachment":[{"href":"https:\/\/www.freeshopfrontiera.ch\/fr\/wp-json\/wp\/v2\/media?parent=14270"}],"wp:term":[{"taxonomy":"pwb-brand","embeddable":true,"href":"https:\/\/www.freeshopfrontiera.ch\/fr\/wp-json\/wp\/v2\/pwb-brand?post=14270"},{"taxonomy":"product_brand","embeddable":true,"href":"https:\/\/www.freeshopfrontiera.ch\/fr\/wp-json\/wp\/v2\/product_brand?post=14270"},{"taxonomy":"product_cat","embeddable":true,"href":"https:\/\/www.freeshopfrontiera.ch\/fr\/wp-json\/wp\/v2\/product_cat?post=14270"},{"taxonomy":"product_tag","embeddable":true,"href":"https:\/\/www.freeshopfrontiera.ch\/fr\/wp-json\/wp\/v2\/product_tag?post=14270"}],"curies":[{"name":"wp","href":"https:\/\/api.w.org\/{rel}","templated":true}]}}