{"id":14298,"date":"2025-02-18T08:47:03","date_gmt":"2025-02-18T08:47:03","guid":{"rendered":"https:\/\/freeshopswiss.alesca.org\/?post_type=product&#038;p=14298"},"modified":"2025-03-12T10:49:53","modified_gmt":"2025-03-12T10:49:53","slug":"valentino-valentino-uomo-eau-de-toilette-100ml","status":"publish","type":"product","link":"https:\/\/www.freeshopfrontiera.ch\/fr\/shop\/valentino-valentino-uomo-eau-de-toilette-100ml\/","title":{"rendered":"VALENTINO Valentino Uomo 100ml"},"content":{"rendered":"<p data-start=\"0\" data-end=\"281\"><strong data-start=\"0\" data-end=\"34\">Valentino Uomo Eau de Toilette<\/strong> est une fragrance sophistiqu\u00e9e et raffin\u00e9e, con\u00e7ue pour l&rsquo;homme moderne qui incarne l&rsquo;\u00e9l\u00e9gance et le style intemporel. Ce parfum est un parfait \u00e9quilibre entre fra\u00eecheur et chaleur, avec une composition olfactive qui \u00e9voque la classe et l&rsquo;audace.<\/p>\n<p data-start=\"283\" data-end=\"731\">L&rsquo;ouverture s&rsquo;exprime par des notes fra\u00eeches de bergamote, apportant une sensation de l\u00e9g\u00e8ret\u00e9 et de vivacit\u00e9. Ces premi\u00e8res notes p\u00e9tillantes se fondent rapidement dans un c\u0153ur gourmand et sensuel de gianduja, de cacao et de rose, qui conf\u00e8rent au parfum une richesse douce et envo\u00fbtante, avec une touche de d\u00e9licatesse florale. Ce m\u00e9lange unique cr\u00e9e une atmosph\u00e8re chaleureuse et accueillante, tout en restant \u00e9l\u00e9gamment raffin\u00e9.<\/p>\n<p data-start=\"733\" data-end=\"1054\">La base du parfum est marqu\u00e9e par des notes chaudes et enveloppantes de bois de c\u00e8dre, de cuir et de musc, qui ajoutent une profondeur sensuelle et durable \u00e0 la fragrance. Ces \u00e9l\u00e9ments bois\u00e9s et cuir\u00e9s apportent une structure solide et masculine \u00e0 l&rsquo;ensemble, tout en accentuant la longue tenue du parfum.<\/p>\n<p data-start=\"1056\" data-end=\"1658\" data-is-last-node=\"\" data-is-only-node=\"\">Valentino Uomo raconte une histoire de classe et de sophistication, id\u00e9ale pour l&rsquo;homme qui cherche \u00e0 exprimer sa personnalit\u00e9 avec \u00e9l\u00e9gance et subtilit\u00e9. Le flacon, au design simple et contemporain, refl\u00e8te parfaitement le style distinctif de la maison Valentino, avec ses lignes \u00e9pur\u00e9es et son allure moderne. Valentino Uomo est une d\u00e9claration de caract\u00e8re, qui convient parfaitement \u00e0 toutes les occasions, du jour \u00e0 la nuit, et qui ne passera pas inaper\u00e7u. Valentino Uomo est un choix incontournable pour l&rsquo;homme qui souhaite marquer sa pr\u00e9sence avec une fragrance intemporelle et raffin\u00e9e.<\/p>\n<p>Follow us! <a href=\"https:\/\/www.instagram.com\/freeshopswiss\/\" target=\"_blank\" rel=\"noopener\">@freeshopswiss<\/a><\/p>\n","protected":false},"excerpt":{"rendered":"<p><em><strong>Eau de Toilette<\/strong><\/em><\/p>\n","protected":false},"featured_media":14301,"comment_status":"open","ping_status":"closed","template":"","meta":[],"pwb-brand":[298],"product_brand":[],"product_cat":[87,89],"product_tag":[252,1629,97],"class_list":{"0":"post-14298","1":"product","2":"type-product","3":"status-publish","4":"has-post-thumbnail","6":"pwb-brand-valentino","7":"product_cat-parfums","8":"product_cat-pour-lui","9":"product_tag-eau-de-parfum-fr","10":"product_tag-mens-fragrances-fr","11":"product_tag-parfums","13":"first","14":"instock","15":"sale","16":"taxable","17":"shipping-taxable","18":"purchasable","19":"product-type-simple"},"brands":[{"id":298,"name":"Valentino","slug":"valentino"}],"_links":{"self":[{"href":"https:\/\/www.freeshopfrontiera.ch\/fr\/wp-json\/wp\/v2\/product\/14298","targetHints":{"allow":["GET"]}}],"collection":[{"href":"https:\/\/www.freeshopfrontiera.ch\/fr\/wp-json\/wp\/v2\/product"}],"about":[{"href":"https:\/\/www.freeshopfrontiera.ch\/fr\/wp-json\/wp\/v2\/types\/product"}],"replies":[{"embeddable":true,"href":"https:\/\/www.freeshopfrontiera.ch\/fr\/wp-json\/wp\/v2\/comments?post=14298"}],"version-history":[{"count":5,"href":"https:\/\/www.freeshopfrontiera.ch\/fr\/wp-json\/wp\/v2\/product\/14298\/revisions"}],"predecessor-version":[{"id":18260,"href":"https:\/\/www.freeshopfrontiera.ch\/fr\/wp-json\/wp\/v2\/product\/14298\/revisions\/18260"}],"wp:featuredmedia":[{"embeddable":true,"href":"https:\/\/www.freeshopfrontiera.ch\/fr\/wp-json\/wp\/v2\/media\/14301"}],"wp:attachment":[{"href":"https:\/\/www.freeshopfrontiera.ch\/fr\/wp-json\/wp\/v2\/media?parent=14298"}],"wp:term":[{"taxonomy":"pwb-brand","embeddable":true,"href":"https:\/\/www.freeshopfrontiera.ch\/fr\/wp-json\/wp\/v2\/pwb-brand?post=14298"},{"taxonomy":"product_brand","embeddable":true,"href":"https:\/\/www.freeshopfrontiera.ch\/fr\/wp-json\/wp\/v2\/product_brand?post=14298"},{"taxonomy":"product_cat","embeddable":true,"href":"https:\/\/www.freeshopfrontiera.ch\/fr\/wp-json\/wp\/v2\/product_cat?post=14298"},{"taxonomy":"product_tag","embeddable":true,"href":"https:\/\/www.freeshopfrontiera.ch\/fr\/wp-json\/wp\/v2\/product_tag?post=14298"}],"curies":[{"name":"wp","href":"https:\/\/api.w.org\/{rel}","templated":true}]}}