{"id":14339,"date":"2025-02-18T09:22:37","date_gmt":"2025-02-18T09:22:37","guid":{"rendered":"https:\/\/freeshopswiss.alesca.org\/shop\/michael-kors-pour-homme-eau-de-parfum\/"},"modified":"2025-03-12T10:49:41","modified_gmt":"2025-03-12T10:49:41","slug":"michael-kors-pour-homme-eau-de-parfum","status":"publish","type":"product","link":"https:\/\/www.freeshopfrontiera.ch\/fr\/shop\/michael-kors-pour-homme-eau-de-parfum\/","title":{"rendered":"MICHAEL KORS Pour Homme"},"content":{"rendered":"<p data-start=\"0\" data-end=\"312\"><strong data-start=\"0\" data-end=\"41\">Michael Kors Pour Homme Eau de Parfum<\/strong> est une fragrance distinctive et sophistiqu\u00e9e, con\u00e7ue pour l&rsquo;homme moderne qui souhaite exprimer son style audacieux et son \u00e9l\u00e9gance naturelle. Ce parfum incarne parfaitement la dualit\u00e9 entre fra\u00eecheur et intensit\u00e9, offrant une exp\u00e9rience olfactive compl\u00e8te et raffin\u00e9e.<\/p>\n<p data-start=\"314\" data-end=\"795\">La composition s&rsquo;ouvre sur des notes d&rsquo;agrumes vibrantes, principalement de mandarine, qui apportent une fra\u00eecheur imm\u00e9diate et \u00e9nergisante. Cette ouverture fruit\u00e9e se m\u00eale parfaitement \u00e0 un c\u0153ur \u00e9pic\u00e9, o\u00f9 se c\u00f4toient des accords de poivre noir, de cardamome et de noix de muscade, cr\u00e9ant une sensation dynamique et intrigante qui capte l&rsquo;attention. Ces notes \u00e9pic\u00e9es ajoutent une complexit\u00e9 moderne au parfum, qui se distingue par sa richesse et son caract\u00e8re.<\/p>\n<p data-start=\"797\" data-end=\"1311\">La base du parfum est chaleureuse et enveloppante, avec des bois pr\u00e9cieux comme le santal et le c\u00e8dre, qui conf\u00e8rent au parfum une profondeur subtile mais persistante. Les notes chaudes de cuir et d&rsquo;ambre viennent compl\u00e9ter cette composition, ajoutant une touche sensuelle et luxueuse, rendant la fragrance irr\u00e9sistible et m\u00e9morable. Cette base bois\u00e9e et cuir\u00e9e offre une impression de force et de sophistication, parfaite pour l&rsquo;homme qui recherche un parfum \u00e9l\u00e9gant, mais aussi audacieux.<\/p>\n<p data-start=\"1313\" data-end=\"1861\" data-is-last-node=\"\" data-is-only-node=\"\">Michael Kors Pour Homme est un parfum qui c\u00e9l\u00e8bre la puissance, la confiance et le raffinement. Il est id\u00e9al pour l\u2019homme moderne qui souhaite une essence unique et marquante, qui laisse une trace durable sans \u00eatre trop envahissante. Le flacon, \u00e9l\u00e9gant et sophistiqu\u00e9, compl\u00e8te parfaitement la fragrance, avec un design \u00e9pur\u00e9 et contemporain, fid\u00e8le \u00e0 l\u2019esprit de la marque Michael Kors. Ce parfum est une v\u00e9ritable d\u00e9claration de style et de personnalit\u00e9, un choix parfait pour celles et ceux qui veulent exprimer leur unicit\u00e9 avec classe.<\/p>\n<p>Suivez toute notre actualit\u00e9 !\u00a0<a href=\"https:\/\/www.instagram.com\/freeshopswiss\/\" target=\"_blank\" rel=\"noopener\">@freeshopswiss<\/a><\/p>\n","protected":false},"excerpt":{"rendered":"<p><em><strong>Eau de Parfum<\/strong><\/em><\/p>\n","protected":false},"featured_media":14328,"comment_status":"open","ping_status":"closed","template":"","meta":[],"pwb-brand":[118],"product_brand":[],"product_cat":[87,89],"product_tag":[252,1629,143,97],"class_list":{"0":"post-14339","1":"product","2":"type-product","3":"status-publish","4":"has-post-thumbnail","6":"pwb-brand-michael-kors","7":"product_cat-parfums","8":"product_cat-pour-lui","9":"product_tag-eau-de-parfum-fr","10":"product_tag-mens-fragrances-fr","11":"product_tag-homme","12":"product_tag-parfums","14":"first","15":"instock","16":"sale","17":"taxable","18":"shipping-taxable","19":"purchasable","20":"product-type-variable","21":"has-default-attributes"},"brands":[{"id":118,"name":"Michael Kors","slug":"michael-kors"}],"_links":{"self":[{"href":"https:\/\/www.freeshopfrontiera.ch\/fr\/wp-json\/wp\/v2\/product\/14339","targetHints":{"allow":["GET"]}}],"collection":[{"href":"https:\/\/www.freeshopfrontiera.ch\/fr\/wp-json\/wp\/v2\/product"}],"about":[{"href":"https:\/\/www.freeshopfrontiera.ch\/fr\/wp-json\/wp\/v2\/types\/product"}],"replies":[{"embeddable":true,"href":"https:\/\/www.freeshopfrontiera.ch\/fr\/wp-json\/wp\/v2\/comments?post=14339"}],"version-history":[{"count":4,"href":"https:\/\/www.freeshopfrontiera.ch\/fr\/wp-json\/wp\/v2\/product\/14339\/revisions"}],"predecessor-version":[{"id":18258,"href":"https:\/\/www.freeshopfrontiera.ch\/fr\/wp-json\/wp\/v2\/product\/14339\/revisions\/18258"}],"wp:featuredmedia":[{"embeddable":true,"href":"https:\/\/www.freeshopfrontiera.ch\/fr\/wp-json\/wp\/v2\/media\/14328"}],"wp:attachment":[{"href":"https:\/\/www.freeshopfrontiera.ch\/fr\/wp-json\/wp\/v2\/media?parent=14339"}],"wp:term":[{"taxonomy":"pwb-brand","embeddable":true,"href":"https:\/\/www.freeshopfrontiera.ch\/fr\/wp-json\/wp\/v2\/pwb-brand?post=14339"},{"taxonomy":"product_brand","embeddable":true,"href":"https:\/\/www.freeshopfrontiera.ch\/fr\/wp-json\/wp\/v2\/product_brand?post=14339"},{"taxonomy":"product_cat","embeddable":true,"href":"https:\/\/www.freeshopfrontiera.ch\/fr\/wp-json\/wp\/v2\/product_cat?post=14339"},{"taxonomy":"product_tag","embeddable":true,"href":"https:\/\/www.freeshopfrontiera.ch\/fr\/wp-json\/wp\/v2\/product_tag?post=14339"}],"curies":[{"name":"wp","href":"https:\/\/api.w.org\/{rel}","templated":true}]}}