{"id":14371,"date":"2025-02-18T09:56:01","date_gmt":"2025-02-18T09:56:01","guid":{"rendered":"https:\/\/freeshopswiss.alesca.org\/shop\/creed-millesime-men-imperial-eau-de-parfum\/"},"modified":"2025-03-12T10:49:24","modified_gmt":"2025-03-12T10:49:24","slug":"creed-millesime-men-imperial-eau-de-parfum","status":"publish","type":"product","link":"https:\/\/www.freeshopfrontiera.ch\/fr\/shop\/creed-millesime-men-imperial-eau-de-parfum\/","title":{"rendered":"CREED Millesime Men Imperial"},"content":{"rendered":"<p data-start=\"0\" data-end=\"433\"><strong data-start=\"0\" data-end=\"42\">Creed Millesime Imperial Eau de Parfum<\/strong> est une fragrance de luxe intemporelle, con\u00e7ue pour l&rsquo;homme moderne en qu\u00eate d&rsquo;\u00e9l\u00e9gance et de raffinement. Ce parfum d&rsquo;exception se distingue par sa fra\u00eecheur initiale et sa richesse olfactive, capturant l\u2019essence m\u00eame d\u2019un jardin m\u00e9diterran\u00e9en en pleine floraison. V\u00e9ritable chef-d&rsquo;\u0153uvre de la parfumerie, <strong data-start=\"350\" data-end=\"372\">Millesime Imperial<\/strong> incarne la sophistication dans chaque note et chaque d\u00e9tail.<\/p>\n<p data-start=\"435\" data-end=\"1051\">La pyramide olfactive s&rsquo;ouvre sur des notes fra\u00eeches et fruit\u00e9es de <strong data-start=\"503\" data-end=\"516\">bergamote<\/strong>, de <strong data-start=\"521\" data-end=\"531\">citron<\/strong> et de <strong data-start=\"538\" data-end=\"547\">melon<\/strong>, apportant une ouverture lumineuse et vivifiante. Ces premi\u00e8res notes offrent une sensation imm\u00e9diate de fra\u00eecheur, qui se m\u00eale harmonieusement \u00e0 un c\u0153ur subtil d&rsquo;<strong data-start=\"711\" data-end=\"719\">iris<\/strong>, de <strong data-start=\"724\" data-end=\"745\">racine de v\u00e9tiver<\/strong> et de <strong data-start=\"752\" data-end=\"760\">musc<\/strong>, apportant \u00e0 la fragrance une touche florale et terreuse, \u00e0 la fois douce et raffin\u00e9e. La base du parfum, quant \u00e0 elle, se distingue par des notes chaudes et enveloppantes de <strong data-start=\"936\" data-end=\"953\">bois pr\u00e9cieux<\/strong>, d&rsquo;<strong data-start=\"957\" data-end=\"966\">ambre<\/strong> et de <strong data-start=\"973\" data-end=\"981\">musc<\/strong>, qui apportent profondeur, sensualit\u00e9 et une persistance remarquable.<\/p>\n<p data-start=\"1053\" data-end=\"1459\"><strong data-start=\"1053\" data-end=\"1081\">Creed Millesime Imperial<\/strong> est bien plus qu&rsquo;un parfum : c\u2019est un symbole de luxe, de distinction et de classe. Il convient parfaitement \u00e0 l\u2019homme qui recherche une essence unique et exclusive, un parfum qui \u00e9voque \u00e0 la fois puissance et d\u00e9licatesse. Ce parfum sophistiqu\u00e9 est id\u00e9al pour les grandes occasions, mais aussi pour les moments o\u00f9 vous souhaitez vous distinguer et faire une impression durable.<\/p>\n<p data-start=\"1461\" data-end=\"1881\" data-is-last-node=\"\" data-is-only-node=\"\">Le flacon, \u00e0 la fois \u00e9l\u00e9gant et distinctif, refl\u00e8te parfaitement l\u2019esprit de la marque <strong data-start=\"1548\" data-end=\"1557\">Creed<\/strong>. Son design \u00e9pur\u00e9 et raffin\u00e9 met en valeur la qualit\u00e9 et l&rsquo;artisanat exceptionnel de la parfumerie de luxe, faisant de chaque vaporisation une exp\u00e9rience sensorielle exceptionnelle. <strong data-start=\"1740\" data-end=\"1768\">Creed Millesime Imperial<\/strong> est le parfum parfait pour l&rsquo;homme qui d\u00e9sire s&rsquo;immerger dans une exp\u00e9rience olfactive de prestige et de classe.<\/p>\n<p>&nbsp;<\/p>\n<p>Follow us! <a href=\"https:\/\/www.instagram.com\/freeshopswiss\/\" target=\"_blank\" rel=\"noopener\">@freeshopswiss<\/a><\/p>\n","protected":false},"excerpt":{"rendered":"<p><em><strong>Eau de Parfum<\/strong><\/em><\/p>\n","protected":false},"featured_media":16126,"comment_status":"open","ping_status":"closed","template":"","meta":[],"pwb-brand":[403],"product_brand":[],"product_cat":[87,109],"product_tag":[252,1629,143,97],"class_list":{"0":"post-14371","1":"product","2":"type-product","3":"status-publish","4":"has-post-thumbnail","6":"pwb-brand-creed","7":"product_cat-parfums","8":"product_cat-pour-elle","9":"product_tag-eau-de-parfum-fr","10":"product_tag-mens-fragrances-fr","11":"product_tag-homme","12":"product_tag-parfums","14":"first","15":"instock","16":"taxable","17":"shipping-taxable","18":"purchasable","19":"product-type-variable","20":"has-default-attributes"},"brands":[{"id":403,"name":"Creed","slug":"creed"}],"_links":{"self":[{"href":"https:\/\/www.freeshopfrontiera.ch\/fr\/wp-json\/wp\/v2\/product\/14371","targetHints":{"allow":["GET"]}}],"collection":[{"href":"https:\/\/www.freeshopfrontiera.ch\/fr\/wp-json\/wp\/v2\/product"}],"about":[{"href":"https:\/\/www.freeshopfrontiera.ch\/fr\/wp-json\/wp\/v2\/types\/product"}],"replies":[{"embeddable":true,"href":"https:\/\/www.freeshopfrontiera.ch\/fr\/wp-json\/wp\/v2\/comments?post=14371"}],"version-history":[{"count":4,"href":"https:\/\/www.freeshopfrontiera.ch\/fr\/wp-json\/wp\/v2\/product\/14371\/revisions"}],"predecessor-version":[{"id":18256,"href":"https:\/\/www.freeshopfrontiera.ch\/fr\/wp-json\/wp\/v2\/product\/14371\/revisions\/18256"}],"wp:featuredmedia":[{"embeddable":true,"href":"https:\/\/www.freeshopfrontiera.ch\/fr\/wp-json\/wp\/v2\/media\/16126"}],"wp:attachment":[{"href":"https:\/\/www.freeshopfrontiera.ch\/fr\/wp-json\/wp\/v2\/media?parent=14371"}],"wp:term":[{"taxonomy":"pwb-brand","embeddable":true,"href":"https:\/\/www.freeshopfrontiera.ch\/fr\/wp-json\/wp\/v2\/pwb-brand?post=14371"},{"taxonomy":"product_brand","embeddable":true,"href":"https:\/\/www.freeshopfrontiera.ch\/fr\/wp-json\/wp\/v2\/product_brand?post=14371"},{"taxonomy":"product_cat","embeddable":true,"href":"https:\/\/www.freeshopfrontiera.ch\/fr\/wp-json\/wp\/v2\/product_cat?post=14371"},{"taxonomy":"product_tag","embeddable":true,"href":"https:\/\/www.freeshopfrontiera.ch\/fr\/wp-json\/wp\/v2\/product_tag?post=14371"}],"curies":[{"name":"wp","href":"https:\/\/api.w.org\/{rel}","templated":true}]}}