{"id":14408,"date":"2025-02-18T11:16:18","date_gmt":"2025-02-18T11:16:18","guid":{"rendered":"https:\/\/freeshopswiss.alesca.org\/shop\/erborian-cc-creme-clair-45ml\/"},"modified":"2025-11-08T13:18:38","modified_gmt":"2025-11-08T13:18:38","slug":"erborian-cc-creme-clair-45ml","status":"publish","type":"product","link":"https:\/\/www.freeshopfrontiera.ch\/fr\/shop\/erborian-cc-creme-clair-45ml\/","title":{"rendered":"ERBORIAN CC Creme Clair 45ml"},"content":{"rendered":"<p data-start=\"1302\" data-end=\"1794\">Vainqueur du prix de la meilleure CC Cream lors des Tatler Beauty Awards annuels, la <strong data-start=\"1387\" data-end=\"1414\">Erborian CC Cream Clair<\/strong> est le secret cor\u00e9en pour un teint parfait et lumineux. Cette cr\u00e8me haute d\u00e9finition s&rsquo;adapte parfaitement au ton de la peau, am\u00e9liorant sa texture et cr\u00e9ant un teint uniforme sans \u00eatre lourde. La formule innovante, enrichie de pigments encapsul\u00e9s, se fond avec la peau, illuminant et perfectionnant l&rsquo;apparence, r\u00e9duisant les imperfections et laissant la peau douce et radieuse.<\/p>\n<p data-start=\"1796\" data-end=\"2218\">La CC Cream Clair n&rsquo;est pas seulement un produit de beaut\u00e9, mais aussi un traitement complet gr\u00e2ce \u00e0 la <strong data-start=\"1900\" data-end=\"1921\">Centella Asiatica<\/strong>, un puissant ingr\u00e9dient anti-\u00e2ge qui stimule la production de collag\u00e8ne et renforce la barri\u00e8re cutan\u00e9e. Enrichie en <strong data-start=\"2039\" data-end=\"2052\">Ad\u00e9nosine<\/strong> et en <strong data-start=\"2059\" data-end=\"2074\">Vitamine B3<\/strong>, cette cr\u00e8me prot\u00e8ge des radicaux libres, am\u00e9liore l&rsquo;\u00e9lasticit\u00e9 de la peau et r\u00e9duit les irr\u00e9gularit\u00e9s, rendant la peau visiblement plus jeune.<\/p>\n<p data-start=\"2220\" data-end=\"2677\">Avec une protection solaire SPF 25, la CC Cream aide \u00e0 pr\u00e9venir les dommages caus\u00e9s par les rayons UV, en maintenant la peau prot\u00e9g\u00e9e et hydrat\u00e9e toute la journ\u00e9e. La texture l\u00e9g\u00e8re et non com\u00e9dog\u00e8ne s&rsquo;applique facilement, laissant un fini naturel, doux et lumineux, sans obstruer les pores. Id\u00e9ale pour tous les types de peau, la CC Cream Clair est parfaite pour ceux qui recherchent une couverture l\u00e9g\u00e8re mais efficace, qui am\u00e9liore la peau avec le temps.<\/p>\n<p>Follow us! <a href=\"https:\/\/www.instagram.com\/freeshopswiss\/\" target=\"_blank\" rel=\"noopener\">@freeshopswiss\u00a0<\/a><\/p>\n","protected":false},"excerpt":{"rendered":"<p>Vainqueur du prix de la meilleure CC Cream lors des Tatler Beauty Awards annuels, la Erborian CC Cream Clair est le secret cor\u00e9en pour un teint parfait et lumineux. Cette cr\u00e8me haute d\u00e9finition s&rsquo;adapte parfaitement au ton de la peau, am\u00e9liorant sa texture et cr\u00e9ant un teint uniforme sans \u00eatre lourde. La formule innovante, enrichie [&hellip;]<\/p>\n","protected":false},"featured_media":39491,"comment_status":"open","ping_status":"closed","template":"","meta":[],"pwb-brand":[411],"product_brand":[],"product_cat":[109,295,566,539,545],"product_tag":[296,3611,477,474,417,301],"class_list":{"0":"post-14408","1":"product","2":"type-product","3":"status-publish","4":"has-post-thumbnail","6":"pwb-brand-erborian","7":"product_cat-pour-elle","8":"product_cat-traitements","9":"product_cat-make-up-fr-2","10":"product_cat-maquillage-du-visage","11":"product_cat-soin-du-visage","12":"product_tag-femme","13":"product_tag-k-beauty-fr","14":"product_tag-maquillage","15":"product_tag-maquillage-du-visage","16":"product_tag-soins-fr","17":"product_tag-soins-du-visage","19":"first","20":"instock","21":"sale","22":"taxable","23":"shipping-taxable","24":"purchasable","25":"product-type-simple"},"brands":[{"id":411,"name":"Erborian","slug":"erborian"}],"_links":{"self":[{"href":"https:\/\/www.freeshopfrontiera.ch\/fr\/wp-json\/wp\/v2\/product\/14408","targetHints":{"allow":["GET"]}}],"collection":[{"href":"https:\/\/www.freeshopfrontiera.ch\/fr\/wp-json\/wp\/v2\/product"}],"about":[{"href":"https:\/\/www.freeshopfrontiera.ch\/fr\/wp-json\/wp\/v2\/types\/product"}],"replies":[{"embeddable":true,"href":"https:\/\/www.freeshopfrontiera.ch\/fr\/wp-json\/wp\/v2\/comments?post=14408"}],"version-history":[{"count":3,"href":"https:\/\/www.freeshopfrontiera.ch\/fr\/wp-json\/wp\/v2\/product\/14408\/revisions"}],"predecessor-version":[{"id":14515,"href":"https:\/\/www.freeshopfrontiera.ch\/fr\/wp-json\/wp\/v2\/product\/14408\/revisions\/14515"}],"wp:featuredmedia":[{"embeddable":true,"href":"https:\/\/www.freeshopfrontiera.ch\/fr\/wp-json\/wp\/v2\/media\/39491"}],"wp:attachment":[{"href":"https:\/\/www.freeshopfrontiera.ch\/fr\/wp-json\/wp\/v2\/media?parent=14408"}],"wp:term":[{"taxonomy":"pwb-brand","embeddable":true,"href":"https:\/\/www.freeshopfrontiera.ch\/fr\/wp-json\/wp\/v2\/pwb-brand?post=14408"},{"taxonomy":"product_brand","embeddable":true,"href":"https:\/\/www.freeshopfrontiera.ch\/fr\/wp-json\/wp\/v2\/product_brand?post=14408"},{"taxonomy":"product_cat","embeddable":true,"href":"https:\/\/www.freeshopfrontiera.ch\/fr\/wp-json\/wp\/v2\/product_cat?post=14408"},{"taxonomy":"product_tag","embeddable":true,"href":"https:\/\/www.freeshopfrontiera.ch\/fr\/wp-json\/wp\/v2\/product_tag?post=14408"}],"curies":[{"name":"wp","href":"https:\/\/api.w.org\/{rel}","templated":true}]}}