{"id":14421,"date":"2025-02-18T11:50:13","date_gmt":"2025-02-18T11:50:13","guid":{"rendered":"https:\/\/freeshopswiss.alesca.org\/shop\/olaplex-n-3-hair-perfector-100ml\/"},"modified":"2025-02-20T14:01:53","modified_gmt":"2025-02-20T14:01:53","slug":"olaplex-n-3-hair-perfector-100ml","status":"publish","type":"product","link":"https:\/\/www.freeshopfrontiera.ch\/fr\/shop\/olaplex-n-3-hair-perfector-100ml\/","title":{"rendered":"OLAPLEX N. 3 Hair Perfector 100ml"},"content":{"rendered":"<p data-start=\"15\" data-end=\"668\"><strong>Olaplex Hair Perfector N\u00b03<\/strong> est un traitement innovant pour les cheveux, d\u00e9velopp\u00e9 avec une technologie brevet\u00e9e qui r\u00e9pare de mani\u00e8re permanente les dommages caus\u00e9s par la coloration et autres traitements chimiques.<\/p>\n<p data-start=\"15\" data-end=\"668\">Contrairement aux produits traditionnels qui ne prot\u00e8gent les cheveux que des dommages suppl\u00e9mentaires, Olaplex N\u00b03 r\u00e9pare les ponts disulfure bris\u00e9s \u00e0 l&rsquo;int\u00e9rieur du cheveu, redonnant force, brillance et vitalit\u00e9. Ce traitement professionnel, auparavant utilis\u00e9 uniquement dans les salons de beaut\u00e9, est d\u00e9sormais disponible pour un usage domestique, vous permettant d&rsquo;obtenir des cheveux sains et brillants confortablement \u00e0 la maison.<\/p>\n<p data-start=\"670\" data-end=\"1122\">Le traitement est id\u00e9al pour les cheveux secs, ab\u00eem\u00e9s, d\u00e9color\u00e9s ou color\u00e9s. Les ponts disulfure, qui relient les mol\u00e9cules de k\u00e9ratine dans les cheveux, sont essentiels pour la r\u00e9sistance et l&rsquo;\u00e9lasticit\u00e9 des cheveux. Des facteurs tels que la chaleur, l&rsquo;exposition aux rayons UV ou les traitements chimiques peuvent les casser, rendant les cheveux fragiles et ternes. Olaplex N\u00b03 r\u00e9pare ces liens endommag\u00e9s et redonne aux cheveux leur force naturelle.<\/p>\n<p data-start=\"1124\" data-end=\"1340\">Sans sulfates, silicones, phtalates, DEA, ald\u00e9hydes et gluten, ce traitement est doux et s\u00fbr pour tous les types de cheveux. De plus, Olaplex Hair Perfector N\u00b03 est un produit cruelty-free, non test\u00e9 sur les animaux.<\/p>\n<p>&nbsp;<\/p>\n<p>Segui tutte le nostre novit\u00e0! <a href=\"https:\/\/www.instagram.com\/freeshopswiss\/\" target=\"_blank\" rel=\"noopener\">@freeshopswiss\u00a0<\/a><\/p>\n<p>&nbsp;<\/p>\n","protected":false},"excerpt":{"rendered":"<p>Olaplex Hair Perfector N\u00b03 est un traitement innovant pour les cheveux, d\u00e9velopp\u00e9 avec une technologie brevet\u00e9e qui r\u00e9pare de mani\u00e8re permanente les dommages caus\u00e9s par la coloration et autres traitements chimiques. Contrairement aux produits traditionnels qui ne prot\u00e8gent les cheveux que des dommages suppl\u00e9mentaires, Olaplex N\u00b03 r\u00e9pare les ponts disulfure bris\u00e9s \u00e0 l&rsquo;int\u00e9rieur du cheveu, [&hellip;]<\/p>\n","protected":false},"featured_media":14417,"comment_status":"open","ping_status":"closed","template":"","meta":[],"pwb-brand":[412],"product_brand":[],"product_cat":[109,295,542],"product_tag":[296,417,418],"class_list":{"0":"post-14421","1":"product","2":"type-product","3":"status-publish","4":"has-post-thumbnail","6":"pwb-brand-olaplex","7":"product_cat-pour-elle","8":"product_cat-traitements","9":"product_cat-soin-capillaire","10":"product_tag-femme","11":"product_tag-soins-fr","12":"product_tag-soins-capillaires-fr","14":"first","15":"instock","16":"taxable","17":"shipping-taxable","18":"purchasable","19":"product-type-simple"},"brands":[{"id":412,"name":"Olaplex","slug":"olaplex"}],"_links":{"self":[{"href":"https:\/\/www.freeshopfrontiera.ch\/fr\/wp-json\/wp\/v2\/product\/14421","targetHints":{"allow":["GET"]}}],"collection":[{"href":"https:\/\/www.freeshopfrontiera.ch\/fr\/wp-json\/wp\/v2\/product"}],"about":[{"href":"https:\/\/www.freeshopfrontiera.ch\/fr\/wp-json\/wp\/v2\/types\/product"}],"replies":[{"embeddable":true,"href":"https:\/\/www.freeshopfrontiera.ch\/fr\/wp-json\/wp\/v2\/comments?post=14421"}],"version-history":[{"count":2,"href":"https:\/\/www.freeshopfrontiera.ch\/fr\/wp-json\/wp\/v2\/product\/14421\/revisions"}],"predecessor-version":[{"id":15210,"href":"https:\/\/www.freeshopfrontiera.ch\/fr\/wp-json\/wp\/v2\/product\/14421\/revisions\/15210"}],"wp:featuredmedia":[{"embeddable":true,"href":"https:\/\/www.freeshopfrontiera.ch\/fr\/wp-json\/wp\/v2\/media\/14417"}],"wp:attachment":[{"href":"https:\/\/www.freeshopfrontiera.ch\/fr\/wp-json\/wp\/v2\/media?parent=14421"}],"wp:term":[{"taxonomy":"pwb-brand","embeddable":true,"href":"https:\/\/www.freeshopfrontiera.ch\/fr\/wp-json\/wp\/v2\/pwb-brand?post=14421"},{"taxonomy":"product_brand","embeddable":true,"href":"https:\/\/www.freeshopfrontiera.ch\/fr\/wp-json\/wp\/v2\/product_brand?post=14421"},{"taxonomy":"product_cat","embeddable":true,"href":"https:\/\/www.freeshopfrontiera.ch\/fr\/wp-json\/wp\/v2\/product_cat?post=14421"},{"taxonomy":"product_tag","embeddable":true,"href":"https:\/\/www.freeshopfrontiera.ch\/fr\/wp-json\/wp\/v2\/product_tag?post=14421"}],"curies":[{"name":"wp","href":"https:\/\/api.w.org\/{rel}","templated":true}]}}