{"id":14455,"date":"2025-02-18T12:29:18","date_gmt":"2025-02-18T12:29:18","guid":{"rendered":"https:\/\/freeshopswiss.alesca.org\/?post_type=product&#038;p=14455"},"modified":"2025-02-18T13:13:58","modified_gmt":"2025-02-18T13:13:58","slug":"biotherm-oil-therapy-baume-corps-nutri-reconstituant-400ml","status":"publish","type":"product","link":"https:\/\/www.freeshopfrontiera.ch\/fr\/shop\/biotherm-oil-therapy-baume-corps-nutri-reconstituant-400ml\/","title":{"rendered":"BIOTHERM Oil Therapy Baume Corps Nutri-Reconstituant 400ml"},"content":{"rendered":"<p data-start=\"1890\" data-end=\"2358\"><strong data-start=\"1890\" data-end=\"1952\">BIOTHERM Oil Therapy Baume Corps Nutri-Reconstituant 400ml<\/strong> est le choix parfait pour ceux qui souhaitent une peau nourrie, hydrat\u00e9e et soyeuse. Ce baume corporel est enrichi d&rsquo;un m\u00e9lange exclusif d&rsquo;huiles pr\u00e9cieuses, dont l&rsquo;huile d&rsquo;abricot, connue pour ses propri\u00e9t\u00e9s r\u00e9g\u00e9n\u00e9rantes et nourrissantes. Gr\u00e2ce \u00e0 sa texture riche et cr\u00e9meuse, ce produit p\u00e9n\u00e8tre rapidement dans la peau sans laisser de r\u00e9sidus gras, ce qui le rend id\u00e9al pour une utilisation quotidienne.<\/p>\n<p data-start=\"2360\" data-end=\"2720\">Formul\u00e9 pour restaurer la barri\u00e8re cutan\u00e9e, BIOTHERM Oil Therapy renforce la peau contre les agressions ext\u00e9rieures. Sa formule contient \u00e9galement des vitamines essentielles et des acides gras, qui aident \u00e0 maintenir l&rsquo;\u00e9lasticit\u00e9 et la douceur de la peau. Apr\u00e8s application, la peau appara\u00eet imm\u00e9diatement plus lisse, hydrat\u00e9e et avec une luminosit\u00e9 naturelle.<\/p>\n<p data-start=\"2722\" data-end=\"3123\">Une utilisation r\u00e9guli\u00e8re d&rsquo;Oil Therapy permet d&rsquo;am\u00e9liorer la texture de la peau, en pr\u00e9venant la s\u00e9cheresse et l&rsquo;exfoliation. Il est particuli\u00e8rement adapt\u00e9 aux peaux s\u00e8ches ou tr\u00e8s s\u00e8ches, qui ont tendance \u00e0 perdre rapidement de l&rsquo;hydratation. Ce baume corporel est \u00e9galement parfait pour ceux qui recherchent un produit efficace et d\u00e9licat, adapt\u00e9 \u00e0 tous les types de peau, m\u00eame les plus sensibles.<\/p>\n<p data-start=\"3125\" data-end=\"3385\">Gr\u00e2ce \u00e0 sa fragrance d\u00e9licate et enveloppante, BIOTHERM Oil Therapy transforme l&rsquo;application en un v\u00e9ritable rituel de beaut\u00e9. L&#8217;emballage de 400 ml est id\u00e9al pour une utilisation prolong\u00e9e, garantissant que votre peau reste douce et nourrie pendant longtemps.<\/p>\n<p data-start=\"67\" data-end=\"630\">Follow us! <a href=\"https:\/\/www.instagram.com\/freeshopswiss\/\" target=\"_blank\" rel=\"noopener\">@freeshopswiss\u00a0<\/a><\/p>\n","protected":false},"excerpt":{"rendered":"<p>BIOTHERM Oil Therapy Baume Corps Nutri-Reconstituant 400ml est le choix parfait pour ceux qui souhaitent une peau nourrie, hydrat\u00e9e et soyeuse. Ce baume corporel est enrichi d&rsquo;un m\u00e9lange exclusif d&rsquo;huiles pr\u00e9cieuses, dont l&rsquo;huile d&rsquo;abricot, connue pour ses propri\u00e9t\u00e9s r\u00e9g\u00e9n\u00e9rantes et nourrissantes. Gr\u00e2ce \u00e0 sa texture riche et cr\u00e9meuse, ce produit p\u00e9n\u00e8tre rapidement dans la peau [&hellip;]<\/p>\n","protected":false},"featured_media":14458,"comment_status":"open","ping_status":"closed","template":"","meta":[],"pwb-brand":[405],"product_brand":[],"product_cat":[109,89,295],"product_tag":[297,296,143,417],"class_list":{"0":"post-14455","1":"product","2":"type-product","3":"status-publish","4":"has-post-thumbnail","6":"pwb-brand-biotherm","7":"product_cat-pour-elle","8":"product_cat-pour-lui","9":"product_cat-traitements","10":"product_tag-creme-pour-le-corps","11":"product_tag-femme","12":"product_tag-homme","13":"product_tag-soins-fr","15":"first","16":"outofstock","17":"sale","18":"taxable","19":"shipping-taxable","20":"purchasable","21":"product-type-simple"},"brands":[{"id":405,"name":"Biotherm","slug":"biotherm"}],"_links":{"self":[{"href":"https:\/\/www.freeshopfrontiera.ch\/fr\/wp-json\/wp\/v2\/product\/14455","targetHints":{"allow":["GET"]}}],"collection":[{"href":"https:\/\/www.freeshopfrontiera.ch\/fr\/wp-json\/wp\/v2\/product"}],"about":[{"href":"https:\/\/www.freeshopfrontiera.ch\/fr\/wp-json\/wp\/v2\/types\/product"}],"replies":[{"embeddable":true,"href":"https:\/\/www.freeshopfrontiera.ch\/fr\/wp-json\/wp\/v2\/comments?post=14455"}],"version-history":[{"count":3,"href":"https:\/\/www.freeshopfrontiera.ch\/fr\/wp-json\/wp\/v2\/product\/14455\/revisions"}],"predecessor-version":[{"id":14467,"href":"https:\/\/www.freeshopfrontiera.ch\/fr\/wp-json\/wp\/v2\/product\/14455\/revisions\/14467"}],"wp:featuredmedia":[{"embeddable":true,"href":"https:\/\/www.freeshopfrontiera.ch\/fr\/wp-json\/wp\/v2\/media\/14458"}],"wp:attachment":[{"href":"https:\/\/www.freeshopfrontiera.ch\/fr\/wp-json\/wp\/v2\/media?parent=14455"}],"wp:term":[{"taxonomy":"pwb-brand","embeddable":true,"href":"https:\/\/www.freeshopfrontiera.ch\/fr\/wp-json\/wp\/v2\/pwb-brand?post=14455"},{"taxonomy":"product_brand","embeddable":true,"href":"https:\/\/www.freeshopfrontiera.ch\/fr\/wp-json\/wp\/v2\/product_brand?post=14455"},{"taxonomy":"product_cat","embeddable":true,"href":"https:\/\/www.freeshopfrontiera.ch\/fr\/wp-json\/wp\/v2\/product_cat?post=14455"},{"taxonomy":"product_tag","embeddable":true,"href":"https:\/\/www.freeshopfrontiera.ch\/fr\/wp-json\/wp\/v2\/product_tag?post=14455"}],"curies":[{"name":"wp","href":"https:\/\/api.w.org\/{rel}","templated":true}]}}