{"id":14478,"date":"2025-02-18T13:32:46","date_gmt":"2025-02-18T13:32:46","guid":{"rendered":"https:\/\/freeshopswiss.alesca.org\/shop\/lancaster-golden-tan-maximizer-after-sun-lotion-125ml\/"},"modified":"2025-02-18T13:44:13","modified_gmt":"2025-02-18T13:44:13","slug":"lancaster-golden-tan-maximizer-after-sun-lotion-125ml","status":"publish","type":"product","link":"https:\/\/www.freeshopfrontiera.ch\/fr\/shop\/lancaster-golden-tan-maximizer-after-sun-lotion-125ml\/","title":{"rendered":"LANCASTER Golden Tan Maximizer After Sun Lotion 125ml"},"content":{"rendered":"<p data-start=\"1395\" data-end=\"1738\"><strong data-start=\"1395\" data-end=\"1469\">LANCASTER Golden Tan Maximizer 1 Month Tan Prolonging After Sun Lotion<\/strong> est le soin parfait pour prolonger et maintenir votre bronzage dor\u00e9 plus longtemps. Cette lotion apr\u00e8s-soleil innovante est formul\u00e9e pour optimiser la dur\u00e9e du bronzage, gr\u00e2ce \u00e0 une formule unique qui favorise le processus naturel de bronzage et intensifie la couleur.<\/p>\n<p data-start=\"1740\" data-end=\"2061\">Enrichie d&rsquo;un m\u00e9lange d&rsquo;ingr\u00e9dients hydratants et apaisants, la <strong data-start=\"1804\" data-end=\"1828\">Golden Tan Maximizer<\/strong> aide \u00e0 restaurer l&rsquo;hydratation de la peau, r\u00e9duisant ainsi le risque de s\u00e9cheresse et de desquamation apr\u00e8s l&rsquo;exposition au soleil. Sa texture l\u00e9g\u00e8re p\u00e9n\u00e8tre rapidement, laissant la peau douce, fra\u00eeche et visiblement plus lumineuse.<\/p>\n<p data-start=\"2063\" data-end=\"2374\">L&rsquo;utilisation r\u00e9guli\u00e8re de cette lotion aide \u00e0 prolonger l&rsquo;effet du bronzage jusqu&rsquo;\u00e0 un mois, donnant \u00e0 la peau une apparence saine et \u00e9clatante. De plus, sa formule riche en actifs nourrissants et \u00e9mollients apaise et rafra\u00eechit la peau, la rendant parfaite pour la r\u00e9cup\u00e9ration apr\u00e8s une exposition au soleil.<\/p>\n<p data-start=\"731\" data-end=\"1030\">Follow us! <a href=\"https:\/\/www.instagram.com\/freeshopswiss\/\" target=\"_blank\" rel=\"noopener\">@freeshopswiss\u00a0<\/a><\/p>\n","protected":false},"excerpt":{"rendered":"<p>LANCASTER Golden Tan Maximizer 1 Month Tan Prolonging After Sun Lotion est le soin parfait pour prolonger et maintenir votre bronzage dor\u00e9 plus longtemps. Cette lotion apr\u00e8s-soleil innovante est formul\u00e9e pour optimiser la dur\u00e9e du bronzage, gr\u00e2ce \u00e0 une formule unique qui favorise le processus naturel de bronzage et intensifie la couleur. Enrichie d&rsquo;un m\u00e9lange [&hellip;]<\/p>\n","protected":false},"featured_media":14473,"comment_status":"open","ping_status":"closed","template":"","meta":[],"pwb-brand":[421],"product_brand":[],"product_cat":[295,424],"product_tag":[297,493,417],"class_list":{"0":"post-14478","1":"product","2":"type-product","3":"status-publish","4":"has-post-thumbnail","6":"pwb-brand-lancaster","7":"product_cat-traitements","8":"product_cat-solari-fr","9":"product_tag-creme-pour-le-corps","10":"product_tag-ecrans-solaires","11":"product_tag-soins-fr","13":"first","14":"instock","15":"sale","16":"taxable","17":"shipping-taxable","18":"purchasable","19":"product-type-simple"},"brands":[{"id":421,"name":"Lancaster","slug":"lancaster"}],"_links":{"self":[{"href":"https:\/\/www.freeshopfrontiera.ch\/fr\/wp-json\/wp\/v2\/product\/14478","targetHints":{"allow":["GET"]}}],"collection":[{"href":"https:\/\/www.freeshopfrontiera.ch\/fr\/wp-json\/wp\/v2\/product"}],"about":[{"href":"https:\/\/www.freeshopfrontiera.ch\/fr\/wp-json\/wp\/v2\/types\/product"}],"replies":[{"embeddable":true,"href":"https:\/\/www.freeshopfrontiera.ch\/fr\/wp-json\/wp\/v2\/comments?post=14478"}],"version-history":[{"count":1,"href":"https:\/\/www.freeshopfrontiera.ch\/fr\/wp-json\/wp\/v2\/product\/14478\/revisions"}],"predecessor-version":[{"id":14482,"href":"https:\/\/www.freeshopfrontiera.ch\/fr\/wp-json\/wp\/v2\/product\/14478\/revisions\/14482"}],"wp:featuredmedia":[{"embeddable":true,"href":"https:\/\/www.freeshopfrontiera.ch\/fr\/wp-json\/wp\/v2\/media\/14473"}],"wp:attachment":[{"href":"https:\/\/www.freeshopfrontiera.ch\/fr\/wp-json\/wp\/v2\/media?parent=14478"}],"wp:term":[{"taxonomy":"pwb-brand","embeddable":true,"href":"https:\/\/www.freeshopfrontiera.ch\/fr\/wp-json\/wp\/v2\/pwb-brand?post=14478"},{"taxonomy":"product_brand","embeddable":true,"href":"https:\/\/www.freeshopfrontiera.ch\/fr\/wp-json\/wp\/v2\/product_brand?post=14478"},{"taxonomy":"product_cat","embeddable":true,"href":"https:\/\/www.freeshopfrontiera.ch\/fr\/wp-json\/wp\/v2\/product_cat?post=14478"},{"taxonomy":"product_tag","embeddable":true,"href":"https:\/\/www.freeshopfrontiera.ch\/fr\/wp-json\/wp\/v2\/product_tag?post=14478"}],"curies":[{"name":"wp","href":"https:\/\/api.w.org\/{rel}","templated":true}]}}