{"id":14488,"date":"2025-02-18T13:53:42","date_gmt":"2025-02-18T13:53:42","guid":{"rendered":"https:\/\/freeshopswiss.alesca.org\/?post_type=product&#038;p=14488"},"modified":"2025-02-18T14:14:25","modified_gmt":"2025-02-18T14:14:25","slug":"clarins-deodorant-roll-on-50ml","status":"publish","type":"product","link":"https:\/\/www.freeshopfrontiera.ch\/fr\/shop\/clarins-deodorant-roll-on-50ml\/","title":{"rendered":"CLARINS Deodorant Roll-On 50ml"},"content":{"rendered":"<p data-start=\"1403\" data-end=\"1822\"><strong data-start=\"1403\" data-end=\"1437\">CLARINS Deodorant Roll-On 50ml<\/strong> est un d\u00e9odorant doux et tr\u00e8s efficace qui offre une protection longue dur\u00e9e contre les mauvaises odeurs. Sa formule, enrichie en extraits v\u00e9g\u00e9taux, respecte la peau en la maintenant fra\u00eeche et s\u00e8che toute la journ\u00e9e. L&rsquo;application roll-on permet une distribution uniforme du produit sans laisser de traces, tandis que la texture l\u00e9g\u00e8re et non collante procure un confort sur la peau.<\/p>\n<p data-start=\"1824\" data-end=\"2129\">Sans alcool, le d\u00e9odorant roll-on CLARINS est adapt\u00e9 m\u00eame aux peaux les plus sensibles et offre une protection efficace contre les odeurs sans perturber l&rsquo;\u00e9quilibre naturel de la peau. Sa formule est enrichie en extraits de plantes qui apaisent et purifient la peau, la maintenant fra\u00eeche et hydrat\u00e9e.<\/p>\n<p data-start=\"2131\" data-end=\"2403\">Parfait pour une utilisation quotidienne, ce d\u00e9odorant offre une fra\u00eecheur naturelle et une protection discr\u00e8te et durable. Son flacon de 50 ml est pratique et facile \u00e0 emporter dans votre sac ou lors de vos voyages, vous gardant fra\u00eeche et prot\u00e9g\u00e9e partout o\u00f9 vous allez.<\/p>\n<p data-start=\"731\" data-end=\"1030\">Follow us! <a href=\"https:\/\/www.instagram.com\/freeshopswiss\/\" target=\"_blank\" rel=\"noopener\">@freeshopswiss\u00a0<\/a><\/p>\n","protected":false},"excerpt":{"rendered":"<p>CLARINS Deodorant Roll-On 50ml est un d\u00e9odorant doux et tr\u00e8s efficace qui offre une protection longue dur\u00e9e contre les mauvaises odeurs. Sa formule, enrichie en extraits v\u00e9g\u00e9taux, respecte la peau en la maintenant fra\u00eeche et s\u00e8che toute la journ\u00e9e. L&rsquo;application roll-on permet une distribution uniforme du produit sans laisser de traces, tandis que la texture [&hellip;]<\/p>\n","protected":false},"featured_media":14491,"comment_status":"open","ping_status":"closed","template":"","meta":[],"pwb-brand":[311],"product_brand":[],"product_cat":[435],"product_tag":[407,296],"class_list":{"0":"post-14488","1":"product","2":"type-product","3":"status-publish","4":"has-post-thumbnail","6":"pwb-brand-clarins","7":"product_cat-deodorant","8":"product_tag-deodoranti-fr","9":"product_tag-femme","11":"first","12":"instock","13":"sale","14":"taxable","15":"shipping-taxable","16":"purchasable","17":"product-type-simple"},"brands":[{"id":311,"name":"Clarins","slug":"clarins"}],"_links":{"self":[{"href":"https:\/\/www.freeshopfrontiera.ch\/fr\/wp-json\/wp\/v2\/product\/14488","targetHints":{"allow":["GET"]}}],"collection":[{"href":"https:\/\/www.freeshopfrontiera.ch\/fr\/wp-json\/wp\/v2\/product"}],"about":[{"href":"https:\/\/www.freeshopfrontiera.ch\/fr\/wp-json\/wp\/v2\/types\/product"}],"replies":[{"embeddable":true,"href":"https:\/\/www.freeshopfrontiera.ch\/fr\/wp-json\/wp\/v2\/comments?post=14488"}],"version-history":[{"count":3,"href":"https:\/\/www.freeshopfrontiera.ch\/fr\/wp-json\/wp\/v2\/product\/14488\/revisions"}],"predecessor-version":[{"id":14500,"href":"https:\/\/www.freeshopfrontiera.ch\/fr\/wp-json\/wp\/v2\/product\/14488\/revisions\/14500"}],"wp:featuredmedia":[{"embeddable":true,"href":"https:\/\/www.freeshopfrontiera.ch\/fr\/wp-json\/wp\/v2\/media\/14491"}],"wp:attachment":[{"href":"https:\/\/www.freeshopfrontiera.ch\/fr\/wp-json\/wp\/v2\/media?parent=14488"}],"wp:term":[{"taxonomy":"pwb-brand","embeddable":true,"href":"https:\/\/www.freeshopfrontiera.ch\/fr\/wp-json\/wp\/v2\/pwb-brand?post=14488"},{"taxonomy":"product_brand","embeddable":true,"href":"https:\/\/www.freeshopfrontiera.ch\/fr\/wp-json\/wp\/v2\/product_brand?post=14488"},{"taxonomy":"product_cat","embeddable":true,"href":"https:\/\/www.freeshopfrontiera.ch\/fr\/wp-json\/wp\/v2\/product_cat?post=14488"},{"taxonomy":"product_tag","embeddable":true,"href":"https:\/\/www.freeshopfrontiera.ch\/fr\/wp-json\/wp\/v2\/product_tag?post=14488"}],"curies":[{"name":"wp","href":"https:\/\/api.w.org\/{rel}","templated":true}]}}