{"id":14569,"date":"2025-02-18T15:47:16","date_gmt":"2025-02-18T15:47:16","guid":{"rendered":"https:\/\/freeshopswiss.alesca.org\/?post_type=product&#038;p=14569"},"modified":"2025-02-18T16:11:38","modified_gmt":"2025-02-18T16:11:38","slug":"erborian-bb-creme-au-ginseng-spf20-40ml-clair","status":"publish","type":"product","link":"https:\/\/www.freeshopfrontiera.ch\/fr\/shop\/erborian-bb-creme-au-ginseng-spf20-40ml-clair\/","title":{"rendered":"ERBORIAN BB Creme Au Ginseng SPF20 40ml Clair"},"content":{"rendered":"<p data-start=\"1057\" data-end=\"1498\">La <strong data-start=\"1003\" data-end=\"1024\">BB Cream Erborian<\/strong> est la combinaison parfaite entre soin et maquillage. Ce produit offre un effet \u201cbaby skin\u201d imm\u00e9diat avec sa texture l\u00e9g\u00e8re qui s\u2019adapte parfaitement \u00e0 la peau, lui donnant un teint uniforme et lumineux. Formul\u00e9e avec du <strong data-start=\"1246\" data-end=\"1263\">Ginseng Blanc<\/strong>, un ingr\u00e9dient cor\u00e9en reconnu pour ses propri\u00e9t\u00e9s lissantes, cette cr\u00e8me perfectionne le teint tout en prenant soin de la peau chaque jour.<\/p>\n<p data-start=\"1057\" data-end=\"1498\">La <strong data-start=\"1407\" data-end=\"1419\">BB Cream<\/strong> d&rsquo;Erborian est id\u00e9ale pour ceux qui souhaitent unifier et perfectionner le teint, cacher les petites imperfections, affiner la texture de la peau, hydrater pour un teint plus lumineux et laisser un fini velout\u00e9 et non gras.<\/p>\n<p data-start=\"1057\" data-end=\"1498\">Avec un <strong data-start=\"1652\" data-end=\"1662\">SPF 20<\/strong>, elle offre une protection solaire, prot\u00e9geant la peau des rayons UV, et sa couvrance modulable permet d\u2019obtenir le look d\u00e9sir\u00e9 sans alourdir la peau.<\/p>\n<p>Follow us! <a href=\"https:\/\/www.instagram.com\/freeshopswiss\/\" target=\"_blank\" rel=\"noopener\">@freeshopswiss\u00a0<\/a><\/p>\n","protected":false},"excerpt":{"rendered":"<p>La BB Cream Erborian est la combinaison parfaite entre soin et maquillage. Ce produit offre un effet \u201cbaby skin\u201d imm\u00e9diat avec sa texture l\u00e9g\u00e8re qui s\u2019adapte parfaitement \u00e0 la peau, lui donnant un teint uniforme et lumineux. Formul\u00e9e avec du Ginseng Blanc, un ingr\u00e9dient cor\u00e9en reconnu pour ses propri\u00e9t\u00e9s lissantes, cette cr\u00e8me perfectionne le teint [&hellip;]<\/p>\n","protected":false},"featured_media":14577,"comment_status":"open","ping_status":"closed","template":"","meta":[],"pwb-brand":[411],"product_brand":[],"product_cat":[109,295,566,539,545],"product_tag":[296,3611,417,301],"class_list":{"0":"post-14569","1":"product","2":"type-product","3":"status-publish","4":"has-post-thumbnail","6":"pwb-brand-erborian","7":"product_cat-pour-elle","8":"product_cat-traitements","9":"product_cat-make-up-fr-2","10":"product_cat-maquillage-du-visage","11":"product_cat-soin-du-visage","12":"product_tag-femme","13":"product_tag-k-beauty-fr","14":"product_tag-soins-fr","15":"product_tag-soins-du-visage","17":"first","18":"instock","19":"sale","20":"taxable","21":"shipping-taxable","22":"purchasable","23":"product-type-simple"},"brands":[{"id":411,"name":"Erborian","slug":"erborian"}],"_links":{"self":[{"href":"https:\/\/www.freeshopfrontiera.ch\/fr\/wp-json\/wp\/v2\/product\/14569","targetHints":{"allow":["GET"]}}],"collection":[{"href":"https:\/\/www.freeshopfrontiera.ch\/fr\/wp-json\/wp\/v2\/product"}],"about":[{"href":"https:\/\/www.freeshopfrontiera.ch\/fr\/wp-json\/wp\/v2\/types\/product"}],"replies":[{"embeddable":true,"href":"https:\/\/www.freeshopfrontiera.ch\/fr\/wp-json\/wp\/v2\/comments?post=14569"}],"version-history":[{"count":3,"href":"https:\/\/www.freeshopfrontiera.ch\/fr\/wp-json\/wp\/v2\/product\/14569\/revisions"}],"predecessor-version":[{"id":14582,"href":"https:\/\/www.freeshopfrontiera.ch\/fr\/wp-json\/wp\/v2\/product\/14569\/revisions\/14582"}],"wp:featuredmedia":[{"embeddable":true,"href":"https:\/\/www.freeshopfrontiera.ch\/fr\/wp-json\/wp\/v2\/media\/14577"}],"wp:attachment":[{"href":"https:\/\/www.freeshopfrontiera.ch\/fr\/wp-json\/wp\/v2\/media?parent=14569"}],"wp:term":[{"taxonomy":"pwb-brand","embeddable":true,"href":"https:\/\/www.freeshopfrontiera.ch\/fr\/wp-json\/wp\/v2\/pwb-brand?post=14569"},{"taxonomy":"product_brand","embeddable":true,"href":"https:\/\/www.freeshopfrontiera.ch\/fr\/wp-json\/wp\/v2\/product_brand?post=14569"},{"taxonomy":"product_cat","embeddable":true,"href":"https:\/\/www.freeshopfrontiera.ch\/fr\/wp-json\/wp\/v2\/product_cat?post=14569"},{"taxonomy":"product_tag","embeddable":true,"href":"https:\/\/www.freeshopfrontiera.ch\/fr\/wp-json\/wp\/v2\/product_tag?post=14569"}],"curies":[{"name":"wp","href":"https:\/\/api.w.org\/{rel}","templated":true}]}}