{"id":14593,"date":"2025-02-18T16:32:17","date_gmt":"2025-02-18T16:32:17","guid":{"rendered":"https:\/\/freeshopswiss.alesca.org\/?post_type=product&#038;p=14593"},"modified":"2025-02-18T16:48:20","modified_gmt":"2025-02-18T16:48:20","slug":"swissoxx-urban-detox-crystal-serum-30ml","status":"publish","type":"product","link":"https:\/\/www.freeshopfrontiera.ch\/fr\/shop\/swissoxx-urban-detox-crystal-serum-30ml\/","title":{"rendered":"SWISSOXX Urban Detox &#8211; Crystal Serum 30ml"},"content":{"rendered":"<p data-start=\"1057\" data-end=\"1498\"><strong>Crystal Serum<\/strong> est un traitement intensif con\u00e7u pour la peau stress\u00e9e, fatigu\u00e9e et terne.<\/p>\n<p data-start=\"1057\" data-end=\"1498\">Combinant des min\u00e9raux essentiels, de l&rsquo;acide hyaluronique et de l&rsquo;eau thermale suisse, ce s\u00e9rum quotidien offre une puissante action hydratante, renfor\u00e7ante et repulpante. Sa formule est con\u00e7ue pour renforcer la barri\u00e8re cutan\u00e9e, prot\u00e9ger contre le stress environnemental et maintenir la peau parfaitement hydrat\u00e9e.<\/p>\n<p data-start=\"1057\" data-end=\"1498\">La texture unique, enrichie de micro-gouttelettes bleues contenant des principes actifs, laisse la peau plus lisse, plus ferme et visiblement plus saine. Parfait pour un traitement r\u00e9g\u00e9n\u00e9rant, hydratant et revitalisant au quotidien.<\/p>\n<p>Follow us! <a href=\"https:\/\/www.instagram.com\/freeshopswiss\/\" target=\"_blank\" rel=\"noopener\">@freeshopswiss\u00a0<\/a><\/p>\n","protected":false},"excerpt":{"rendered":"<p>Crystal Serum est un traitement intensif con\u00e7u pour la peau stress\u00e9e, fatigu\u00e9e et terne. Combinant des min\u00e9raux essentiels, de l&rsquo;acide hyaluronique et de l&rsquo;eau thermale suisse, ce s\u00e9rum quotidien offre une puissante action hydratante, renfor\u00e7ante et repulpante. Sa formule est con\u00e7ue pour renforcer la barri\u00e8re cutan\u00e9e, prot\u00e9ger contre le stress environnemental et maintenir la peau [&hellip;]<\/p>\n","protected":false},"featured_media":14596,"comment_status":"open","ping_status":"closed","template":"","meta":[],"pwb-brand":[432],"product_brand":[],"product_cat":[109,295,545],"product_tag":[296,417,301],"class_list":{"0":"post-14593","1":"product","2":"type-product","3":"status-publish","4":"has-post-thumbnail","6":"pwb-brand-swissoxx","7":"product_cat-pour-elle","8":"product_cat-traitements","9":"product_cat-soin-du-visage","10":"product_tag-femme","11":"product_tag-soins-fr","12":"product_tag-soins-du-visage","14":"first","15":"outofstock","16":"sale","17":"taxable","18":"shipping-taxable","19":"purchasable","20":"product-type-simple"},"brands":[{"id":432,"name":"Swissoxx","slug":"swissoxx"}],"_links":{"self":[{"href":"https:\/\/www.freeshopfrontiera.ch\/fr\/wp-json\/wp\/v2\/product\/14593","targetHints":{"allow":["GET"]}}],"collection":[{"href":"https:\/\/www.freeshopfrontiera.ch\/fr\/wp-json\/wp\/v2\/product"}],"about":[{"href":"https:\/\/www.freeshopfrontiera.ch\/fr\/wp-json\/wp\/v2\/types\/product"}],"replies":[{"embeddable":true,"href":"https:\/\/www.freeshopfrontiera.ch\/fr\/wp-json\/wp\/v2\/comments?post=14593"}],"version-history":[{"count":3,"href":"https:\/\/www.freeshopfrontiera.ch\/fr\/wp-json\/wp\/v2\/product\/14593\/revisions"}],"predecessor-version":[{"id":14605,"href":"https:\/\/www.freeshopfrontiera.ch\/fr\/wp-json\/wp\/v2\/product\/14593\/revisions\/14605"}],"wp:featuredmedia":[{"embeddable":true,"href":"https:\/\/www.freeshopfrontiera.ch\/fr\/wp-json\/wp\/v2\/media\/14596"}],"wp:attachment":[{"href":"https:\/\/www.freeshopfrontiera.ch\/fr\/wp-json\/wp\/v2\/media?parent=14593"}],"wp:term":[{"taxonomy":"pwb-brand","embeddable":true,"href":"https:\/\/www.freeshopfrontiera.ch\/fr\/wp-json\/wp\/v2\/pwb-brand?post=14593"},{"taxonomy":"product_brand","embeddable":true,"href":"https:\/\/www.freeshopfrontiera.ch\/fr\/wp-json\/wp\/v2\/product_brand?post=14593"},{"taxonomy":"product_cat","embeddable":true,"href":"https:\/\/www.freeshopfrontiera.ch\/fr\/wp-json\/wp\/v2\/product_cat?post=14593"},{"taxonomy":"product_tag","embeddable":true,"href":"https:\/\/www.freeshopfrontiera.ch\/fr\/wp-json\/wp\/v2\/product_tag?post=14593"}],"curies":[{"name":"wp","href":"https:\/\/api.w.org\/{rel}","templated":true}]}}