{"id":14642,"date":"2025-02-19T08:22:30","date_gmt":"2025-02-19T08:22:30","guid":{"rendered":"https:\/\/freeshopswiss.alesca.org\/?post_type=product&#038;p=14642"},"modified":"2025-03-04T14:16:08","modified_gmt":"2025-03-04T14:16:08","slug":"olaplex-n-0-intensive-bond-builder-155ml","status":"publish","type":"product","link":"https:\/\/www.freeshopfrontiera.ch\/fr\/shop\/olaplex-n-0-intensive-bond-builder-155ml\/","title":{"rendered":"OLAPLEX N. 0 Intensive Bond Builder 155ml"},"content":{"rendered":"<p data-start=\"1057\" data-end=\"1498\">D\u00e9couvrez la puissance du traitement professionnel \u00e0 domicile avec <strong data-start=\"1225\" data-end=\"1264\">OLAPLEX N. 0 Intensive Bond Builder<\/strong> 155ml. Formul\u00e9 pour renforcer et r\u00e9parer les liaisons disulfure endommag\u00e9es dans les cheveux, ce produit agit comme une base pr\u00e9paratoire id\u00e9ale pour le traitement OLAPLEX N. 3 Hair Perfector.<\/p>\n<p data-start=\"1057\" data-end=\"1498\">Sa formule unique p\u00e9n\u00e8tre profond\u00e9ment dans la fibre capillaire, r\u00e9tablissant la structure et am\u00e9liorant la force, l&rsquo;\u00e9lasticit\u00e9 et la brillance. Adapt\u00e9 aux cheveux ab\u00eem\u00e9s par les traitements chimiques, la chaleur ou la casse, OLAPLEX N. 0 aide \u00e0 r\u00e9g\u00e9n\u00e9rer les cheveux, les rendant visiblement plus sains et plus r\u00e9sistants. Facile \u00e0 utiliser, il suffit d&rsquo;appliquer le produit sur les cheveux secs, de le laisser agir pendant environ 10 minutes, puis de poursuivre avec OLAPLEX N. 3 pour des r\u00e9sultats optimaux.<\/p>\n<p data-start=\"1057\" data-end=\"1498\">La formule est sans parab\u00e8nes, sulfates et phtalates, et convient \u00e0 tous les types de cheveux, y compris les cheveux color\u00e9s ou trait\u00e9s chimiquement. Avec OLAPLEX N. 0, vos cheveux sont pr\u00eats pour un soin et une protection professionnels maximaux !<\/p>\n<p>Follow us! <a href=\"https:\/\/www.instagram.com\/freeshopswiss\/\" target=\"_blank\" rel=\"noopener\">@freeshopswiss\u00a0<\/a><\/p>\n","protected":false},"excerpt":{"rendered":"<p>D\u00e9couvrez la puissance du traitement professionnel \u00e0 domicile avec OLAPLEX N. 0 Intensive Bond Builder 155ml. Formul\u00e9 pour renforcer et r\u00e9parer les liaisons disulfure endommag\u00e9es dans les cheveux, ce produit agit comme une base pr\u00e9paratoire id\u00e9ale pour le traitement OLAPLEX N. 3 Hair Perfector. Sa formule unique p\u00e9n\u00e8tre profond\u00e9ment dans la fibre capillaire, r\u00e9tablissant la [&hellip;]<\/p>\n","protected":false},"featured_media":14645,"comment_status":"open","ping_status":"closed","template":"","meta":[],"pwb-brand":[412],"product_brand":[],"product_cat":[109,295,542],"product_tag":[296,417,418],"class_list":{"0":"post-14642","1":"product","2":"type-product","3":"status-publish","4":"has-post-thumbnail","6":"pwb-brand-olaplex","7":"product_cat-pour-elle","8":"product_cat-traitements","9":"product_cat-soin-capillaire","10":"product_tag-femme","11":"product_tag-soins-fr","12":"product_tag-soins-capillaires-fr","14":"first","15":"instock","16":"taxable","17":"shipping-taxable","18":"purchasable","19":"product-type-simple"},"brands":[{"id":412,"name":"Olaplex","slug":"olaplex"}],"_links":{"self":[{"href":"https:\/\/www.freeshopfrontiera.ch\/fr\/wp-json\/wp\/v2\/product\/14642","targetHints":{"allow":["GET"]}}],"collection":[{"href":"https:\/\/www.freeshopfrontiera.ch\/fr\/wp-json\/wp\/v2\/product"}],"about":[{"href":"https:\/\/www.freeshopfrontiera.ch\/fr\/wp-json\/wp\/v2\/types\/product"}],"replies":[{"embeddable":true,"href":"https:\/\/www.freeshopfrontiera.ch\/fr\/wp-json\/wp\/v2\/comments?post=14642"}],"version-history":[{"count":3,"href":"https:\/\/www.freeshopfrontiera.ch\/fr\/wp-json\/wp\/v2\/product\/14642\/revisions"}],"predecessor-version":[{"id":14654,"href":"https:\/\/www.freeshopfrontiera.ch\/fr\/wp-json\/wp\/v2\/product\/14642\/revisions\/14654"}],"wp:featuredmedia":[{"embeddable":true,"href":"https:\/\/www.freeshopfrontiera.ch\/fr\/wp-json\/wp\/v2\/media\/14645"}],"wp:attachment":[{"href":"https:\/\/www.freeshopfrontiera.ch\/fr\/wp-json\/wp\/v2\/media?parent=14642"}],"wp:term":[{"taxonomy":"pwb-brand","embeddable":true,"href":"https:\/\/www.freeshopfrontiera.ch\/fr\/wp-json\/wp\/v2\/pwb-brand?post=14642"},{"taxonomy":"product_brand","embeddable":true,"href":"https:\/\/www.freeshopfrontiera.ch\/fr\/wp-json\/wp\/v2\/product_brand?post=14642"},{"taxonomy":"product_cat","embeddable":true,"href":"https:\/\/www.freeshopfrontiera.ch\/fr\/wp-json\/wp\/v2\/product_cat?post=14642"},{"taxonomy":"product_tag","embeddable":true,"href":"https:\/\/www.freeshopfrontiera.ch\/fr\/wp-json\/wp\/v2\/product_tag?post=14642"}],"curies":[{"name":"wp","href":"https:\/\/api.w.org\/{rel}","templated":true}]}}