{"id":14698,"date":"2025-02-19T09:40:52","date_gmt":"2025-02-19T09:40:52","guid":{"rendered":"https:\/\/freeshopswiss.alesca.org\/?post_type=product&#038;p=14698"},"modified":"2025-02-19T09:53:03","modified_gmt":"2025-02-19T09:53:03","slug":"lancome-bocage-roll-on-50ml","status":"publish","type":"product","link":"https:\/\/www.freeshopfrontiera.ch\/fr\/shop\/lancome-bocage-roll-on-50ml\/","title":{"rendered":"LANCOME Bocage Roll-On 50ml"},"content":{"rendered":"<p data-start=\"1057\" data-end=\"1498\"><strong data-start=\"793\" data-end=\"824\">LANCOME Bocage Roll-On 50ml<\/strong> offre une protection durable, maintenant la peau fra\u00eeche et s\u00e8che toute la journ\u00e9e.<\/p>\n<p data-start=\"1057\" data-end=\"1498\">Formul\u00e9 avec des ingr\u00e9dients d\u00e9licats, il est con\u00e7u pour pr\u00e9venir les mauvaises odeurs tout en laissant la peau douce et velout\u00e9e. Son applicateur roll-on pratique permet une application uniforme du produit, \u00e9vitant toute irritation m\u00eame sur les peaux les plus sensibles.<\/p>\n<p data-start=\"1057\" data-end=\"1498\">Avec une texture fluide qui s&rsquo;absorbe rapidement, il est id\u00e9al pour une utilisation quotidienne et parfait pour ceux qui recherchent une protection douce mais efficace. Son parfum d\u00e9licat et raffin\u00e9 procure une sensation de fra\u00eecheur qui dure, pour une peau prot\u00e9g\u00e9e et parfum\u00e9e.<\/p>\n<p>Follow us! <a href=\"https:\/\/www.instagram.com\/freeshopswiss\/\" target=\"_blank\" rel=\"noopener\">@freeshopswiss\u00a0<\/a><\/p>\n","protected":false},"excerpt":{"rendered":"<p>LANCOME Bocage Roll-On 50ml offre une protection durable, maintenant la peau fra\u00eeche et s\u00e8che toute la journ\u00e9e. Formul\u00e9 avec des ingr\u00e9dients d\u00e9licats, il est con\u00e7u pour pr\u00e9venir les mauvaises odeurs tout en laissant la peau douce et velout\u00e9e. Son applicateur roll-on pratique permet une application uniforme du produit, \u00e9vitant toute irritation m\u00eame sur les peaux [&hellip;]<\/p>\n","protected":false},"featured_media":14701,"comment_status":"open","ping_status":"closed","template":"","meta":[],"pwb-brand":[262],"product_brand":[],"product_cat":[109,435],"product_tag":[407,296,143],"class_list":{"0":"post-14698","1":"product","2":"type-product","3":"status-publish","4":"has-post-thumbnail","6":"pwb-brand-lancome","7":"product_cat-pour-elle","8":"product_cat-deodorant","9":"product_tag-deodoranti-fr","10":"product_tag-femme","11":"product_tag-homme","13":"first","14":"instock","15":"sale","16":"taxable","17":"shipping-taxable","18":"purchasable","19":"product-type-simple"},"brands":[{"id":262,"name":"Lanc\u00f4me","slug":"lancome"}],"_links":{"self":[{"href":"https:\/\/www.freeshopfrontiera.ch\/fr\/wp-json\/wp\/v2\/product\/14698","targetHints":{"allow":["GET"]}}],"collection":[{"href":"https:\/\/www.freeshopfrontiera.ch\/fr\/wp-json\/wp\/v2\/product"}],"about":[{"href":"https:\/\/www.freeshopfrontiera.ch\/fr\/wp-json\/wp\/v2\/types\/product"}],"replies":[{"embeddable":true,"href":"https:\/\/www.freeshopfrontiera.ch\/fr\/wp-json\/wp\/v2\/comments?post=14698"}],"version-history":[{"count":3,"href":"https:\/\/www.freeshopfrontiera.ch\/fr\/wp-json\/wp\/v2\/product\/14698\/revisions"}],"predecessor-version":[{"id":14710,"href":"https:\/\/www.freeshopfrontiera.ch\/fr\/wp-json\/wp\/v2\/product\/14698\/revisions\/14710"}],"wp:featuredmedia":[{"embeddable":true,"href":"https:\/\/www.freeshopfrontiera.ch\/fr\/wp-json\/wp\/v2\/media\/14701"}],"wp:attachment":[{"href":"https:\/\/www.freeshopfrontiera.ch\/fr\/wp-json\/wp\/v2\/media?parent=14698"}],"wp:term":[{"taxonomy":"pwb-brand","embeddable":true,"href":"https:\/\/www.freeshopfrontiera.ch\/fr\/wp-json\/wp\/v2\/pwb-brand?post=14698"},{"taxonomy":"product_brand","embeddable":true,"href":"https:\/\/www.freeshopfrontiera.ch\/fr\/wp-json\/wp\/v2\/product_brand?post=14698"},{"taxonomy":"product_cat","embeddable":true,"href":"https:\/\/www.freeshopfrontiera.ch\/fr\/wp-json\/wp\/v2\/product_cat?post=14698"},{"taxonomy":"product_tag","embeddable":true,"href":"https:\/\/www.freeshopfrontiera.ch\/fr\/wp-json\/wp\/v2\/product_tag?post=14698"}],"curies":[{"name":"wp","href":"https:\/\/api.w.org\/{rel}","templated":true}]}}