{"id":14716,"date":"2025-02-19T10:15:01","date_gmt":"2025-02-19T10:15:01","guid":{"rendered":"https:\/\/freeshopswiss.alesca.org\/?post_type=product&#038;p=14716"},"modified":"2025-03-12T10:49:12","modified_gmt":"2025-03-12T10:49:12","slug":"swissoxx-sublime-platinum-platinum","status":"publish","type":"product","link":"https:\/\/www.freeshopfrontiera.ch\/fr\/shop\/swissoxx-sublime-platinum-platinum\/","title":{"rendered":"SWISSOXX Sublime Platinum &#8211; Face Lifting Cream 50ml"},"content":{"rendered":"<p data-start=\"1057\" data-end=\"1498\"><strong data-start=\"1204\" data-end=\"1277\">SWISSOXX Sublime Platinum &#8211; Platinum &amp; Caviar Face Lifting Cream 50ml<\/strong> est une cr\u00e8me de soin innovante, con\u00e7ue pour ceux qui recherchent un traitement anti-\u00e2ge haut de gamme.<\/p>\n<p data-start=\"1057\" data-end=\"1498\">Enrichie en extraits de platine et de caviar, deux ingr\u00e9dients r\u00e9put\u00e9s pour leurs propri\u00e9t\u00e9s r\u00e9g\u00e9n\u00e9rantes et antioxydantes, cette cr\u00e8me agit en profondeur pour am\u00e9liorer l&rsquo;\u00e9lasticit\u00e9 de la peau et r\u00e9duire visiblement les signes du vieillissement. Le platine stimule la production de collag\u00e8ne, tandis que le caviar apporte une nutrition intense et une hydratation, conf\u00e9rant \u00e0 la peau un aspect plus tonique, lisse et lumineux. Sa formule riche mais l\u00e9g\u00e8re s&rsquo;absorbe facilement, laissant la peau douce, fra\u00eeche et au teint rajeuni.<\/p>\n<p data-start=\"1057\" data-end=\"1498\"><strong data-start=\"1914\" data-end=\"1943\">SWISSOXX Sublime Platinum<\/strong> est la solution id\u00e9ale pour lutter contre les rides, les ridules et la perte de fermet\u00e9, offrant une peau visiblement plus tonique et r\u00e9g\u00e9n\u00e9r\u00e9e. Convient \u00e0 tous les types de peau, cette cr\u00e8me de luxe est parfaite pour un soin quotidien offrant des r\u00e9sultats imm\u00e9diats et durables.<\/p>\n<p>Follow us! <a href=\"https:\/\/www.instagram.com\/freeshopswiss\/\" target=\"_blank\" rel=\"noopener\">@freeshopswiss\u00a0<\/a><\/p>\n","protected":false},"excerpt":{"rendered":"<p>SWISSOXX Sublime Platinum &#8211; Platinum &amp; Caviar Face Lifting Cream 50ml est une cr\u00e8me de soin innovante, con\u00e7ue pour ceux qui recherchent un traitement anti-\u00e2ge haut de gamme. Enrichie en extraits de platine et de caviar, deux ingr\u00e9dients r\u00e9put\u00e9s pour leurs propri\u00e9t\u00e9s r\u00e9g\u00e9n\u00e9rantes et antioxydantes, cette cr\u00e8me agit en profondeur pour am\u00e9liorer l&rsquo;\u00e9lasticit\u00e9 de la [&hellip;]<\/p>\n","protected":false},"featured_media":14719,"comment_status":"open","ping_status":"closed","template":"","meta":[],"pwb-brand":[432],"product_brand":[],"product_cat":[109,295,545],"product_tag":[481,296,417,301],"class_list":{"0":"post-14716","1":"product","2":"type-product","3":"status-publish","4":"has-post-thumbnail","6":"pwb-brand-swissoxx","7":"product_cat-pour-elle","8":"product_cat-traitements","9":"product_cat-soin-du-visage","10":"product_tag-anti-rides-fr","11":"product_tag-femme","12":"product_tag-soins-fr","13":"product_tag-soins-du-visage","15":"first","16":"outofstock","17":"sale","18":"taxable","19":"shipping-taxable","20":"purchasable","21":"product-type-simple"},"brands":[{"id":432,"name":"Swissoxx","slug":"swissoxx"}],"_links":{"self":[{"href":"https:\/\/www.freeshopfrontiera.ch\/fr\/wp-json\/wp\/v2\/product\/14716","targetHints":{"allow":["GET"]}}],"collection":[{"href":"https:\/\/www.freeshopfrontiera.ch\/fr\/wp-json\/wp\/v2\/product"}],"about":[{"href":"https:\/\/www.freeshopfrontiera.ch\/fr\/wp-json\/wp\/v2\/types\/product"}],"replies":[{"embeddable":true,"href":"https:\/\/www.freeshopfrontiera.ch\/fr\/wp-json\/wp\/v2\/comments?post=14716"}],"version-history":[{"count":4,"href":"https:\/\/www.freeshopfrontiera.ch\/fr\/wp-json\/wp\/v2\/product\/14716\/revisions"}],"predecessor-version":[{"id":18254,"href":"https:\/\/www.freeshopfrontiera.ch\/fr\/wp-json\/wp\/v2\/product\/14716\/revisions\/18254"}],"wp:featuredmedia":[{"embeddable":true,"href":"https:\/\/www.freeshopfrontiera.ch\/fr\/wp-json\/wp\/v2\/media\/14719"}],"wp:attachment":[{"href":"https:\/\/www.freeshopfrontiera.ch\/fr\/wp-json\/wp\/v2\/media?parent=14716"}],"wp:term":[{"taxonomy":"pwb-brand","embeddable":true,"href":"https:\/\/www.freeshopfrontiera.ch\/fr\/wp-json\/wp\/v2\/pwb-brand?post=14716"},{"taxonomy":"product_brand","embeddable":true,"href":"https:\/\/www.freeshopfrontiera.ch\/fr\/wp-json\/wp\/v2\/product_brand?post=14716"},{"taxonomy":"product_cat","embeddable":true,"href":"https:\/\/www.freeshopfrontiera.ch\/fr\/wp-json\/wp\/v2\/product_cat?post=14716"},{"taxonomy":"product_tag","embeddable":true,"href":"https:\/\/www.freeshopfrontiera.ch\/fr\/wp-json\/wp\/v2\/product_tag?post=14716"}],"curies":[{"name":"wp","href":"https:\/\/api.w.org\/{rel}","templated":true}]}}