{"id":14795,"date":"2025-02-19T11:54:34","date_gmt":"2025-02-19T11:54:34","guid":{"rendered":"https:\/\/freeshopswiss.alesca.org\/?post_type=product&#038;p=14795"},"modified":"2025-02-19T12:15:25","modified_gmt":"2025-02-19T12:15:25","slug":"biotherm-deo-pure-invisible-roll-on-48h-75ml","status":"publish","type":"product","link":"https:\/\/www.freeshopfrontiera.ch\/fr\/shop\/biotherm-deo-pure-invisible-roll-on-48h-75ml\/","title":{"rendered":"BIOTHERM Deo Pure Invisible Roll-On 48h 75ml"},"content":{"rendered":"<p data-start=\"1057\" data-end=\"1498\"><strong data-start=\"967\" data-end=\"1015\">BIOTHERM Deo Pure Invisible Roll-On 48h 75ml<\/strong> est un d\u00e9odorant roll-on qui offre une protection efficace contre la transpiration et les mauvaises odeurs pendant 48 heures. Sa formule innovante est douce pour la peau, garantissant fra\u00eecheur et confort sans irritation. Enrichi d&rsquo;ingr\u00e9dients naturels, ce d\u00e9odorant laisse la peau douce et s\u00e8che, sans traces blanches ni r\u00e9sidus sur les v\u00eatements gr\u00e2ce \u00e0 sa formule invisible.<\/p>\n<p data-start=\"1057\" data-end=\"1498\">De plus, son action antibact\u00e9rienne emp\u00eache la formation d&rsquo;odeurs d\u00e9sagr\u00e9ables, tandis que l&rsquo;extrait de Life Plankton\u2122 offre un effet apaisant et r\u00e9g\u00e9n\u00e9rant, pour un bien-\u00eatre durable. Parfait pour ceux qui recherchent une protection durable sans compromettre la douceur de la peau, <strong data-start=\"1677\" data-end=\"1720\">BIOTHERM Deo Pure Invisible Roll-On 48h<\/strong> est id\u00e9al pour un usage quotidien, m\u00eame pour les peaux les plus sensibles.<\/p>\n<p>Follow us! <a href=\"https:\/\/www.instagram.com\/freeshopswiss\/\" target=\"_blank\" rel=\"noopener\">@freeshopswiss\u00a0<\/a><\/p>\n","protected":false},"excerpt":{"rendered":"<p>BIOTHERM Deo Pure Invisible Roll-On 48h 75ml est un d\u00e9odorant roll-on qui offre une protection efficace contre la transpiration et les mauvaises odeurs pendant 48 heures. Sa formule innovante est douce pour la peau, garantissant fra\u00eecheur et confort sans irritation. Enrichi d&rsquo;ingr\u00e9dients naturels, ce d\u00e9odorant laisse la peau douce et s\u00e8che, sans traces blanches ni [&hellip;]<\/p>\n","protected":false},"featured_media":14806,"comment_status":"open","ping_status":"closed","template":"","meta":[],"pwb-brand":[405],"product_brand":[],"product_cat":[109,89,435],"product_tag":[407,296,143],"class_list":{"0":"post-14795","1":"product","2":"type-product","3":"status-publish","4":"has-post-thumbnail","6":"pwb-brand-biotherm","7":"product_cat-pour-elle","8":"product_cat-pour-lui","9":"product_cat-deodorant","10":"product_tag-deodoranti-fr","11":"product_tag-femme","12":"product_tag-homme","14":"first","15":"instock","16":"sale","17":"taxable","18":"shipping-taxable","19":"purchasable","20":"product-type-simple"},"brands":[{"id":405,"name":"Biotherm","slug":"biotherm"}],"_links":{"self":[{"href":"https:\/\/www.freeshopfrontiera.ch\/fr\/wp-json\/wp\/v2\/product\/14795","targetHints":{"allow":["GET"]}}],"collection":[{"href":"https:\/\/www.freeshopfrontiera.ch\/fr\/wp-json\/wp\/v2\/product"}],"about":[{"href":"https:\/\/www.freeshopfrontiera.ch\/fr\/wp-json\/wp\/v2\/types\/product"}],"replies":[{"embeddable":true,"href":"https:\/\/www.freeshopfrontiera.ch\/fr\/wp-json\/wp\/v2\/comments?post=14795"}],"version-history":[{"count":3,"href":"https:\/\/www.freeshopfrontiera.ch\/fr\/wp-json\/wp\/v2\/product\/14795\/revisions"}],"predecessor-version":[{"id":14811,"href":"https:\/\/www.freeshopfrontiera.ch\/fr\/wp-json\/wp\/v2\/product\/14795\/revisions\/14811"}],"wp:featuredmedia":[{"embeddable":true,"href":"https:\/\/www.freeshopfrontiera.ch\/fr\/wp-json\/wp\/v2\/media\/14806"}],"wp:attachment":[{"href":"https:\/\/www.freeshopfrontiera.ch\/fr\/wp-json\/wp\/v2\/media?parent=14795"}],"wp:term":[{"taxonomy":"pwb-brand","embeddable":true,"href":"https:\/\/www.freeshopfrontiera.ch\/fr\/wp-json\/wp\/v2\/pwb-brand?post=14795"},{"taxonomy":"product_brand","embeddable":true,"href":"https:\/\/www.freeshopfrontiera.ch\/fr\/wp-json\/wp\/v2\/product_brand?post=14795"},{"taxonomy":"product_cat","embeddable":true,"href":"https:\/\/www.freeshopfrontiera.ch\/fr\/wp-json\/wp\/v2\/product_cat?post=14795"},{"taxonomy":"product_tag","embeddable":true,"href":"https:\/\/www.freeshopfrontiera.ch\/fr\/wp-json\/wp\/v2\/product_tag?post=14795"}],"curies":[{"name":"wp","href":"https:\/\/api.w.org\/{rel}","templated":true}]}}