{"id":14910,"date":"2025-02-19T14:26:45","date_gmt":"2025-02-19T14:26:45","guid":{"rendered":"https:\/\/freeshopswiss.alesca.org\/?post_type=product&#038;p=14910"},"modified":"2025-03-12T10:48:37","modified_gmt":"2025-03-12T10:48:37","slug":"diesel-d-by-diesel-eau-de-toilette-30ml","status":"publish","type":"product","link":"https:\/\/www.freeshopfrontiera.ch\/fr\/shop\/diesel-d-by-diesel-eau-de-toilette-30ml\/","title":{"rendered":"DIESEL D By Diesel 30ml"},"content":{"rendered":"<p data-start=\"0\" data-end=\"440\"><strong data-start=\"0\" data-end=\"38\">DIESEL D By Diesel Eau de Toilette<\/strong> est un parfum audacieux et original, sp\u00e9cialement con\u00e7u pour l&rsquo;homme moderne qui souhaite se d\u00e9marquer et affirmer sa personnalit\u00e9 unique. Disponible en flacon vaporisateur de 30 ml, ce parfum est l\u2019incarnation m\u00eame de la bravoure, de l\u2019\u00e9nergie et du raffinement. Il est parfait pour toutes les occasions, qu\u2019il s\u2019agisse d\u2019une journ\u00e9e de travail, d\u2019une sortie entre amis ou d\u2019un \u00e9v\u00e9nement plus formel.<\/p>\n<p data-start=\"442\" data-end=\"908\">Ce parfum se distingue par un m\u00e9lange sophistiqu\u00e9 de notes fra\u00eeches et \u00e9pic\u00e9es. L\u2019ouverture dynamique et \u00e9nergique procure une sensation imm\u00e9diate de vitalit\u00e9, tandis que le c\u0153ur \u00e9pic\u00e9 du parfum ajoute de la profondeur et de l&rsquo;intensit\u00e9. La composition est parfaitement \u00e9quilibr\u00e9e, offrant un parfum captivant qui reste pr\u00e9sent tout au long de la journ\u00e9e. Cette fragrance est id\u00e9ale pour l&rsquo;homme qui recherche un parfum \u00e9nergique mais \u00e9l\u00e9gant, subtil mais m\u00e9morable.<\/p>\n<p data-start=\"910\" data-end=\"1312\">Le flacon de <strong data-start=\"923\" data-end=\"945\">DIESEL D By Diesel<\/strong> est \u00e0 la fois minimaliste et \u00e9l\u00e9gant, avec un design moderne qui s\u2019int\u00e8gre facilement \u00e0 votre routine quotidienne. Ce flacon pratique et styl\u00e9 peut \u00eatre transport\u00e9 partout, vous permettant de profiter de cette fragrance audacieuse en toutes circonstances. Son format de 30 ml est parfait pour ceux qui recherchent un parfum qui s\u2019adapte \u00e0 leur mode de vie dynamique.<\/p>\n<p data-start=\"1314\" data-end=\"1771\" data-is-last-node=\"\" data-is-only-node=\"\"><strong data-start=\"1314\" data-end=\"1336\">DIESEL D By Diesel<\/strong> n&rsquo;est pas seulement un parfum, c&rsquo;est une d\u00e9claration de style et de confiance en soi. Il est destin\u00e9 \u00e0 l\u2019homme qui aime se faire remarquer, qui a confiance en son charisme et en son individualit\u00e9. Avec ce parfum, chaque application devient un acte d\u2019affirmation personnelle. Si vous recherchez une fragrance qui refl\u00e8te votre caract\u00e8re fort, votre audace et votre sophistication, <strong data-start=\"1717\" data-end=\"1739\">DIESEL D By Diesel<\/strong> est le choix parfait pour vous.<\/p>\n<p>Follow us! <a href=\"https:\/\/www.instagram.com\/freeshopswiss\/\" target=\"_blank\" rel=\"noopener\">@freeshopswiss<\/a><\/p>\n","protected":false},"excerpt":{"rendered":"<p><em><strong>Eau de Toilette<\/strong><\/em><\/p>\n","protected":false},"featured_media":14913,"comment_status":"open","ping_status":"closed","template":"","meta":[],"pwb-brand":[438],"product_brand":[],"product_cat":[87,89],"product_tag":[141,1629,97],"class_list":{"0":"post-14910","1":"product","2":"type-product","3":"status-publish","4":"has-post-thumbnail","6":"pwb-brand-diesel","7":"product_cat-parfums","8":"product_cat-pour-lui","9":"product_tag-eau-de-toilette-fr","10":"product_tag-mens-fragrances-fr","11":"product_tag-parfums","13":"first","14":"outofstock","15":"sale","16":"taxable","17":"shipping-taxable","18":"purchasable","19":"product-type-simple"},"brands":[{"id":438,"name":"Diesel","slug":"diesel"}],"_links":{"self":[{"href":"https:\/\/www.freeshopfrontiera.ch\/fr\/wp-json\/wp\/v2\/product\/14910","targetHints":{"allow":["GET"]}}],"collection":[{"href":"https:\/\/www.freeshopfrontiera.ch\/fr\/wp-json\/wp\/v2\/product"}],"about":[{"href":"https:\/\/www.freeshopfrontiera.ch\/fr\/wp-json\/wp\/v2\/types\/product"}],"replies":[{"embeddable":true,"href":"https:\/\/www.freeshopfrontiera.ch\/fr\/wp-json\/wp\/v2\/comments?post=14910"}],"version-history":[{"count":5,"href":"https:\/\/www.freeshopfrontiera.ch\/fr\/wp-json\/wp\/v2\/product\/14910\/revisions"}],"predecessor-version":[{"id":18251,"href":"https:\/\/www.freeshopfrontiera.ch\/fr\/wp-json\/wp\/v2\/product\/14910\/revisions\/18251"}],"wp:featuredmedia":[{"embeddable":true,"href":"https:\/\/www.freeshopfrontiera.ch\/fr\/wp-json\/wp\/v2\/media\/14913"}],"wp:attachment":[{"href":"https:\/\/www.freeshopfrontiera.ch\/fr\/wp-json\/wp\/v2\/media?parent=14910"}],"wp:term":[{"taxonomy":"pwb-brand","embeddable":true,"href":"https:\/\/www.freeshopfrontiera.ch\/fr\/wp-json\/wp\/v2\/pwb-brand?post=14910"},{"taxonomy":"product_brand","embeddable":true,"href":"https:\/\/www.freeshopfrontiera.ch\/fr\/wp-json\/wp\/v2\/product_brand?post=14910"},{"taxonomy":"product_cat","embeddable":true,"href":"https:\/\/www.freeshopfrontiera.ch\/fr\/wp-json\/wp\/v2\/product_cat?post=14910"},{"taxonomy":"product_tag","embeddable":true,"href":"https:\/\/www.freeshopfrontiera.ch\/fr\/wp-json\/wp\/v2\/product_tag?post=14910"}],"curies":[{"name":"wp","href":"https:\/\/api.w.org\/{rel}","templated":true}]}}