{"id":14929,"date":"2025-02-19T14:54:46","date_gmt":"2025-02-19T14:54:46","guid":{"rendered":"https:\/\/freeshopswiss.alesca.org\/?post_type=product&#038;p=14929"},"modified":"2025-12-22T09:35:20","modified_gmt":"2025-12-22T09:35:20","slug":"issey-miyake-set-leau-issey","status":"publish","type":"product","link":"https:\/\/www.freeshopfrontiera.ch\/fr\/shop\/issey-miyake-set-leau-issey\/","title":{"rendered":"ISSEY MIYAKE SET L&rsquo;Eau d&rsquo;Issey pour Homme"},"content":{"rendered":"<p data-start=\"2420\" data-end=\"2799\">Le <strong data-start=\"2423\" data-end=\"2457\">Set Issey Miyake L\u2019Eau d\u2019Issey<\/strong> est une \u00e9l\u00e9gante c\u00e9l\u00e9bration de la f\u00e9minit\u00e9 pure et naturelle, parfait pour celles qui aiment les parfums d\u00e9licats, frais et sophistiqu\u00e9s. Ce coffret raffin\u00e9 comprend <strong data-start=\"2625\" data-end=\"2663\">Eau de Toilette Vaporisateur 50 ml<\/strong>, <strong data-start=\"2665\" data-end=\"2695\">Lotion pour le corps 50 ml<\/strong> et <strong data-start=\"2699\" data-end=\"2719\">Gel Douche 50 ml<\/strong>, offrant une exp\u00e9rience sensorielle compl\u00e8te pour le soin quotidien de la peau.<\/p>\n<p data-start=\"2801\" data-end=\"3161\"><strong data-start=\"2801\" data-end=\"2818\">L\u2019Eau d\u2019Issey<\/strong> est une fragrance iconique, l\u00e9g\u00e8re et raffin\u00e9e, qui combine des <strong data-start=\"2883\" data-end=\"2915\">notes aquatiques et florales<\/strong> avec des touches d\u00e9licates de <strong data-start=\"2946\" data-end=\"2977\">lotus, cyclamen et n\u00e9nuphar<\/strong>, cr\u00e9ant un parfum frais, f\u00e9minin et harmonieux. La base de <strong data-start=\"3037\" data-end=\"3066\">bois clairs et musc blanc<\/strong> apporte profondeur et une tenue \u00e9l\u00e9gante, soulignant la puret\u00e9 et la sophistication du parfum.<\/p>\n<p data-start=\"3163\" data-end=\"3381\">La <strong data-start=\"3166\" data-end=\"3196\">lotion pour le corps 50 ml<\/strong> hydrate et nourrit la peau, la laissant douce et d\u00e9licatement parfum\u00e9e, tandis que le <strong data-start=\"3283\" data-end=\"3303\">gel douche 50 ml<\/strong> nettoie en douceur et transforme la douche en un moment de plaisir sensoriel.<\/p>\n<p data-start=\"3383\" data-end=\"3606\">Le <strong data-start=\"3386\" data-end=\"3420\">Set Issey Miyake L\u2019Eau d\u2019Issey<\/strong> est un <strong data-start=\"3428\" data-end=\"3455\">cadeau id\u00e9al pour femme<\/strong>, parfait pour un anniversaire, un anniversaire de mariage ou toute occasion sp\u00e9ciale, alliant \u00e9l\u00e9gance, fra\u00eecheur et praticit\u00e9 dans un coffret unique.<\/p>\n<p>&nbsp;<\/p>\n<p>Follow us! <a href=\"https:\/\/www.instagram.com\/freeshopswiss\/\" target=\"_blank\" rel=\"noopener\">@freeshopswiss<\/a><\/p>\n","protected":false},"excerpt":{"rendered":"<p>Le <strong data-start=\"2423\" data-end=\"2457\">Set Issey Miyake L\u2019Eau d\u2019Issey<\/strong> est une \u00e9l\u00e9gante c\u00e9l\u00e9bration de la f\u00e9minit\u00e9 pure et naturelle, parfait pour celles qui aiment les parfums d\u00e9licats, frais et sophistiqu\u00e9s.<\/p>\n","protected":false},"featured_media":38161,"comment_status":"open","ping_status":"closed","template":"","meta":[],"pwb-brand":[439],"product_brand":[],"product_cat":[87,89,484],"product_tag":[464,141,143,97],"class_list":{"0":"post-14929","1":"product","2":"type-product","3":"status-publish","4":"has-post-thumbnail","6":"pwb-brand-issey-miyake","7":"product_cat-parfums","8":"product_cat-pour-lui","9":"product_cat-coffret","10":"product_tag-coffret-homme","11":"product_tag-eau-de-toilette-fr","12":"product_tag-homme","13":"product_tag-parfums","15":"first","16":"instock","17":"sale","18":"taxable","19":"shipping-taxable","20":"purchasable","21":"product-type-simple"},"brands":[{"id":439,"name":"Issey Miyake","slug":"issey-miyake"}],"_links":{"self":[{"href":"https:\/\/www.freeshopfrontiera.ch\/fr\/wp-json\/wp\/v2\/product\/14929","targetHints":{"allow":["GET"]}}],"collection":[{"href":"https:\/\/www.freeshopfrontiera.ch\/fr\/wp-json\/wp\/v2\/product"}],"about":[{"href":"https:\/\/www.freeshopfrontiera.ch\/fr\/wp-json\/wp\/v2\/types\/product"}],"replies":[{"embeddable":true,"href":"https:\/\/www.freeshopfrontiera.ch\/fr\/wp-json\/wp\/v2\/comments?post=14929"}],"version-history":[{"count":7,"href":"https:\/\/www.freeshopfrontiera.ch\/fr\/wp-json\/wp\/v2\/product\/14929\/revisions"}],"predecessor-version":[{"id":38166,"href":"https:\/\/www.freeshopfrontiera.ch\/fr\/wp-json\/wp\/v2\/product\/14929\/revisions\/38166"}],"wp:featuredmedia":[{"embeddable":true,"href":"https:\/\/www.freeshopfrontiera.ch\/fr\/wp-json\/wp\/v2\/media\/38161"}],"wp:attachment":[{"href":"https:\/\/www.freeshopfrontiera.ch\/fr\/wp-json\/wp\/v2\/media?parent=14929"}],"wp:term":[{"taxonomy":"pwb-brand","embeddable":true,"href":"https:\/\/www.freeshopfrontiera.ch\/fr\/wp-json\/wp\/v2\/pwb-brand?post=14929"},{"taxonomy":"product_brand","embeddable":true,"href":"https:\/\/www.freeshopfrontiera.ch\/fr\/wp-json\/wp\/v2\/product_brand?post=14929"},{"taxonomy":"product_cat","embeddable":true,"href":"https:\/\/www.freeshopfrontiera.ch\/fr\/wp-json\/wp\/v2\/product_cat?post=14929"},{"taxonomy":"product_tag","embeddable":true,"href":"https:\/\/www.freeshopfrontiera.ch\/fr\/wp-json\/wp\/v2\/product_tag?post=14929"}],"curies":[{"name":"wp","href":"https:\/\/api.w.org\/{rel}","templated":true}]}}