{"id":15023,"date":"2025-02-20T08:37:18","date_gmt":"2025-02-20T08:37:18","guid":{"rendered":"https:\/\/freeshopswiss.alesca.org\/?post_type=product&#038;p=15023"},"modified":"2026-04-08T16:55:32","modified_gmt":"2026-04-08T16:55:32","slug":"oliente-luna-for-woman-eau-de-parfum-100ml-edp-travel-size-10ml","status":"publish","type":"product","link":"https:\/\/www.freeshopfrontiera.ch\/fr\/shop\/oliente-luna-for-woman-eau-de-parfum-100ml-edp-travel-size-10ml\/","title":{"rendered":"OLIENTE Luna For Woman"},"content":{"rendered":"<p data-start=\"0\" data-end=\"522\">Le <strong data-start=\"3\" data-end=\"47\">set OLIENTE Luna For Woman Eau de Parfum<\/strong> est l\u2019incarnation de l\u2019\u00e9l\u00e9gance et de la sensualit\u00e9, con\u00e7u pour la femme moderne qui cherche \u00e0 exprimer son raffinement \u00e0 travers un parfum unique. Ce coffret complet comprend l\u2019Eau de Parfum de 100 ml, une fragrance sophistiqu\u00e9e et envo\u00fbtante qui combine des notes fra\u00eeches et florales avec un c\u0153ur de bois et de musc. Ce m\u00e9lange subtil cr\u00e9e une exp\u00e9rience olfactive \u00e0 la fois l\u00e9g\u00e8re et profonde, id\u00e9ale pour la femme qui aime laisser une empreinte discr\u00e8te mais m\u00e9morable.<\/p>\n<p data-start=\"524\" data-end=\"1116\">L&rsquo;ouverture du parfum est marqu\u00e9e par des notes fra\u00eeches et a\u00e9riennes de fleurs d\u00e9licates, qui apportent une premi\u00e8re impression de l\u00e9g\u00e8ret\u00e9 et de fra\u00eecheur. \u00c0 mesure que la fragrance se d\u00e9veloppe, elle r\u00e9v\u00e8le un c\u0153ur de bois et de musc, cr\u00e9ant une sensation de chaleur et de confort qui persiste tout au long de la journ\u00e9e.<\/p>\n<p data-start=\"524\" data-end=\"1116\">Cette combinaison harmonieuse rend le parfum \u00e0 la fois sophistiqu\u00e9 et moderne, adapt\u00e9 aussi bien aux occasions formelles qu&rsquo;aux moments plus intimes. Il incarne la femme \u00e9l\u00e9gante, pleine de charme et de myst\u00e8re, capable d\u2019attirer les regards tout en restant discr\u00e8te.<\/p>\n<p data-start=\"1118\" data-end=\"1496\">En plus de l&rsquo;Eau de Parfum de 100 ml, le set inclut \u00e9galement une version voyage de 10 ml, id\u00e9ale pour emporter ce parfum incontournable partout avec vous. Que vous partiez en voyage d&rsquo;affaires, en escapade romantique ou simplement au quotidien, ce format pratique vous permet de profiter de votre fragrance pr\u00e9f\u00e9r\u00e9e \u00e0 tout moment, tout en gardant son luxe \u00e0 port\u00e9e de main.<\/p>\n<p data-start=\"1498\" data-end=\"1906\" data-is-last-node=\"\" data-is-only-node=\"\">Ce set OLIENTE Luna For Woman est donc le cadeau id\u00e9al pour toute femme recherchant un parfum qui allie \u00e9l\u00e9gance, raffinement et sensualit\u00e9. Il est parfait pour toutes les occasions, qu&rsquo;il s&rsquo;agisse d&rsquo;une r\u00e9union d&rsquo;affaires, d&rsquo;une soir\u00e9e romantique ou d&rsquo;un \u00e9v\u00e9nement sp\u00e9cial. Offrir ce set, c&rsquo;est offrir un geste de luxe, de beaut\u00e9 et de sophistication, une invitation \u00e0 se sentir unique et irrempla\u00e7able.<\/p>\n<p>Follow us! <a href=\"https:\/\/www.instagram.com\/freeshopswiss\/\" target=\"_blank\" rel=\"noopener\">@freeshopswiss<\/a><\/p>\n","protected":false},"excerpt":{"rendered":"<p><em><strong>Eau de Parfum<\/strong><\/em><\/p>\n","protected":false},"featured_media":15026,"comment_status":"open","ping_status":"closed","template":"","meta":[],"pwb-brand":[440],"product_brand":[],"product_cat":[138,87,109,484],"product_tag":[459,461,252,296,97],"class_list":{"0":"post-15023","1":"product","2":"type-product","3":"status-publish","4":"has-post-thumbnail","6":"pwb-brand-oliente","7":"product_cat-offre","8":"product_cat-parfums","9":"product_cat-pour-elle","10":"product_cat-coffret","11":"product_tag-coffret","12":"product_tag-coffrets-femme","13":"product_tag-eau-de-parfum-fr","14":"product_tag-femme","15":"product_tag-parfums","17":"first","18":"instock","19":"sale","20":"taxable","21":"shipping-taxable","22":"purchasable","23":"product-type-simple"},"brands":[{"id":440,"name":"Oliente","slug":"oliente"}],"_links":{"self":[{"href":"https:\/\/www.freeshopfrontiera.ch\/fr\/wp-json\/wp\/v2\/product\/15023","targetHints":{"allow":["GET"]}}],"collection":[{"href":"https:\/\/www.freeshopfrontiera.ch\/fr\/wp-json\/wp\/v2\/product"}],"about":[{"href":"https:\/\/www.freeshopfrontiera.ch\/fr\/wp-json\/wp\/v2\/types\/product"}],"replies":[{"embeddable":true,"href":"https:\/\/www.freeshopfrontiera.ch\/fr\/wp-json\/wp\/v2\/comments?post=15023"}],"version-history":[{"count":7,"href":"https:\/\/www.freeshopfrontiera.ch\/fr\/wp-json\/wp\/v2\/product\/15023\/revisions"}],"predecessor-version":[{"id":19401,"href":"https:\/\/www.freeshopfrontiera.ch\/fr\/wp-json\/wp\/v2\/product\/15023\/revisions\/19401"}],"wp:featuredmedia":[{"embeddable":true,"href":"https:\/\/www.freeshopfrontiera.ch\/fr\/wp-json\/wp\/v2\/media\/15026"}],"wp:attachment":[{"href":"https:\/\/www.freeshopfrontiera.ch\/fr\/wp-json\/wp\/v2\/media?parent=15023"}],"wp:term":[{"taxonomy":"pwb-brand","embeddable":true,"href":"https:\/\/www.freeshopfrontiera.ch\/fr\/wp-json\/wp\/v2\/pwb-brand?post=15023"},{"taxonomy":"product_brand","embeddable":true,"href":"https:\/\/www.freeshopfrontiera.ch\/fr\/wp-json\/wp\/v2\/product_brand?post=15023"},{"taxonomy":"product_cat","embeddable":true,"href":"https:\/\/www.freeshopfrontiera.ch\/fr\/wp-json\/wp\/v2\/product_cat?post=15023"},{"taxonomy":"product_tag","embeddable":true,"href":"https:\/\/www.freeshopfrontiera.ch\/fr\/wp-json\/wp\/v2\/product_tag?post=15023"}],"curies":[{"name":"wp","href":"https:\/\/api.w.org\/{rel}","templated":true}]}}