{"id":15038,"date":"2025-02-20T09:01:36","date_gmt":"2025-02-20T09:01:36","guid":{"rendered":"https:\/\/freeshopswiss.alesca.org\/?post_type=product&#038;p=15038"},"modified":"2026-05-11T11:29:16","modified_gmt":"2026-05-11T11:29:16","slug":"oliente-mil-uno-for-man-eau-de-parfum","status":"publish","type":"product","link":"https:\/\/www.freeshopfrontiera.ch\/fr\/shop\/oliente-mil-uno-for-man-eau-de-parfum\/","title":{"rendered":"OLIENTE Mil Uno For Man"},"content":{"rendered":"<p data-start=\"0\" data-end=\"462\">Le <strong data-start=\"3\" data-end=\"48\">set OLIENTE Mil Uno For Man Eau de Parfum<\/strong> est l\u2019essence m\u00eame de la sophistication et de la puissance. Con\u00e7u pour l\u2019homme moderne, d\u00e9termin\u00e9 et \u00e9l\u00e9gant, ce coffret comprend l\u2019Eau de Parfum de 100 ml, une fragrance intense et enveloppante qui s\u00e9duit par son caract\u00e8re affirm\u00e9. L\u2019alliance subtile de notes fra\u00eeches et \u00e9pic\u00e9es en t\u00eate cr\u00e9e une ouverture dynamique, tandis que le c\u0153ur bois\u00e9 et musqu\u00e9 apporte une profondeur myst\u00e9rieuse qui persiste longuement.<\/p>\n<p data-start=\"464\" data-end=\"976\">Ce parfum puissant et captivant laisse une tra\u00een\u00e9e inoubliable, marquant les sens avec une \u00e9l\u00e9gance rare. Sa composition est con\u00e7ue pour l\u2019homme qui souhaite se faire remarquer tout en restant myst\u00e9rieux et raffin\u00e9. Parfait pour un usage quotidien ou pour des occasions sp\u00e9ciales, Mil Uno For Man exprime la force int\u00e9rieure et la confiance de celui qui porte cette fragrance. Elle s\u2019adapte aussi bien \u00e0 une journ\u00e9e de travail que \u00e0 une soir\u00e9e \u00e9l\u00e9gante, renfor\u00e7ant l\u2019impression de sophistication et de style.<\/p>\n<p data-start=\"978\" data-end=\"1310\">Le set inclut \u00e9galement une version pratique de 10 ml en taille voyage, permettant \u00e0 l&rsquo;homme de toujours avoir son parfum pr\u00e9f\u00e9r\u00e9 \u00e0 port\u00e9e de main, que ce soit lors de d\u00e9placements professionnels ou personnels. Ce format compact est parfait pour emporter partout et garantir une touche de raffinement \u00e0 chaque instant de la journ\u00e9e.<\/p>\n<p data-start=\"1312\" data-end=\"1690\" data-is-last-node=\"\" data-is-only-node=\"\">Le set OLIENTE Mil Uno For Man est un choix parfait pour toutes les occasions o\u00f9 l&rsquo;\u00e9l\u00e9gance et la force sont de mise. Il constitue un cadeau id\u00e9al pour l&rsquo;homme qui se distingue par son style unique et qui appr\u00e9cie les fragrances de caract\u00e8re. \u00c9l\u00e9gant, puissant et pratique, ce set est un hommage \u00e0 la masculinit\u00e9 moderne, alliant luxe et fonctionnalit\u00e9 dans un seul coffret.<\/p>\n<p>Follow us! <a href=\"https:\/\/www.instagram.com\/freeshopswiss\/\" target=\"_blank\" rel=\"noopener\">@freeshopswiss<\/a><\/p>\n","protected":false},"excerpt":{"rendered":"<p><em><strong>Eau de Parfum<\/strong><\/em><\/p>\n","protected":false},"featured_media":15042,"comment_status":"open","ping_status":"closed","template":"","meta":[],"pwb-brand":[440],"product_brand":[],"product_cat":[138,87,89,484],"product_tag":[464,252,1629,278,97],"class_list":{"0":"post-15038","1":"product","2":"type-product","3":"status-publish","4":"has-post-thumbnail","6":"pwb-brand-oliente","7":"product_cat-offre","8":"product_cat-parfums","9":"product_cat-pour-lui","10":"product_cat-coffret","11":"product_tag-coffret-homme","12":"product_tag-eau-de-parfum-fr","13":"product_tag-mens-fragrances-fr","14":"product_tag-offre","15":"product_tag-parfums","17":"first","18":"instock","19":"sale","20":"taxable","21":"shipping-taxable","22":"purchasable","23":"product-type-simple"},"brands":[{"id":440,"name":"Oliente","slug":"oliente"}],"_links":{"self":[{"href":"https:\/\/www.freeshopfrontiera.ch\/fr\/wp-json\/wp\/v2\/product\/15038","targetHints":{"allow":["GET"]}}],"collection":[{"href":"https:\/\/www.freeshopfrontiera.ch\/fr\/wp-json\/wp\/v2\/product"}],"about":[{"href":"https:\/\/www.freeshopfrontiera.ch\/fr\/wp-json\/wp\/v2\/types\/product"}],"replies":[{"embeddable":true,"href":"https:\/\/www.freeshopfrontiera.ch\/fr\/wp-json\/wp\/v2\/comments?post=15038"}],"version-history":[{"count":5,"href":"https:\/\/www.freeshopfrontiera.ch\/fr\/wp-json\/wp\/v2\/product\/15038\/revisions"}],"predecessor-version":[{"id":19400,"href":"https:\/\/www.freeshopfrontiera.ch\/fr\/wp-json\/wp\/v2\/product\/15038\/revisions\/19400"}],"wp:featuredmedia":[{"embeddable":true,"href":"https:\/\/www.freeshopfrontiera.ch\/fr\/wp-json\/wp\/v2\/media\/15042"}],"wp:attachment":[{"href":"https:\/\/www.freeshopfrontiera.ch\/fr\/wp-json\/wp\/v2\/media?parent=15038"}],"wp:term":[{"taxonomy":"pwb-brand","embeddable":true,"href":"https:\/\/www.freeshopfrontiera.ch\/fr\/wp-json\/wp\/v2\/pwb-brand?post=15038"},{"taxonomy":"product_brand","embeddable":true,"href":"https:\/\/www.freeshopfrontiera.ch\/fr\/wp-json\/wp\/v2\/product_brand?post=15038"},{"taxonomy":"product_cat","embeddable":true,"href":"https:\/\/www.freeshopfrontiera.ch\/fr\/wp-json\/wp\/v2\/product_cat?post=15038"},{"taxonomy":"product_tag","embeddable":true,"href":"https:\/\/www.freeshopfrontiera.ch\/fr\/wp-json\/wp\/v2\/product_tag?post=15038"}],"curies":[{"name":"wp","href":"https:\/\/api.w.org\/{rel}","templated":true}]}}