{"id":15068,"date":"2025-02-20T09:42:35","date_gmt":"2025-02-20T09:42:35","guid":{"rendered":"https:\/\/freeshopswiss.alesca.org\/?post_type=product&#038;p=15068"},"modified":"2025-12-26T00:00:45","modified_gmt":"2025-12-26T00:00:45","slug":"jp-gaultier-set-scandal-pour-homme-eau-de-toilette","status":"publish","type":"product","link":"https:\/\/www.freeshopfrontiera.ch\/fr\/shop\/jp-gaultier-set-scandal-pour-homme-eau-de-toilette\/","title":{"rendered":"JEAN PAUL GAULTIER SET Scandal pour Homme"},"content":{"rendered":"<p data-start=\"0\" data-end=\"449\">Le <strong data-start=\"3\" data-end=\"41\">Set JP GAULTIER SCANDAL POUR HOMME<\/strong> est le cadeau parfait pour l\u2019homme audacieux, charismatique et s\u00fbr de lui. Ce coffret, qui comprend un flacon d&rsquo;Eau de Toilette de 100ml et un Gel Douche de 75ml, incarne l\u2019intensit\u00e9, la sensualit\u00e9 et la puissance masculine \u00e0 travers une fragrance qui ne passe pas inaper\u00e7ue. Con\u00e7u pour ceux qui aiment faire une d\u00e9claration olfactive forte, ce set est une v\u00e9ritable invitation \u00e0 l\u2019audace et au raffinement.<\/p>\n<p data-start=\"451\" data-end=\"961\">La fragrance Scandal pour Homme se distingue par un m\u00e9lange envo\u00fbtant de notes fra\u00eeches et bois\u00e9es, offrant un parfait \u00e9quilibre entre dynamisme et profondeur. Les notes de t\u00eate, fra\u00eeches et l\u00e9g\u00e8res, apportent une sensation de vivacit\u00e9, tandis que le c\u0153ur bois\u00e9 et \u00e9pic\u00e9 de la fragrance r\u00e9v\u00e8le un c\u00f4t\u00e9 plus intense et masculin. Le parfum est \u00e0 la fois affirm\u00e9 et sensuel, id\u00e9al pour marquer sa pr\u00e9sence lors de toutes les occasions, que ce soit pour une journ\u00e9e de travail ou pour un \u00e9v\u00e9nement plus formel.<\/p>\n<p data-start=\"963\" data-end=\"1372\">Le Gel Douche 75ml, avec sa formule douce et d\u00e9licate, compl\u00e8te parfaitement l\u2019exp\u00e9rience olfactive. Il nettoie la peau en douceur tout en diffusant les premi\u00e8res notes du parfum Scandal pour Homme, intensifiant ainsi la sensation de fra\u00eecheur et de luxe d\u00e8s la douche. Ce gel douche est non seulement un soin pour la peau, mais \u00e9galement un moyen de prolonger la fragrance tout au long de la journ\u00e9e.<\/p>\n<p data-start=\"1374\" data-end=\"1721\" data-is-last-node=\"\" data-is-only-node=\"\"><strong data-start=\"3\" data-end=\"41\">Set JP GAULTIER<\/strong> allie \u00e9l\u00e9gance et raffinement dans un seul produit, et est con\u00e7u pour ceux qui aiment laisser une empreinte ind\u00e9l\u00e9bile \u00e0 chaque occasion. Avec Scandal pour Homme, vous optez pour un parfum audacieux et sophistiqu\u00e9, qui saura accompagner l&rsquo;homme moderne dans toutes ses aventures, tout en offrant une exp\u00e9rience sensorielle incomparable.<\/p>\n<p>Follow us! <a href=\"https:\/\/www.instagram.com\/freeshopswiss\/\" target=\"_blank\" rel=\"noopener\">@freeshopswiss<\/a><\/p>\n","protected":false},"excerpt":{"rendered":"<p><em><strong>Eau de Parfum<\/strong><\/em><\/p>\n","protected":false},"featured_media":39776,"comment_status":"open","ping_status":"closed","template":"","meta":[],"pwb-brand":[373],"product_brand":[],"product_cat":[138,87,89,484,4192],"product_tag":[459,464,252,278,97],"class_list":{"0":"post-15068","1":"product","2":"type-product","3":"status-publish","4":"has-post-thumbnail","6":"pwb-brand-jean-paul-gaultier","7":"product_cat-offre","8":"product_cat-parfums","9":"product_cat-pour-lui","10":"product_cat-coffret","11":"product_cat-offers-coffret","12":"product_tag-coffret","13":"product_tag-coffret-homme","14":"product_tag-eau-de-parfum-fr","15":"product_tag-offre","16":"product_tag-parfums","18":"first","19":"instock","20":"sale","21":"taxable","22":"shipping-taxable","23":"purchasable","24":"product-type-simple"},"brands":[{"id":373,"name":"Jean Paul Gaultier","slug":"jean-paul-gaultier"}],"_links":{"self":[{"href":"https:\/\/www.freeshopfrontiera.ch\/fr\/wp-json\/wp\/v2\/product\/15068","targetHints":{"allow":["GET"]}}],"collection":[{"href":"https:\/\/www.freeshopfrontiera.ch\/fr\/wp-json\/wp\/v2\/product"}],"about":[{"href":"https:\/\/www.freeshopfrontiera.ch\/fr\/wp-json\/wp\/v2\/types\/product"}],"replies":[{"embeddable":true,"href":"https:\/\/www.freeshopfrontiera.ch\/fr\/wp-json\/wp\/v2\/comments?post=15068"}],"version-history":[{"count":6,"href":"https:\/\/www.freeshopfrontiera.ch\/fr\/wp-json\/wp\/v2\/product\/15068\/revisions"}],"predecessor-version":[{"id":27873,"href":"https:\/\/www.freeshopfrontiera.ch\/fr\/wp-json\/wp\/v2\/product\/15068\/revisions\/27873"}],"wp:featuredmedia":[{"embeddable":true,"href":"https:\/\/www.freeshopfrontiera.ch\/fr\/wp-json\/wp\/v2\/media\/39776"}],"wp:attachment":[{"href":"https:\/\/www.freeshopfrontiera.ch\/fr\/wp-json\/wp\/v2\/media?parent=15068"}],"wp:term":[{"taxonomy":"pwb-brand","embeddable":true,"href":"https:\/\/www.freeshopfrontiera.ch\/fr\/wp-json\/wp\/v2\/pwb-brand?post=15068"},{"taxonomy":"product_brand","embeddable":true,"href":"https:\/\/www.freeshopfrontiera.ch\/fr\/wp-json\/wp\/v2\/product_brand?post=15068"},{"taxonomy":"product_cat","embeddable":true,"href":"https:\/\/www.freeshopfrontiera.ch\/fr\/wp-json\/wp\/v2\/product_cat?post=15068"},{"taxonomy":"product_tag","embeddable":true,"href":"https:\/\/www.freeshopfrontiera.ch\/fr\/wp-json\/wp\/v2\/product_tag?post=15068"}],"curies":[{"name":"wp","href":"https:\/\/api.w.org\/{rel}","templated":true}]}}