{"id":15091,"date":"2025-02-20T10:27:32","date_gmt":"2025-02-20T10:27:32","guid":{"rendered":"https:\/\/freeshopswiss.alesca.org\/?post_type=product&#038;p=15091"},"modified":"2025-12-26T00:01:02","modified_gmt":"2025-12-26T00:01:02","slug":"rabanne-set-invictus-eau-de-toilette-100ml-shower-gel-100ml","status":"publish","type":"product","link":"https:\/\/www.freeshopfrontiera.ch\/fr\/shop\/rabanne-set-invictus-eau-de-toilette-100ml-shower-gel-100ml\/","title":{"rendered":"RABANNE SET Invictus"},"content":{"rendered":"<h3 data-start=\"2028\" data-end=\"2108\"><strong data-start=\"2032\" data-end=\"2108\">Rabanne \u2013 Set Invictus (Eau de Toilette 100 ml + D\u00e9odorant Spray 150 ml)<\/strong><\/h3>\n<p data-start=\"2110\" data-end=\"2267\">Le set <strong data-start=\"2117\" data-end=\"2129\">Invictus<\/strong> de Rabanne incarne la force, l\u2019\u00e9nergie et la victoire. Un parfum frais et puissant, id\u00e9al pour l\u2019homme dynamique qui aime se d\u00e9marquer.<\/p>\n<p data-start=\"2269\" data-end=\"2292\"><strong data-start=\"2269\" data-end=\"2290\">Le set contient :<\/strong><\/p>\n<p data-start=\"2294\" data-end=\"2578\"><strong data-start=\"2294\" data-end=\"2331\">\u2022 Invictus Eau de Toilette 100 ml<\/strong><br data-start=\"2331\" data-end=\"2334\" \/>Un parfum frappant avec une ouverture fra\u00eeche de pamplemousse et de notes marines. Le c\u0153ur aromatique associe feuille de laurier et jasmin, tandis que la base chaude et vigoureuse de bois ambr\u00e9s et de patchouli laisse un sillage irr\u00e9sistible.<\/p>\n<p data-start=\"2580\" data-end=\"2759\"><strong data-start=\"2580\" data-end=\"2608\">\u2022 D\u00e9odorant Spray 150 ml<\/strong><br data-start=\"2608\" data-end=\"2611\" \/>Un spray d\u00e9odorant parfum\u00e9 qui offre une fra\u00eecheur durable et compl\u00e8te le rituel Invictus pour une sensation d\u2019\u00e9nergie tout au long de la journ\u00e9e.<\/p>\n<p>Follow us! <a href=\"https:\/\/www.instagram.com\/freeshopswiss\/\" target=\"_blank\" rel=\"noopener\">@freeshopswiss<\/a><\/p>\n","protected":false},"excerpt":{"rendered":"<p>Le set <strong data-start=\"2117\" data-end=\"2129\">Invictus<\/strong> de Rabanne incarne la force, l\u2019\u00e9nergie et la victoire. Un parfum frais et puissant, id\u00e9al pour l\u2019homme dynamique qui aime se d\u00e9marquer.<\/p>\n","protected":false},"featured_media":37755,"comment_status":"open","ping_status":"closed","template":"","meta":[],"pwb-brand":[378],"product_brand":[],"product_cat":[87,89,484,4192],"product_tag":[464,141,1629,97],"class_list":{"0":"post-15091","1":"product","2":"type-product","3":"status-publish","4":"has-post-thumbnail","6":"pwb-brand-rabanne","7":"product_cat-parfums","8":"product_cat-pour-lui","9":"product_cat-coffret","10":"product_cat-offers-coffret","11":"product_tag-coffret-homme","12":"product_tag-eau-de-toilette-fr","13":"product_tag-mens-fragrances-fr","14":"product_tag-parfums","16":"first","17":"instock","18":"sale","19":"taxable","20":"shipping-taxable","21":"purchasable","22":"product-type-simple"},"brands":[{"id":378,"name":"Rabanne","slug":"rabanne"}],"_links":{"self":[{"href":"https:\/\/www.freeshopfrontiera.ch\/fr\/wp-json\/wp\/v2\/product\/15091","targetHints":{"allow":["GET"]}}],"collection":[{"href":"https:\/\/www.freeshopfrontiera.ch\/fr\/wp-json\/wp\/v2\/product"}],"about":[{"href":"https:\/\/www.freeshopfrontiera.ch\/fr\/wp-json\/wp\/v2\/types\/product"}],"replies":[{"embeddable":true,"href":"https:\/\/www.freeshopfrontiera.ch\/fr\/wp-json\/wp\/v2\/comments?post=15091"}],"version-history":[{"count":7,"href":"https:\/\/www.freeshopfrontiera.ch\/fr\/wp-json\/wp\/v2\/product\/15091\/revisions"}],"predecessor-version":[{"id":37766,"href":"https:\/\/www.freeshopfrontiera.ch\/fr\/wp-json\/wp\/v2\/product\/15091\/revisions\/37766"}],"wp:featuredmedia":[{"embeddable":true,"href":"https:\/\/www.freeshopfrontiera.ch\/fr\/wp-json\/wp\/v2\/media\/37755"}],"wp:attachment":[{"href":"https:\/\/www.freeshopfrontiera.ch\/fr\/wp-json\/wp\/v2\/media?parent=15091"}],"wp:term":[{"taxonomy":"pwb-brand","embeddable":true,"href":"https:\/\/www.freeshopfrontiera.ch\/fr\/wp-json\/wp\/v2\/pwb-brand?post=15091"},{"taxonomy":"product_brand","embeddable":true,"href":"https:\/\/www.freeshopfrontiera.ch\/fr\/wp-json\/wp\/v2\/product_brand?post=15091"},{"taxonomy":"product_cat","embeddable":true,"href":"https:\/\/www.freeshopfrontiera.ch\/fr\/wp-json\/wp\/v2\/product_cat?post=15091"},{"taxonomy":"product_tag","embeddable":true,"href":"https:\/\/www.freeshopfrontiera.ch\/fr\/wp-json\/wp\/v2\/product_tag?post=15091"}],"curies":[{"name":"wp","href":"https:\/\/api.w.org\/{rel}","templated":true}]}}