{"id":15114,"date":"2025-02-20T11:01:56","date_gmt":"2025-02-20T11:01:56","guid":{"rendered":"https:\/\/freeshopswiss.alesca.org\/?post_type=product&#038;p=15114"},"modified":"2025-12-26T00:00:44","modified_gmt":"2025-12-26T00:00:44","slug":"jp-gaultier-set-le-male-eau-de-toilette","status":"publish","type":"product","link":"https:\/\/www.freeshopfrontiera.ch\/fr\/shop\/jp-gaultier-set-le-male-eau-de-toilette\/","title":{"rendered":"JEAN PAUL GAULTIER SET Le Male"},"content":{"rendered":"<p data-start=\"0\" data-end=\"502\">Le <strong data-start=\"3\" data-end=\"75\">set JEAN PAUL GAULTIER Le Male Eau de Toilette Vapo 125ml + Gel Douche 75ml<\/strong> est le cadeau id\u00e9al pour l\u2019homme audacieux, s\u00fbr de lui et \u00e0 la recherche d\u2019une fragrance intemporelle. Ce coffret met en avant l\u2019embl\u00e9matique parfum Le Male, qui incarne la sensualit\u00e9 et la force masculine \u00e0 travers une composition envo\u00fbtante et un flacon au design unique, inspir\u00e9 d\u2019un uniforme de marin. Avec son allure \u00e0 la fois moderne et \u00e9l\u00e9gante, ce parfum est un v\u00e9ritable classique qui s\u00e9duit \u00e0 chaque utilisation.<\/p>\n<p data-start=\"504\" data-end=\"1003\">Le Male Eau de Toilette se distingue par un \u00e9quilibre parfait entre fra\u00eecheur et intensit\u00e9. Les notes de t\u00eate de menthe fra\u00eeche apportent une ouverture vivifiante et \u00e9nergique, tandis que la lavande, embl\u00e9matique de la masculinit\u00e9, conf\u00e8re un c\u00f4t\u00e9 apaisant et aromatique. Le parfum se d\u00e9veloppe ensuite sur une base chaleureuse de vanille, qui lui donne une dimension sensuelle et enveloppante. Cette composition complexe et captivante refl\u00e8te l\u2019esprit d\u2019un homme fort, charismatique et \u00e9l\u00e9gant.<\/p>\n<p data-start=\"1005\" data-end=\"1426\">Le Gel Douche 75ml, avec sa formule douce et d\u00e9licate, compl\u00e8te \u00e0 merveille l\u2019exp\u00e9rience olfactive en laissant la peau fra\u00eeche et agr\u00e9able au toucher. Il nettoie en douceur tout en diffusant les premi\u00e8res notes du parfum Le Male, cr\u00e9ant ainsi une harmonie parfaite entre les produits. Ce gel douche est non seulement un soin pour la peau, mais aussi un moyen d\u2019intensifier la fragrance tout au long de la journ\u00e9e.<\/p>\n<p data-start=\"1428\" data-end=\"1837\" data-is-last-node=\"\" data-is-only-node=\"\">Ce set est \u00e0 la fois \u00e9l\u00e9gant et pratique, id\u00e9al pour la routine quotidienne. Il permet de prolonger l\u2019exp\u00e9rience Le Male d\u00e8s le matin et de profiter d\u2019une fra\u00eecheur durable tout au long de la journ\u00e9e. Parfait pour les hommes qui recherchent un parfum \u00e0 la fois frais, \u00e9pic\u00e9 et sensuel, ce coffret repr\u00e9sente le luxe et la simplicit\u00e9 r\u00e9unis, faisant de lui un choix parfait pour offrir ou se faire plaisir.<\/p>\n<p>Follow us! <a href=\"https:\/\/www.instagram.com\/freeshopswiss\/\" target=\"_blank\" rel=\"noopener\">@freeshopswiss<\/a><\/p>\n","protected":false},"excerpt":{"rendered":"<p><em><strong>Eau de Toilette<\/strong><\/em><\/p>\n","protected":false},"featured_media":36451,"comment_status":"open","ping_status":"closed","template":"","meta":[],"pwb-brand":[373],"product_brand":[],"product_cat":[138,87,89,484,4192],"product_tag":[464,252,488,278,97,4367],"class_list":{"0":"post-15114","1":"product","2":"type-product","3":"status-publish","4":"has-post-thumbnail","6":"pwb-brand-jean-paul-gaultier","7":"product_cat-offre","8":"product_cat-parfums","9":"product_cat-pour-lui","10":"product_cat-coffret","11":"product_cat-offers-coffret","12":"product_tag-coffret-homme","13":"product_tag-eau-de-parfum-fr","14":"product_tag-nouveautes-fr","15":"product_tag-offre","16":"product_tag-parfums","17":"product_tag-special-printemps","19":"first","20":"instock","21":"sale","22":"taxable","23":"shipping-taxable","24":"purchasable","25":"product-type-simple"},"brands":[{"id":373,"name":"Jean Paul Gaultier","slug":"jean-paul-gaultier"}],"_links":{"self":[{"href":"https:\/\/www.freeshopfrontiera.ch\/fr\/wp-json\/wp\/v2\/product\/15114","targetHints":{"allow":["GET"]}}],"collection":[{"href":"https:\/\/www.freeshopfrontiera.ch\/fr\/wp-json\/wp\/v2\/product"}],"about":[{"href":"https:\/\/www.freeshopfrontiera.ch\/fr\/wp-json\/wp\/v2\/types\/product"}],"replies":[{"embeddable":true,"href":"https:\/\/www.freeshopfrontiera.ch\/fr\/wp-json\/wp\/v2\/comments?post=15114"}],"version-history":[{"count":6,"href":"https:\/\/www.freeshopfrontiera.ch\/fr\/wp-json\/wp\/v2\/product\/15114\/revisions"}],"predecessor-version":[{"id":15127,"href":"https:\/\/www.freeshopfrontiera.ch\/fr\/wp-json\/wp\/v2\/product\/15114\/revisions\/15127"}],"wp:featuredmedia":[{"embeddable":true,"href":"https:\/\/www.freeshopfrontiera.ch\/fr\/wp-json\/wp\/v2\/media\/36451"}],"wp:attachment":[{"href":"https:\/\/www.freeshopfrontiera.ch\/fr\/wp-json\/wp\/v2\/media?parent=15114"}],"wp:term":[{"taxonomy":"pwb-brand","embeddable":true,"href":"https:\/\/www.freeshopfrontiera.ch\/fr\/wp-json\/wp\/v2\/pwb-brand?post=15114"},{"taxonomy":"product_brand","embeddable":true,"href":"https:\/\/www.freeshopfrontiera.ch\/fr\/wp-json\/wp\/v2\/product_brand?post=15114"},{"taxonomy":"product_cat","embeddable":true,"href":"https:\/\/www.freeshopfrontiera.ch\/fr\/wp-json\/wp\/v2\/product_cat?post=15114"},{"taxonomy":"product_tag","embeddable":true,"href":"https:\/\/www.freeshopfrontiera.ch\/fr\/wp-json\/wp\/v2\/product_tag?post=15114"}],"curies":[{"name":"wp","href":"https:\/\/api.w.org\/{rel}","templated":true}]}}