{"id":15134,"date":"2025-02-20T11:27:08","date_gmt":"2025-02-20T11:27:08","guid":{"rendered":"https:\/\/freeshopswiss.alesca.org\/?post_type=product&#038;p=15134"},"modified":"2025-03-17T17:00:42","modified_gmt":"2025-03-17T17:00:42","slug":"calvin-klein-set-ck-one-eau-de-toilette-50ml-100ml","status":"publish","type":"product","link":"https:\/\/www.freeshopfrontiera.ch\/fr\/shop\/calvin-klein-set-ck-one-eau-de-toilette-50ml-100ml\/","title":{"rendered":"CALVIN KLEIN SET CK One"},"content":{"rendered":"<p data-start=\"0\" data-end=\"392\">Le set <strong data-start=\"7\" data-end=\"76\">CALVIN KLEIN CK One Eau de Toilette 50ml + Hair &amp; Body Wash 100ml<\/strong> est une proposition parfaite pour ceux qui recherchent une fragrance fra\u00eeche, polyvalente et moderne, id\u00e9ale pour un usage quotidien. Ce coffret inclut un parfum unisexe embl\u00e9matique qui incarne l\u2019essence m\u00eame de la libert\u00e9 et de la fra\u00eecheur, offrant une exp\u00e9rience olfactive unique adapt\u00e9e \u00e0 toutes les occasions.<\/p>\n<p data-start=\"394\" data-end=\"767\">CK One se distingue par un m\u00e9lange \u00e9quilibr\u00e9 de notes d&rsquo;agrumes vives, de senteurs vertes et bois\u00e9es, cr\u00e9ant une fragrance l\u00e9g\u00e8re, rafra\u00eechissante et \u00e9nergisante. Cette combinaison dynamique \u00e9voque une sensation de bien-\u00eatre et de libert\u00e9, id\u00e9ale pour une utilisation quotidienne, que ce soit pour une journ\u00e9e au bureau, une sortie d\u00e9contract\u00e9e ou un moment de d\u00e9tente.<\/p>\n<p data-start=\"769\" data-end=\"1328\">Le flacon de 50ml est pratique et compact, parfait pour l\u2019emporter partout, que ce soit en voyage ou dans votre sac quotidien. Il permet de b\u00e9n\u00e9ficier de cette signature olfactive intemporelle tout au long de la journ\u00e9e. Le Hair &amp; Body Wash de 100ml est un produit polyvalent qui, gr\u00e2ce \u00e0 sa formule douce, prend soin de votre peau tout en l&rsquo;enveloppant de la m\u00eame fragrance l\u00e9g\u00e8re et rafra\u00eechissante. Il laisse la peau douce, la nettoie en profondeur et offre aux cheveux une sensation de l\u00e9g\u00e8ret\u00e9 et de fra\u00eecheur, tout en diffusant un parfum subtil.<\/p>\n<p data-start=\"1330\" data-end=\"1638\" data-is-last-node=\"\" data-is-only-node=\"\">Ce set est con\u00e7u pour une personne dynamique, moderne et active, qui appr\u00e9cie la simplicit\u00e9 \u00e9l\u00e9gante d\u2019une fragrance unisexe. Avec CK One, vous optez pour un parfum frais, l\u00e9ger, et adapt\u00e9 \u00e0 un style de vie contemporain, o\u00f9 chaque moment est marqu\u00e9 par une touche de fra\u00eecheur et d&rsquo;\u00e9l\u00e9gance intemporelle.<\/p>\n<p>Follow us! <a href=\"https:\/\/www.instagram.com\/freeshopswiss\/\" target=\"_blank\" rel=\"noopener\">@freeshopswiss<\/a><\/p>\n","protected":false},"excerpt":{"rendered":"<p><em><strong>Eau de Toilette<\/strong><\/em><\/p>\n","protected":false},"featured_media":15137,"comment_status":"open","ping_status":"closed","template":"","meta":[],"pwb-brand":[181],"product_brand":[],"product_cat":[87,89,484],"product_tag":[464,141,143,97],"class_list":{"0":"post-15134","1":"product","2":"type-product","3":"status-publish","4":"has-post-thumbnail","6":"pwb-brand-calvin-klein","7":"product_cat-parfums","8":"product_cat-pour-lui","9":"product_cat-coffret","10":"product_tag-coffret-homme","11":"product_tag-eau-de-toilette-fr","12":"product_tag-homme","13":"product_tag-parfums","15":"first","16":"outofstock","17":"sale","18":"taxable","19":"shipping-taxable","20":"purchasable","21":"product-type-simple"},"brands":[{"id":181,"name":"Calvin Klein","slug":"calvin-klein"}],"_links":{"self":[{"href":"https:\/\/www.freeshopfrontiera.ch\/fr\/wp-json\/wp\/v2\/product\/15134","targetHints":{"allow":["GET"]}}],"collection":[{"href":"https:\/\/www.freeshopfrontiera.ch\/fr\/wp-json\/wp\/v2\/product"}],"about":[{"href":"https:\/\/www.freeshopfrontiera.ch\/fr\/wp-json\/wp\/v2\/types\/product"}],"replies":[{"embeddable":true,"href":"https:\/\/www.freeshopfrontiera.ch\/fr\/wp-json\/wp\/v2\/comments?post=15134"}],"version-history":[{"count":5,"href":"https:\/\/www.freeshopfrontiera.ch\/fr\/wp-json\/wp\/v2\/product\/15134\/revisions"}],"predecessor-version":[{"id":19396,"href":"https:\/\/www.freeshopfrontiera.ch\/fr\/wp-json\/wp\/v2\/product\/15134\/revisions\/19396"}],"wp:featuredmedia":[{"embeddable":true,"href":"https:\/\/www.freeshopfrontiera.ch\/fr\/wp-json\/wp\/v2\/media\/15137"}],"wp:attachment":[{"href":"https:\/\/www.freeshopfrontiera.ch\/fr\/wp-json\/wp\/v2\/media?parent=15134"}],"wp:term":[{"taxonomy":"pwb-brand","embeddable":true,"href":"https:\/\/www.freeshopfrontiera.ch\/fr\/wp-json\/wp\/v2\/pwb-brand?post=15134"},{"taxonomy":"product_brand","embeddable":true,"href":"https:\/\/www.freeshopfrontiera.ch\/fr\/wp-json\/wp\/v2\/product_brand?post=15134"},{"taxonomy":"product_cat","embeddable":true,"href":"https:\/\/www.freeshopfrontiera.ch\/fr\/wp-json\/wp\/v2\/product_cat?post=15134"},{"taxonomy":"product_tag","embeddable":true,"href":"https:\/\/www.freeshopfrontiera.ch\/fr\/wp-json\/wp\/v2\/product_tag?post=15134"}],"curies":[{"name":"wp","href":"https:\/\/api.w.org\/{rel}","templated":true}]}}